{"id":16831,"date":"2020-04-29T11:51:08","date_gmt":"2020-04-29T09:51:08","guid":{"rendered":"https:\/\/at3w.com\/?page_id=16831"},"modified":"2023-04-24T11:12:04","modified_gmt":"2023-04-24T09:12:04","slug":"privacy-policy","status":"publish","type":"page","link":"https:\/\/at3w.com\/en\/privacy-policy\/","title":{"rendered":"Privacy Policy"},"content":{"rendered":"<p>[vc_row bg_type=&#8221;image&#8221; parallax_style=&#8221;vcpb-default&#8221; bg_image_new=&#8221;id^39705|url^https:\/\/at3w.com\/wp-content\/uploads\/fondo.jpg|caption^null|alt^null|title^fondo|description^null&#8221; bg_image_repeat=&#8221;no-repeat&#8221; bg_override=&#8221;ex-full&#8221;][vc_column]<div class=\"ult-spacer spacer-69dccd72d62f7\" data-id=\"69dccd72d62f7\" data-height=\"400\" data-height-mobile=\"400\" data-height-tab=\"400\" data-height-tab-portrait=\"\" data-height-mobile-landscape=\"\" style=\"clear:both;display:block;\"><\/div>[\/vc_column][\/vc_row][vc_row el_class=&#8221;container col-centered&#8221;][vc_column][vc_column_text el_class=&#8221;titulo-18&#8243;]<\/p>\n<h2 class=\"title left\">Privacy Policy<\/h2>\n<p>[\/vc_column_text][vc_column_text el_class=&#8221;description&#8221;]<u><strong>Controller identification<\/strong><\/u><\/p>\n<p>The data provided by the User will be processed by APLICACIONES TECNOL\u00d3GICAS, with registered office in Calle Nicol\u00e1s Cop\u00e9rnico, 4 and tax ID number A-46309688 (from now on the \u201cController\u201d). You can contact the Controller via our e-mail address\u00a0<a href=\"mailto:lopd@at3w.com\">lopd@at3w.com<\/a>\u00a0or telephone number: 96 131 82 50.<\/p>\n<p><u><strong>Purposes<\/strong><\/u><\/p>\n<p>When the users provide us with their personal data on the \u201ccontact\u201d form, the purpose is to manage and answer the inquiries and requests that the users make via this form. To that end, we will store the data the time needed to manage and answer the inquiries and requests of the user.<\/p>\n<p>When the users provide us with their personal data on the \u201cblog comments\u201d form, the purpose is to manage the publication of a comment or opinion in our website&#8217;s blog. To that end, we will store the data the time needed to manage the publication in our blog.<\/p>\n<p>We also inform the users that their personal data shall not be placed under automatized decisions or be used for profiling.<\/p>\n<p><u><strong>Legitimation<\/strong><\/u><\/p>\n<p>The legal basis that allows Aplicaciones Tecnol\u00f3gicas to process the users&#8217; personal data is the own consent of the users. They voluntarily consent, on the established forms, the collection and process of the personal data that they have provided us, for the abovementioned purposes.<\/p>\n<p>The users are not obligated to provide their personal data, but in case they do not provide them, it will not be possible to carry out the requested service by the users, such as managing the inquiries or requests or publishing their comment in our Blog.<\/p>\n<p>We inform you that you can withdraw the consent at any time, and it will not affect the lawfulness of the processing previously performed by the Controller.<\/p>\n<p>We also offer details about the purposes of the treatments that the Responsible carries out through the website www.at3w.com; This is without prejudice to submit the corresponding information before collecting the data through the relevant form \/ s:<\/p>\n<p>1. Manage the participation of the interested party in the selection processes of the Responsible for which his profile could be of interest.<\/p>\n<p>1.1. Conservation term: two (2) years.<\/p>\n<p>1.2. Legal basis: Consent of the interested party.<\/p>\n<p>2. Respond to the questions that the interested party sends to the Responsible.<\/p>\n<p>2.1. Term of conservation: The data will be preserved until the question posed by the interested party is resolved.<\/p>\n<p>2.2. Legal basis: Consent of the interested party.<\/p>\n<p>3. Manage the subscription of the interested to our newsletter and other commercial information.<\/p>\n<p>3.1. Term of conservation: The personal data provided will be conserved, as long as the deletion is not requested by the interested party.<\/p>\n<p>3.2. Legal basis: Consent of the interested party.<\/p>\n<p>4. Manage the participation of the interested party in the training courses offered by the Responsible.<\/p>\n<p>We inform you that you can withdraw the consent given at any time, without affecting the legality of the treatment carried out previously by the Responsible.<\/p>\n<p><u><strong>Addressees<\/strong><\/u><\/p>\n<p>The responsible hires the services of third parties in order to offer their services. To be more specific, the responsible has subscribed some agreements with the following service providers:<\/p>\n<ul>\n<li>Aidimme, Metalworking Technological Institute, Furniture, Wood, Packing and Allied. C \/ Benjam\u00edn Franklin 13, 46980 Paterna Valencia, as an email provider.<\/li>\n<li>Aidimme, Metalworking Technological Institute, Furniture, Wood, Packing and Allied. C \/ Benjam\u00edn Franklin 13, 46980 Paterna Valencia, as a web hosting provider.<\/li>\n<\/ul>\n<p>The Controller does not foresee to transfer or communicate data to third parties. In case it were necessary to transfer or communicate personal data, to manage the inquiry or request that have been sent to us on our contact form, the persons concerned will be informed and their consent will be requested.<\/p>\n<p>The Controller does not foresee either to make international transfers of personal data provided by our users.<\/p>\n<p><u><strong>Rights<\/strong><\/u><\/p>\n<p>We inform the users that have provided their personal data that they are entitled for the following rights:<\/p>\n<ol>\n<li>Right to access<\/li>\n<li>Right to rectify o decline the access<\/li>\n<li>Right to limit the treatment<\/li>\n<li>Portability right<\/li>\n<li>Opposition right<\/li>\n<li>Right to decline the consent<\/li>\n<\/ol>\n<p>The users will be able to withdraw the consent for the processing of their personal data at any moment, as well as to make a claim before the Spanish Data Protection Agency in the case they consider that their rights have been violated or not properly secured. We provide the following link, where you will find more information about this matter\u00a0<a href=\"https:\/\/sedeagpd.gob.es\/sede-electronica-web\/vistas\/formSpam\/spamDenuncia.jsf;jsessionid=837AC8ABF0CF6B61F1D643E842093EB9\">https:\/\/sedeagpd.gob.es\/sede-electronica-web\/vistas\/formSpam\/spamDenuncia.jsf;jsessionid=837AC8ABF0CF6B61F1D643E842093EB9<\/a><\/p>\n<p>The abovementioned rights will be effectively exercised after sending an e-mail to\u00a0<a href=\"mailto:lopd@at3w.com\">lopd@at3w.com<\/a>\u00a0. attaching an ID copy, so that you can be identified, and clearly expressing which right you would like to exercise.<\/p>\n<p>Additionally, we inform you about the possibility of submitting a claim to the competent Control Authority, in this case, the Spanish Agency for Data Protection, especially if you have not obtained satisfaction in the exercise of your rights. You can contact the Spanish Agency for Data Protection through their telephones 901 100 099 and 912 663 517 or by visiting them at their address C\/ Jorge Juan, 6. 28001 \u2013 Madrid.<\/p>\n<p><u><strong>Origin of the data<\/strong><\/u><\/p>\n<p>All the data collected come from the interested party.[\/vc_column_text][\/vc_column][\/vc_row]<\/p>\n","protected":false},"excerpt":{"rendered":"<p>[vc_row bg_type=&#8221;image&#8221; parallax_style=&#8221;vcpb-default&#8221; bg_image_new=&#8221;id^39705|url^https:\/\/at3w.com\/wp-content\/uploads\/fondo.jpg|caption^null|alt^null|title^fondo|description^null&#8221; bg_image_repeat=&#8221;no-repeat&#8221; bg_override=&#8221;ex-full&#8221;][vc_column][\/vc_column][\/vc_row][vc_row el_class=&#8221;container col-centered&#8221;][vc_column][vc_column_text el_class=&#8221;titulo-18&#8243;]<\/p>\n<h2 class=\"title left\">Privacy Policy<\/h2>\n<p>[\/vc_column_text][vc_column_text el_class=&#8221;description&#8221;]Controller identification<\/p>\n<p>The data provided by the User will be processed by APLICACIONES TECNOL\u00d3GICAS, with registered office in Calle Nicol\u00e1s Cop\u00e9rnico, 4 and tax ID number A-46309688 (from now on the \u201cController\u201d). You can contact the Controller via our e-mail address\u00a0<a href=\"mailto:lopd@at3w.com\">lopd@at3w.com<\/a>\u00a0or telephone number: 96 131 82 50.<\/p>\n","protected":false},"author":2,"featured_media":39703,"parent":0,"menu_order":0,"comment_status":"closed","ping_status":"closed","template":"","meta":{"inline_featured_image":false,"footnotes":""},"class_list":["post-16831","page","type-page","status-publish","has-post-thumbnail","hentry"],"yoast_head":"<!-- This site is optimized with the Yoast SEO Premium plugin v27.0 (Yoast SEO v27.0) - https:\/\/yoast.com\/product\/yoast-seo-premium-wordpress\/ -->\n<title>Privacy Policy - Aplicaciones Tecnol\u00f3gicas<\/title>\n<meta name=\"description\" content=\"Privacy Policy. Information about the purposes of the data processing carried out by the company through the website www.at3w.com\" \/>\n<meta name=\"robots\" content=\"index, follow, max-snippet:-1, max-image-preview:large, max-video-preview:-1\" \/>\n<link rel=\"canonical\" href=\"https:\/\/at3w.com\/en\/privacy-policy\/\" \/>\n<meta property=\"og:locale\" content=\"en_US\" \/>\n<meta property=\"og:type\" content=\"article\" \/>\n<meta property=\"og:title\" content=\"Privacy Policy - Aplicaciones Tecnol\u00f3gicas\" \/>\n<meta property=\"og:description\" content=\"Privacy Policy. Information about the purposes of the data processing carried out by the company through the website www.at3w.com\" \/>\n<meta property=\"og:url\" content=\"https:\/\/at3w.com\/en\/privacy-policy\/\" \/>\n<meta property=\"og:site_name\" content=\"Aplicaciones Tecnol\u00f3gicas\" \/>\n<meta property=\"article:publisher\" content=\"https:\/\/www.facebook.com\/APLICACIONES.TECNOLOGICAS\/\" \/>\n<meta property=\"article:modified_time\" content=\"2023-04-24T09:12:04+00:00\" \/>\n<meta property=\"og:image\" content=\"https:\/\/at3w.com\/wp-content\/uploads\/fondo.jpg\" \/>\n\t<meta property=\"og:image:width\" content=\"1800\" \/>\n\t<meta property=\"og:image:height\" content=\"1013\" \/>\n\t<meta property=\"og:image:type\" content=\"image\/jpeg\" \/>\n<meta name=\"twitter:card\" content=\"summary_large_image\" \/>\n<meta name=\"twitter:label1\" content=\"Est. reading time\" \/>\n\t<meta name=\"twitter:data1\" content=\"4 minutes\" \/>\n<script type=\"application\/ld+json\" class=\"yoast-schema-graph\">{\"@context\":\"https:\/\/schema.org\",\"@graph\":[{\"@type\":\"WebPage\",\"@id\":\"https:\/\/at3w.com\/en\/privacy-policy\/\",\"url\":\"https:\/\/at3w.com\/en\/privacy-policy\/\",\"name\":\"Privacy Policy - Aplicaciones Tecnol\u00f3gicas\",\"isPartOf\":{\"@id\":\"https:\/\/at3w.com\/en\/#website\"},\"primaryImageOfPage\":{\"@id\":\"https:\/\/at3w.com\/en\/privacy-policy\/#primaryimage\"},\"image\":{\"@id\":\"https:\/\/at3w.com\/en\/privacy-policy\/#primaryimage\"},\"thumbnailUrl\":\"https:\/\/at3w.com\/wp-content\/uploads\/fondo.jpg\",\"datePublished\":\"2020-04-29T09:51:08+00:00\",\"dateModified\":\"2023-04-24T09:12:04+00:00\",\"description\":\"Privacy Policy. Information about the purposes of the data processing carried out by the company through the website www.at3w.com\",\"inLanguage\":\"en-US\",\"potentialAction\":[{\"@type\":\"ReadAction\",\"target\":[\"https:\/\/at3w.com\/en\/privacy-policy\/\"]}]},{\"@type\":\"ImageObject\",\"inLanguage\":\"en-US\",\"@id\":\"https:\/\/at3w.com\/en\/privacy-policy\/#primaryimage\",\"url\":\"https:\/\/at3w.com\/wp-content\/uploads\/fondo.jpg\",\"contentUrl\":\"https:\/\/at3w.com\/wp-content\/uploads\/fondo.jpg\",\"width\":1800,\"height\":1013,\"caption\":\"Pol\u00edtica de Privacidad, Privacy Policy, Politique de confidentialit\u00e9, Pol\u00edtica de privacidade\"},{\"@type\":\"WebSite\",\"@id\":\"https:\/\/at3w.com\/en\/#website\",\"url\":\"https:\/\/at3w.com\/en\/\",\"name\":\"Aplicaciones Tecnol\u00f3gicas\",\"description\":\"Smart Earthing Smart Lightning\",\"publisher\":{\"@id\":\"https:\/\/at3w.com\/en\/#organization\"},\"potentialAction\":[{\"@type\":\"SearchAction\",\"target\":{\"@type\":\"EntryPoint\",\"urlTemplate\":\"https:\/\/at3w.com\/en\/?s={search_term_string}\"},\"query-input\":{\"@type\":\"PropertyValueSpecification\",\"valueRequired\":true,\"valueName\":\"search_term_string\"}}],\"inLanguage\":\"en-US\"},{\"@type\":\"Organization\",\"@id\":\"https:\/\/at3w.com\/en\/#organization\",\"name\":\"Aplicaciones Tecnol\u00f3gicas\",\"url\":\"https:\/\/at3w.com\/en\/\",\"logo\":{\"@type\":\"ImageObject\",\"inLanguage\":\"en-US\",\"@id\":\"https:\/\/at3w.com\/en\/#\/schema\/logo\/image\/\",\"url\":\"https:\/\/at3w.com\/wp-content\/uploads\/2019\/02\/LOGO-HOME-APLICACIONES-TECNOLOGICAS.svg\",\"contentUrl\":\"https:\/\/at3w.com\/wp-content\/uploads\/2019\/02\/LOGO-HOME-APLICACIONES-TECNOLOGICAS.svg\",\"width\":114,\"height\":104,\"caption\":\"Aplicaciones Tecnol\u00f3gicas\"},\"image\":{\"@id\":\"https:\/\/at3w.com\/en\/#\/schema\/logo\/image\/\"},\"sameAs\":[\"https:\/\/www.facebook.com\/APLICACIONES.TECNOLOGICAS\/\",\"https:\/\/www.linkedin.com\/company\/aplicaciones-tecnologicas\/\"]}]}<\/script>\n<!-- \/ Yoast SEO Premium plugin. -->","yoast_head_json":{"title":"Privacy Policy - Aplicaciones Tecnol\u00f3gicas","description":"Privacy Policy. Information about the purposes of the data processing carried out by the company through the website www.at3w.com","robots":{"index":"index","follow":"follow","max-snippet":"max-snippet:-1","max-image-preview":"max-image-preview:large","max-video-preview":"max-video-preview:-1"},"canonical":"https:\/\/at3w.com\/en\/privacy-policy\/","og_locale":"en_US","og_type":"article","og_title":"Privacy Policy - Aplicaciones Tecnol\u00f3gicas","og_description":"Privacy Policy. Information about the purposes of the data processing carried out by the company through the website www.at3w.com","og_url":"https:\/\/at3w.com\/en\/privacy-policy\/","og_site_name":"Aplicaciones Tecnol\u00f3gicas","article_publisher":"https:\/\/www.facebook.com\/APLICACIONES.TECNOLOGICAS\/","article_modified_time":"2023-04-24T09:12:04+00:00","og_image":[{"width":1800,"height":1013,"url":"https:\/\/at3w.com\/wp-content\/uploads\/fondo.jpg","type":"image\/jpeg"}],"twitter_card":"summary_large_image","twitter_misc":{"Est. reading time":"4 minutes"},"schema":{"@context":"https:\/\/schema.org","@graph":[{"@type":"WebPage","@id":"https:\/\/at3w.com\/en\/privacy-policy\/","url":"https:\/\/at3w.com\/en\/privacy-policy\/","name":"Privacy Policy - Aplicaciones Tecnol\u00f3gicas","isPartOf":{"@id":"https:\/\/at3w.com\/en\/#website"},"primaryImageOfPage":{"@id":"https:\/\/at3w.com\/en\/privacy-policy\/#primaryimage"},"image":{"@id":"https:\/\/at3w.com\/en\/privacy-policy\/#primaryimage"},"thumbnailUrl":"https:\/\/at3w.com\/wp-content\/uploads\/fondo.jpg","datePublished":"2020-04-29T09:51:08+00:00","dateModified":"2023-04-24T09:12:04+00:00","description":"Privacy Policy. Information about the purposes of the data processing carried out by the company through the website www.at3w.com","inLanguage":"en-US","potentialAction":[{"@type":"ReadAction","target":["https:\/\/at3w.com\/en\/privacy-policy\/"]}]},{"@type":"ImageObject","inLanguage":"en-US","@id":"https:\/\/at3w.com\/en\/privacy-policy\/#primaryimage","url":"https:\/\/at3w.com\/wp-content\/uploads\/fondo.jpg","contentUrl":"https:\/\/at3w.com\/wp-content\/uploads\/fondo.jpg","width":1800,"height":1013,"caption":"Pol\u00edtica de Privacidad, Privacy Policy, Politique de confidentialit\u00e9, Pol\u00edtica de privacidade"},{"@type":"WebSite","@id":"https:\/\/at3w.com\/en\/#website","url":"https:\/\/at3w.com\/en\/","name":"Aplicaciones Tecnol\u00f3gicas","description":"Smart Earthing Smart Lightning","publisher":{"@id":"https:\/\/at3w.com\/en\/#organization"},"potentialAction":[{"@type":"SearchAction","target":{"@type":"EntryPoint","urlTemplate":"https:\/\/at3w.com\/en\/?s={search_term_string}"},"query-input":{"@type":"PropertyValueSpecification","valueRequired":true,"valueName":"search_term_string"}}],"inLanguage":"en-US"},{"@type":"Organization","@id":"https:\/\/at3w.com\/en\/#organization","name":"Aplicaciones Tecnol\u00f3gicas","url":"https:\/\/at3w.com\/en\/","logo":{"@type":"ImageObject","inLanguage":"en-US","@id":"https:\/\/at3w.com\/en\/#\/schema\/logo\/image\/","url":"https:\/\/at3w.com\/wp-content\/uploads\/2019\/02\/LOGO-HOME-APLICACIONES-TECNOLOGICAS.svg","contentUrl":"https:\/\/at3w.com\/wp-content\/uploads\/2019\/02\/LOGO-HOME-APLICACIONES-TECNOLOGICAS.svg","width":114,"height":104,"caption":"Aplicaciones Tecnol\u00f3gicas"},"image":{"@id":"https:\/\/at3w.com\/en\/#\/schema\/logo\/image\/"},"sameAs":["https:\/\/www.facebook.com\/APLICACIONES.TECNOLOGICAS\/","https:\/\/www.linkedin.com\/company\/aplicaciones-tecnologicas\/"]}]}},"_links":{"self":[{"href":"https:\/\/at3w.com\/en\/wp-json\/wp\/v2\/pages\/16831","targetHints":{"allow":["GET"]}}],"collection":[{"href":"https:\/\/at3w.com\/en\/wp-json\/wp\/v2\/pages"}],"about":[{"href":"https:\/\/at3w.com\/en\/wp-json\/wp\/v2\/types\/page"}],"author":[{"embeddable":true,"href":"https:\/\/at3w.com\/en\/wp-json\/wp\/v2\/users\/2"}],"replies":[{"embeddable":true,"href":"https:\/\/at3w.com\/en\/wp-json\/wp\/v2\/comments?post=16831"}],"version-history":[{"count":1,"href":"https:\/\/at3w.com\/en\/wp-json\/wp\/v2\/pages\/16831\/revisions"}],"predecessor-version":[{"id":57947,"href":"https:\/\/at3w.com\/en\/wp-json\/wp\/v2\/pages\/16831\/revisions\/57947"}],"wp:featuredmedia":[{"embeddable":true,"href":"https:\/\/at3w.com\/en\/wp-json\/wp\/v2\/media\/39703"}],"wp:attachment":[{"href":"https:\/\/at3w.com\/en\/wp-json\/wp\/v2\/media?parent=16831"}],"curies":[{"name":"wp","href":"https:\/\/api.w.org\/{rel}","templated":true}]}}