{"id":51608,"date":"2022-11-03T17:57:32","date_gmt":"2022-11-03T15:57:32","guid":{"rendered":"https:\/\/at3w.com\/?page_id=51608"},"modified":"2025-11-20T12:43:46","modified_gmt":"2025-11-20T11:43:46","slug":"installation-revision-and-maintenance","status":"publish","type":"page","link":"https:\/\/at3w.com\/en\/smart-lightning\/installation-revision-and-maintenance\/","title":{"rendered":"Installation, revision and maintenance"},"content":{"rendered":"<p>[vc_row bg_type=&#8221;video&#8221; video_url=&#8221;\/wp-content\/uploads\/header-instalacion-revision-V5.mp4&#8243; video_opts=&#8221;loop,muted&#8221; video_poster=&#8221;id^56547|url^https:\/\/at3w.com\/wp-content\/uploads\/BACKGROUND-INSTALACION.jpg|caption^null|alt^null|title^BACKGROUND-INSTALACIO\u0301N|description^null&#8221; bg_override=&#8221;full&#8221; enable_overlay=&#8221;enable_overlay_value&#8221; overlay_color=&#8221;rgba(36,52,105,0.5)&#8221; seperator_enable=&#8221;seperator_enable_value&#8221; seperator_type=&#8221;tilt_left_seperator&#8221; seperator_position=&#8221;bottom_seperator&#8221; seperator_svg_height=&#8221;120&#8243;][vc_column][vc_row_inner][vc_column_inner width=&#8221;1\/2&#8243;]<div class=\"ult-spacer spacer-69d7dc564edc3\" data-id=\"69d7dc564edc3\" data-height=\"500\" data-height-mobile=\"300\" data-height-tab=\"\" data-height-tab-portrait=\"\" data-height-mobile-landscape=\"\" style=\"clear:both;display:block;\"><\/div>[\/vc_column_inner][vc_column_inner width=&#8221;1\/2&#8243;][\/vc_column_inner][\/vc_row_inner][\/vc_column][\/vc_row][vc_row css_animation=&#8221;bottom-to-top&#8221;][vc_column css=&#8221;.vc_custom_1651490962346{margin-top: 0px !important;padding-top: 0px !important;}&#8221;][vc_raw_html css=&#8221;.vc_custom_1651490943856{margin-top: 0px !important;margin-bottom: 0px !important;padding-top: 0px !important;padding-bottom: 0px !important;}&#8221;]JTVCZmxleHlfYnJlYWRjcnVtYiU1RA==[\/vc_raw_html][\/vc_column][\/vc_row][vc_row css_animation=&#8221;bottom-to-top&#8221;][vc_column width=&#8221;1\/4&#8243;][\/vc_column][vc_column width=&#8221;1\/2&#8243;]<div class=\"ult-spacer spacer-69d7dc564ee1c\" data-id=\"69d7dc564ee1c\" data-height=\"20\" data-height-mobile=\"20\" data-height-tab=\"20\" data-height-tab-portrait=\"\" data-height-mobile-landscape=\"\" style=\"clear:both;display:block;\"><\/div><div id=\"ultimate-heading-840569d7dc564eea7\" class=\"uvc-heading ult-adjust-bottom-margin ultimate-heading-840569d7dc564eea7 uvc-8695 \" data-hspacer=\"line_only\"  data-halign=\"center\" style=\"text-align:center\"><div class=\"uvc-main-heading ult-responsive\"  data-ultimate-target='.uvc-heading.ultimate-heading-840569d7dc564eea7 h2'  data-responsive-json-new='{\"font-size\":\"desktop:46px;\",\"line-height\":\"desktop:50px;\"}' ><h2 style=\"font-family:&#039;Montserrat&#039;;font-weight:600;color:#243469;\">Installation, revision and maintenance<\/h2><\/div><div class=\"uvc-heading-spacer line_only\" style=\"margin-top:1em;margin-bottom:1.3em;height:4px;\"><span class=\"uvc-headings-line\" style=\"border-style:solid;border-bottom-width:4px;border-color:#f7a800;width:60px;\"><\/span><\/div><\/div><div class=\"ult-spacer spacer-69d7dc564ef17\" data-id=\"69d7dc564ef17\" data-height=\"60\" data-height-mobile=\"60\" data-height-tab=\"60\" data-height-tab-portrait=\"\" data-height-mobile-landscape=\"\" style=\"clear:both;display:block;\"><\/div>[\/vc_column][vc_column width=&#8221;1\/4&#8243;][\/vc_column][\/vc_row][vc_row css_animation=&#8221;bottom-to-top&#8221;][vc_column][vc_row_inner gap=&#8221;35&#8243;][vc_column_inner width=&#8221;1\/2&#8243;]<div class=\"ult-content-box-container \" >\t\t<div class=\"ult-content-box\" style=\"box-shadow: px px px px none;min-height:120px;-webkit-transition: all 700ms ease;-moz-transition: all 700ms ease;-ms-transition: all 700ms ease;-o-transition: all 700ms ease;transition: all 700ms ease;\"  data-hover_box_shadow=\"none\"    ><div id=\"ultimate-heading-840269d7dc564f003\" class=\"uvc-heading ult-adjust-bottom-margin ultimate-heading-840269d7dc564f003 uvc-2679 \" data-hspacer=\"line_only\"  data-halign=\"left\" style=\"text-align:left\"><div class=\"uvc-main-heading ult-responsive\"  data-ultimate-target='.uvc-heading.ultimate-heading-840269d7dc564f003 h2'  data-responsive-json-new='{\"font-size\":\"desktop:30px;\",\"line-height\":\"desktop:32px;\"}' ><h2 style=\"font-family:&#039;Montserrat&#039;;font-weight:600;color:#243469;margin-bottom:0.3em;\">Installation<\/h2><\/div><div class=\"uvc-heading-spacer line_only\" style=\"topheight:4px;\"><span class=\"uvc-headings-line\" style=\"border-style:solid;border-bottom-width:4px;border-color:#f7a800;width:60px;\"><\/span><\/div><div class=\"uvc-sub-heading ult-responsive\"  data-ultimate-target='.uvc-heading.ultimate-heading-840269d7dc564f003 .uvc-sub-heading '  data-responsive-json-new='{\"font-size\":\"desktop:16px;\",\"line-height\":\"desktop:24px;\"}'  style=\"font-family:&#039;Roboto&#039;;font-weight:300;margin-top:1em;\"><\/p>\n<p style=\"text-align: justify;\">Advice and coordination of teams of installers and specialists in vertical works in Spain and Portugal, and worldwide via our distributor network.<\/p>\n<p><\/div><\/div><div class=\"ult-spacer spacer-69d7dc564f066\" data-id=\"69d7dc564f066\" data-height=\"24\" data-height-mobile=\"24\" data-height-tab=\"24\" data-height-tab-portrait=\"\" data-height-mobile-landscape=\"\" style=\"clear:both;display:block;\"><\/div>\t\t<\/div><\/div><div class=\"ult-content-box-container \" >\t\t<div class=\"ult-content-box\" style=\"box-shadow: px px px px none;min-height:300px;-webkit-transition: all 700ms ease;-moz-transition: all 700ms ease;-ms-transition: all 700ms ease;-o-transition: all 700ms ease;transition: all 700ms ease;\"  data-hover_box_shadow=\"none\"    ><div class=\"ult-new-ib ult-ib-effect-style15  ult-ib-resp ult-ib2-min-height \" data-min-width=\"768\" data-max-width=\"900\" style=\"background:#243469; opacity:0; \" data-opacity=\"0.5\" data-hover-opacity=\"0.05\"  data-min-height=\"400\" ><img decoding=\"async\" class=\"ult-new-ib-img\" style=\"opacity:0.5;\" alt=\"null\" src=\"https:\/\/at3w.com\/wp-content\/uploads\/revision-instalacion-pararrayos-aplicaciones-tecnologicas-e1666006197984.jpg\"  data-min-height=\"400\"   \/><div id=\"interactive-banner-wrap-9931\" class=\"ult-new-ib-desc\" style=\"\"><h2 class=\"ult-new-ib-title ult-responsive\"  data-ultimate-target='#interactive-banner-wrap-9931 .ult-new-ib-title'  data-responsive-json-new='{\"font-size\":\"desktop:16px;\",\"line-height\":\"\"}'  style=\"font-family:&#039;Rajdhani&#039;;font-weight:700;color:#ffffff;\">MORE INFORMATION<\/h2><div class=\"ult-new-ib-content ult-responsive\"  data-ultimate-target='#interactive-banner-wrap-9931 .ult-new-ib-content'  data-responsive-json-new='{\"font-size\":\"desktop:16px;\",\"line-height\":\"desktop:22px;\"}'  style=\"font-family:&#039;Roboto&#039;;font-weight:normal;color:#f7a800;\"><p>For further information about lightning protection systems<\/p><\/div><\/div><a class=\"ult-new-ib-link\" href=\"\/en\/where-we-are-contact\/#contact\"  ><\/a><\/div>\t\t<\/div><\/div>[\/vc_column_inner][vc_column_inner width=&#8221;1\/2&#8243;]<div class=\"ult-content-box-container \" >\t\t<div class=\"ult-content-box\" style=\"box-shadow: px px px px none;min-height:120px;-webkit-transition: all 700ms ease;-moz-transition: all 700ms ease;-ms-transition: all 700ms ease;-o-transition: all 700ms ease;transition: all 700ms ease;\"  data-hover_box_shadow=\"none\"    ><div id=\"ultimate-heading-855969d7dc564f5b0\" class=\"uvc-heading ult-adjust-bottom-margin ultimate-heading-855969d7dc564f5b0 uvc-3072 \" data-hspacer=\"line_only\"  data-halign=\"left\" style=\"text-align:left\"><div class=\"uvc-main-heading ult-responsive\"  data-ultimate-target='.uvc-heading.ultimate-heading-855969d7dc564f5b0 h2'  data-responsive-json-new='{\"font-size\":\"desktop:30px;\",\"line-height\":\"desktop:32px;\"}' ><h2 style=\"font-family:&#039;Montserrat&#039;;font-weight:600;color:#243469;margin-bottom:0.3em;\">Revision and maintenance<\/h2><\/div><div class=\"uvc-heading-spacer line_only\" style=\"topheight:4px;\"><span class=\"uvc-headings-line\" style=\"border-style:solid;border-bottom-width:4px;border-color:#f7a800;width:60px;\"><\/span><\/div><div class=\"uvc-sub-heading ult-responsive\"  data-ultimate-target='.uvc-heading.ultimate-heading-855969d7dc564f5b0 .uvc-sub-heading '  data-responsive-json-new='{\"font-size\":\"desktop:16px;\",\"line-height\":\"desktop:24px;\"}'  style=\"font-family:&#039;Roboto&#039;;font-weight:300;margin-top:1em;\"><\/p>\n<p style=\"text-align: justify;\">Periodic regulatory inspections of lightning protection installations according to <a href=\"https:\/\/at3w.com\/en\/blog\/new-editions-of-the-main-standards-about-lightning-protection-using-early-streamer-emission-air-terminals\/\" target=\"_blank\" rel=\"noopener\">NF C17-102\/UNE 21186<\/a> standard for their adequacy and proper maintenance, made by our revisors in Spain and Portugal, and worldwide via our distributor network.<\/p>\n<p><\/div><\/div>\t\t<\/div><\/div><div class=\"ult-content-box-container \" >\t\t<div class=\"ult-content-box\" style=\"box-shadow: px px px px none;min-height:300px;-webkit-transition: all 700ms ease;-moz-transition: all 700ms ease;-ms-transition: all 700ms ease;-o-transition: all 700ms ease;transition: all 700ms ease;\"  data-hover_box_shadow=\"none\"    ><div class=\"ult-new-ib ult-ib-effect-style15  ult-ib-resp ult-ib2-min-height \" data-min-width=\"768\" data-max-width=\"900\" style=\"background:#243469; opacity:0; \" data-opacity=\"0.5\" data-hover-opacity=\"0.05\"  data-min-height=\"400\" ><img decoding=\"async\" class=\"ult-new-ib-img\" style=\"opacity:0.5;\" alt=\"null\" src=\"https:\/\/at3w.com\/wp-content\/uploads\/2020\/06\/instalacion_revision_mantenimiento2.jpg\"  data-min-height=\"400\"   \/><div id=\"interactive-banner-wrap-5963\" class=\"ult-new-ib-desc\" style=\"\"><h2 class=\"ult-new-ib-title ult-responsive\"  data-ultimate-target='#interactive-banner-wrap-5963 .ult-new-ib-title'  data-responsive-json-new='{\"font-size\":\"desktop:16px;\",\"line-height\":\"\"}'  style=\"font-family:&#039;Rajdhani&#039;;font-weight:700;color:#ffffff;\">MORE INFORMATION<\/h2><div class=\"ult-new-ib-content ult-responsive\"  data-ultimate-target='#interactive-banner-wrap-5963 .ult-new-ib-content'  data-responsive-json-new='{\"font-size\":\"desktop:16px;\",\"line-height\":\"desktop:22px;\"}'  style=\"font-family:&#039;Roboto&#039;;font-weight:normal;color:#f7a800;\"><p>For further information about verification and maintenance of lightning protection installations<\/p><\/div><\/div><a class=\"ult-new-ib-link\" href=\"\/en\/where-we-are-contact\/#contact\"  ><\/a><\/div>\t\t<\/div><\/div>[\/vc_column_inner][\/vc_row_inner][\/vc_column][\/vc_row][vc_row bg_type=&#8221;bg_color&#8221; bg_override=&#8221;full&#8221; bg_color_value=&#8221;#182c63&#8243; css=&#8221;.vc_custom_1763638845545{padding-top: 20px !important;padding-bottom: 20px !important;}&#8221;][vc_column][vc_row_inner][vc_column_inner width=&#8221;2\/3&#8243;]<div id=\"ultimate-heading-611769d7dc564fa42\" class=\"uvc-heading ult-adjust-bottom-margin ultimate-heading-611769d7dc564fa42 uvc-8853 txt-l-c\" data-hspacer=\"no_spacer\"  data-halign=\"left\" style=\"text-align:left\"><div class=\"uvc-heading-spacer no_spacer\" style=\"top\"><\/div><div class=\"uvc-main-heading ult-responsive\"  data-ultimate-target='.uvc-heading.ultimate-heading-611769d7dc564fa42 h2'  data-responsive-json-new='{\"font-size\":\"desktop:35px;\",\"line-height\":\"desktop:45px;\"}' ><h2 style=\"font-family:&#039;Montserrat&#039;;font-weight:600;color:#ffffff;\">Please send us your data if you are interested in further info<\/h2><\/div><\/div><div class=\"ult-spacer spacer-69d7dc564faa0\" data-id=\"69d7dc564faa0\" data-height=\"\" data-height-mobile=\"32\" data-height-tab=\"\" data-height-tab-portrait=\"\" data-height-mobile-landscape=\"32\" style=\"clear:both;display:block;\"><\/div>[\/vc_column_inner][vc_column_inner width=&#8221;1\/3&#8243;]<div class=\" ubtn-ctn-center \"><a class=\"ubtn-link ult-adjust-bottom-margin ubtn-center ubtn-custom \" href=\"\/en\/where-we-are-contact\/#contact\" ><button type=\"button\" id=\"ubtn-2912\"  class=\"ubtn ult-adjust-bottom-margin ult-responsive ubtn-custom ubtn-no-hover-bg  ulta-push  ubtn-center   tooltip-69d7dc564faf9\"  data-hover=\"\" data-border-color=\"#f7a800\" data-bg=\"\" data-hover-bg=\"#2f3e66\" data-border-hover=\"\" data-shadow-hover=\"\" data-shadow-click=\"none\" data-shadow=\"\" data-shd-shadow=\"\"  data-ultimate-target='#ubtn-2912'  data-responsive-json-new='{\"font-size\":\"desktop:22px;\",\"line-height\":\"\"}'  style=\"font-family:&#039;Montserrat&#039;;font-weight:700;width:300px;min-height:50px;padding:25px 25px;border-radius:px;border-width:2px;border-color:#f7a800;border-style:solid;color: #ffffff;\"><span class=\"ubtn-hover\" style=\"background-color:#2f3e66\"><\/span><span class=\"ubtn-data ubtn-text \" >CONTACT US<\/span><\/button><\/a><\/div>[\/vc_column_inner][\/vc_row_inner]<div class=\"ult-spacer spacer-69d7dc564fb85\" data-id=\"69d7dc564fb85\" data-height=\"16\" data-height-mobile=\"16\" data-height-tab=\"16\" data-height-tab-portrait=\"\" data-height-mobile-landscape=\"\" style=\"clear:both;display:block;\"><\/div>[\/vc_column][\/vc_row]<\/p>\n","protected":false},"excerpt":{"rendered":"<p>[vc_row bg_type=&#8221;video&#8221; video_url=&#8221;\/wp-content\/uploads\/header-instalacion-revision-V5.mp4&#8243; video_opts=&#8221;loop,muted&#8221; video_poster=&#8221;id^56547|url^https:\/\/at3w.com\/wp-content\/uploads\/BACKGROUND-INSTALACION.jpg|caption^null|alt^null|title^BACKGROUND-INSTALACIO\u0301N|description^null&#8221; bg_override=&#8221;full&#8221; enable_overlay=&#8221;enable_overlay_value&#8221; overlay_color=&#8221;rgba(36,52,105,0.5)&#8221; seperator_enable=&#8221;seperator_enable_value&#8221; seperator_type=&#8221;tilt_left_seperator&#8221; seperator_position=&#8221;bottom_seperator&#8221; seperator_svg_height=&#8221;120&#8243;][vc_column][vc_row_inner][vc_column_inner width=&#8221;1\/2&#8243;][\/vc_column_inner][vc_column_inner width=&#8221;1\/2&#8243;][\/vc_column_inner][\/vc_row_inner][\/vc_column][\/vc_row][vc_row css_animation=&#8221;bottom-to-top&#8221;][vc_column css=&#8221;.vc_custom_1651490962346{margin-top: 0px !important;padding-top: 0px !important;}&#8221;][vc_raw_html css=&#8221;.vc_custom_1651490943856{margin-top: 0px !important;margin-bottom: 0px !important;padding-top: 0px !important;padding-bottom: 0px !important;}&#8221;]JTVCZmxleHlfYnJlYWRjcnVtYiU1RA==[\/vc_raw_html][\/vc_column][\/vc_row][vc_row css_animation=&#8221;bottom-to-top&#8221;][vc_column width=&#8221;1\/4&#8243;][\/vc_column][vc_column width=&#8221;1\/2&#8243;][\/vc_column][vc_column width=&#8221;1\/4&#8243;][\/vc_column][\/vc_row][vc_row css_animation=&#8221;bottom-to-top&#8221;][vc_column][vc_row_inner gap=&#8221;35&#8243;][vc_column_inner width=&#8221;1\/2&#8243;][\/vc_column_inner][vc_column_inner width=&#8221;1\/2&#8243;][\/vc_column_inner][\/vc_row_inner][\/vc_column][\/vc_row][vc_row bg_type=&#8221;bg_color&#8221; bg_override=&#8221;full&#8221; bg_color_value=&#8221;#182c63&#8243; css=&#8221;.vc_custom_1763638845545{padding-top: 20px !important;padding-bottom: 20px !important;}&#8221;][vc_column][vc_row_inner][vc_column_inner width=&#8221;2\/3&#8243;][\/vc_column_inner][vc_column_inner width=&#8221;1\/3&#8243;][\/vc_column_inner][\/vc_row_inner][\/vc_column][\/vc_row]<\/p>\n","protected":false},"author":10,"featured_media":57388,"parent":62837,"menu_order":0,"comment_status":"closed","ping_status":"closed","template":"","meta":{"inline_featured_image":false,"footnotes":""},"class_list":["post-51608","page","type-page","status-publish","has-post-thumbnail","hentry"],"yoast_head":"<!-- This site is optimized with the Yoast SEO Premium plugin v27.0 (Yoast SEO v27.0) - https:\/\/yoast.com\/product\/yoast-seo-premium-wordpress\/ -->\n<title>Installation and maintenance - Aplicaciones Tecnol\u00f3gicas<\/title>\n<meta name=\"description\" content=\"Installation and maintenance. We offer a complete technical advice service for the revision of lightning protection systems. Contact us.\" \/>\n<meta name=\"robots\" content=\"index, follow, max-snippet:-1, max-image-preview:large, max-video-preview:-1\" \/>\n<link rel=\"canonical\" href=\"https:\/\/at3w.com\/en\/smart-lightning\/installation-revision-and-maintenance\/\" \/>\n<meta property=\"og:locale\" content=\"en_US\" \/>\n<meta property=\"og:type\" content=\"article\" \/>\n<meta property=\"og:title\" content=\"Installation and maintenance - Aplicaciones Tecnol\u00f3gicas\" \/>\n<meta property=\"og:description\" content=\"Installation and maintenance. We offer a complete technical advice service for the revision of lightning protection systems. Contact us.\" \/>\n<meta property=\"og:url\" content=\"https:\/\/at3w.com\/en\/smart-lightning\/installation-revision-and-maintenance\/\" \/>\n<meta property=\"og:site_name\" content=\"Aplicaciones Tecnol\u00f3gicas\" \/>\n<meta property=\"article:publisher\" content=\"https:\/\/www.facebook.com\/APLICACIONES.TECNOLOGICAS\/\" \/>\n<meta property=\"article:modified_time\" content=\"2025-11-20T11:43:46+00:00\" \/>\n<meta property=\"og:image\" content=\"https:\/\/at3w.com\/wp-content\/uploads\/IMG-destacada-INSTALACION-REVISION.jpg\" \/>\n\t<meta property=\"og:image:width\" content=\"1900\" \/>\n\t<meta property=\"og:image:height\" content=\"500\" \/>\n\t<meta property=\"og:image:type\" content=\"image\/jpeg\" \/>\n<meta name=\"twitter:card\" content=\"summary_large_image\" \/>\n<meta name=\"twitter:label1\" content=\"Est. reading time\" \/>\n\t<meta name=\"twitter:data1\" content=\"2 minutes\" \/>\n<script type=\"application\/ld+json\" class=\"yoast-schema-graph\">{\"@context\":\"https:\/\/schema.org\",\"@graph\":[{\"@type\":\"WebPage\",\"@id\":\"https:\/\/at3w.com\/en\/smart-lightning\/installation-revision-and-maintenance\/\",\"url\":\"https:\/\/at3w.com\/en\/smart-lightning\/installation-revision-and-maintenance\/\",\"name\":\"Installation and maintenance - Aplicaciones Tecnol\u00f3gicas\",\"isPartOf\":{\"@id\":\"https:\/\/at3w.com\/en\/#website\"},\"primaryImageOfPage\":{\"@id\":\"https:\/\/at3w.com\/en\/smart-lightning\/installation-revision-and-maintenance\/#primaryimage\"},\"image\":{\"@id\":\"https:\/\/at3w.com\/en\/smart-lightning\/installation-revision-and-maintenance\/#primaryimage\"},\"thumbnailUrl\":\"https:\/\/at3w.com\/wp-content\/uploads\/IMG-destacada-INSTALACION-REVISION.jpg\",\"datePublished\":\"2022-11-03T15:57:32+00:00\",\"dateModified\":\"2025-11-20T11:43:46+00:00\",\"description\":\"Installation and maintenance. We offer a complete technical advice service for the revision of lightning protection systems. Contact us.\",\"breadcrumb\":{\"@id\":\"https:\/\/at3w.com\/en\/smart-lightning\/installation-revision-and-maintenance\/#breadcrumb\"},\"inLanguage\":\"en-US\",\"potentialAction\":[{\"@type\":\"ReadAction\",\"target\":[\"https:\/\/at3w.com\/en\/smart-lightning\/installation-revision-and-maintenance\/\"]}]},{\"@type\":\"ImageObject\",\"inLanguage\":\"en-US\",\"@id\":\"https:\/\/at3w.com\/en\/smart-lightning\/installation-revision-and-maintenance\/#primaryimage\",\"url\":\"https:\/\/at3w.com\/wp-content\/uploads\/IMG-destacada-INSTALACION-REVISION.jpg\",\"contentUrl\":\"https:\/\/at3w.com\/wp-content\/uploads\/IMG-destacada-INSTALACION-REVISION.jpg\",\"width\":1900,\"height\":500,\"caption\":\"Instalaci\u00f3n y mantenimiento, Installation and maintenance, Installation et maintenance, Instala\u00e7\u00e3o e manuten\u00e7\u00e3o\"},{\"@type\":\"BreadcrumbList\",\"@id\":\"https:\/\/at3w.com\/en\/smart-lightning\/installation-revision-and-maintenance\/#breadcrumb\",\"itemListElement\":[{\"@type\":\"ListItem\",\"position\":1,\"name\":\"Smart Lightning\",\"item\":\"https:\/\/at3w.com\/en\/smart-lightning\/\"},{\"@type\":\"ListItem\",\"position\":2,\"name\":\"Installation, revision and maintenance\"}]},{\"@type\":\"WebSite\",\"@id\":\"https:\/\/at3w.com\/en\/#website\",\"url\":\"https:\/\/at3w.com\/en\/\",\"name\":\"Aplicaciones Tecnol\u00f3gicas\",\"description\":\"Smart Earthing Smart Lightning\",\"publisher\":{\"@id\":\"https:\/\/at3w.com\/en\/#organization\"},\"potentialAction\":[{\"@type\":\"SearchAction\",\"target\":{\"@type\":\"EntryPoint\",\"urlTemplate\":\"https:\/\/at3w.com\/en\/?s={search_term_string}\"},\"query-input\":{\"@type\":\"PropertyValueSpecification\",\"valueRequired\":true,\"valueName\":\"search_term_string\"}}],\"inLanguage\":\"en-US\"},{\"@type\":\"Organization\",\"@id\":\"https:\/\/at3w.com\/en\/#organization\",\"name\":\"Aplicaciones Tecnol\u00f3gicas\",\"url\":\"https:\/\/at3w.com\/en\/\",\"logo\":{\"@type\":\"ImageObject\",\"inLanguage\":\"en-US\",\"@id\":\"https:\/\/at3w.com\/en\/#\/schema\/logo\/image\/\",\"url\":\"https:\/\/at3w.com\/wp-content\/uploads\/2019\/02\/LOGO-HOME-APLICACIONES-TECNOLOGICAS.svg\",\"contentUrl\":\"https:\/\/at3w.com\/wp-content\/uploads\/2019\/02\/LOGO-HOME-APLICACIONES-TECNOLOGICAS.svg\",\"width\":114,\"height\":104,\"caption\":\"Aplicaciones Tecnol\u00f3gicas\"},\"image\":{\"@id\":\"https:\/\/at3w.com\/en\/#\/schema\/logo\/image\/\"},\"sameAs\":[\"https:\/\/www.facebook.com\/APLICACIONES.TECNOLOGICAS\/\",\"https:\/\/www.linkedin.com\/company\/aplicaciones-tecnologicas\/\"]}]}<\/script>\n<!-- \/ Yoast SEO Premium plugin. -->","yoast_head_json":{"title":"Installation and maintenance - Aplicaciones Tecnol\u00f3gicas","description":"Installation and maintenance. We offer a complete technical advice service for the revision of lightning protection systems. Contact us.","robots":{"index":"index","follow":"follow","max-snippet":"max-snippet:-1","max-image-preview":"max-image-preview:large","max-video-preview":"max-video-preview:-1"},"canonical":"https:\/\/at3w.com\/en\/smart-lightning\/installation-revision-and-maintenance\/","og_locale":"en_US","og_type":"article","og_title":"Installation and maintenance - Aplicaciones Tecnol\u00f3gicas","og_description":"Installation and maintenance. We offer a complete technical advice service for the revision of lightning protection systems. Contact us.","og_url":"https:\/\/at3w.com\/en\/smart-lightning\/installation-revision-and-maintenance\/","og_site_name":"Aplicaciones Tecnol\u00f3gicas","article_publisher":"https:\/\/www.facebook.com\/APLICACIONES.TECNOLOGICAS\/","article_modified_time":"2025-11-20T11:43:46+00:00","og_image":[{"width":1900,"height":500,"url":"https:\/\/at3w.com\/wp-content\/uploads\/IMG-destacada-INSTALACION-REVISION.jpg","type":"image\/jpeg"}],"twitter_card":"summary_large_image","twitter_misc":{"Est. reading time":"2 minutes"},"schema":{"@context":"https:\/\/schema.org","@graph":[{"@type":"WebPage","@id":"https:\/\/at3w.com\/en\/smart-lightning\/installation-revision-and-maintenance\/","url":"https:\/\/at3w.com\/en\/smart-lightning\/installation-revision-and-maintenance\/","name":"Installation and maintenance - Aplicaciones Tecnol\u00f3gicas","isPartOf":{"@id":"https:\/\/at3w.com\/en\/#website"},"primaryImageOfPage":{"@id":"https:\/\/at3w.com\/en\/smart-lightning\/installation-revision-and-maintenance\/#primaryimage"},"image":{"@id":"https:\/\/at3w.com\/en\/smart-lightning\/installation-revision-and-maintenance\/#primaryimage"},"thumbnailUrl":"https:\/\/at3w.com\/wp-content\/uploads\/IMG-destacada-INSTALACION-REVISION.jpg","datePublished":"2022-11-03T15:57:32+00:00","dateModified":"2025-11-20T11:43:46+00:00","description":"Installation and maintenance. We offer a complete technical advice service for the revision of lightning protection systems. Contact us.","breadcrumb":{"@id":"https:\/\/at3w.com\/en\/smart-lightning\/installation-revision-and-maintenance\/#breadcrumb"},"inLanguage":"en-US","potentialAction":[{"@type":"ReadAction","target":["https:\/\/at3w.com\/en\/smart-lightning\/installation-revision-and-maintenance\/"]}]},{"@type":"ImageObject","inLanguage":"en-US","@id":"https:\/\/at3w.com\/en\/smart-lightning\/installation-revision-and-maintenance\/#primaryimage","url":"https:\/\/at3w.com\/wp-content\/uploads\/IMG-destacada-INSTALACION-REVISION.jpg","contentUrl":"https:\/\/at3w.com\/wp-content\/uploads\/IMG-destacada-INSTALACION-REVISION.jpg","width":1900,"height":500,"caption":"Instalaci\u00f3n y mantenimiento, Installation and maintenance, Installation et maintenance, Instala\u00e7\u00e3o e manuten\u00e7\u00e3o"},{"@type":"BreadcrumbList","@id":"https:\/\/at3w.com\/en\/smart-lightning\/installation-revision-and-maintenance\/#breadcrumb","itemListElement":[{"@type":"ListItem","position":1,"name":"Smart Lightning","item":"https:\/\/at3w.com\/en\/smart-lightning\/"},{"@type":"ListItem","position":2,"name":"Installation, revision and maintenance"}]},{"@type":"WebSite","@id":"https:\/\/at3w.com\/en\/#website","url":"https:\/\/at3w.com\/en\/","name":"Aplicaciones Tecnol\u00f3gicas","description":"Smart Earthing Smart Lightning","publisher":{"@id":"https:\/\/at3w.com\/en\/#organization"},"potentialAction":[{"@type":"SearchAction","target":{"@type":"EntryPoint","urlTemplate":"https:\/\/at3w.com\/en\/?s={search_term_string}"},"query-input":{"@type":"PropertyValueSpecification","valueRequired":true,"valueName":"search_term_string"}}],"inLanguage":"en-US"},{"@type":"Organization","@id":"https:\/\/at3w.com\/en\/#organization","name":"Aplicaciones Tecnol\u00f3gicas","url":"https:\/\/at3w.com\/en\/","logo":{"@type":"ImageObject","inLanguage":"en-US","@id":"https:\/\/at3w.com\/en\/#\/schema\/logo\/image\/","url":"https:\/\/at3w.com\/wp-content\/uploads\/2019\/02\/LOGO-HOME-APLICACIONES-TECNOLOGICAS.svg","contentUrl":"https:\/\/at3w.com\/wp-content\/uploads\/2019\/02\/LOGO-HOME-APLICACIONES-TECNOLOGICAS.svg","width":114,"height":104,"caption":"Aplicaciones Tecnol\u00f3gicas"},"image":{"@id":"https:\/\/at3w.com\/en\/#\/schema\/logo\/image\/"},"sameAs":["https:\/\/www.facebook.com\/APLICACIONES.TECNOLOGICAS\/","https:\/\/www.linkedin.com\/company\/aplicaciones-tecnologicas\/"]}]}},"_links":{"self":[{"href":"https:\/\/at3w.com\/en\/wp-json\/wp\/v2\/pages\/51608","targetHints":{"allow":["GET"]}}],"collection":[{"href":"https:\/\/at3w.com\/en\/wp-json\/wp\/v2\/pages"}],"about":[{"href":"https:\/\/at3w.com\/en\/wp-json\/wp\/v2\/types\/page"}],"author":[{"embeddable":true,"href":"https:\/\/at3w.com\/en\/wp-json\/wp\/v2\/users\/10"}],"replies":[{"embeddable":true,"href":"https:\/\/at3w.com\/en\/wp-json\/wp\/v2\/comments?post=51608"}],"version-history":[{"count":8,"href":"https:\/\/at3w.com\/en\/wp-json\/wp\/v2\/pages\/51608\/revisions"}],"predecessor-version":[{"id":64802,"href":"https:\/\/at3w.com\/en\/wp-json\/wp\/v2\/pages\/51608\/revisions\/64802"}],"up":[{"embeddable":true,"href":"https:\/\/at3w.com\/en\/wp-json\/wp\/v2\/pages\/62837"}],"wp:featuredmedia":[{"embeddable":true,"href":"https:\/\/at3w.com\/en\/wp-json\/wp\/v2\/media\/57388"}],"wp:attachment":[{"href":"https:\/\/at3w.com\/en\/wp-json\/wp\/v2\/media?parent=51608"}],"curies":[{"name":"wp","href":"https:\/\/api.w.org\/{rel}","templated":true}]}}