{"id":16832,"date":"2020-04-29T12:20:04","date_gmt":"2020-04-29T10:20:04","guid":{"rendered":"https:\/\/at3w.com\/?page_id=16832"},"modified":"2023-04-24T11:15:25","modified_gmt":"2023-04-24T09:15:25","slug":"politique-de-confidentialite","status":"publish","type":"page","link":"https:\/\/at3w.com\/fr\/politique-de-confidentialite\/","title":{"rendered":"Politique de confidentialit\u00e9"},"content":{"rendered":"<p>[vc_row bg_type=\u00a0\u00bbimage\u00a0\u00bb parallax_style=\u00a0\u00bbvcpb-default\u00a0\u00bb bg_image_new=\u00a0\u00bbid^39705|url^https:\/\/at3w.com\/wp-content\/uploads\/fondo.jpg|caption^null|alt^null|title^fondo|description^null\u00a0\u00bb bg_override=\u00a0\u00bbex-full\u00a0\u00bb][vc_column]<div class=\"ult-spacer spacer-69dccdaff20f1\" data-id=\"69dccdaff20f1\" data-height=\"400\" data-height-mobile=\"400\" data-height-tab=\"400\" data-height-tab-portrait=\"\" data-height-mobile-landscape=\"\" style=\"clear:both;display:block;\"><\/div>[\/vc_column][\/vc_row][vc_row css_animation=\u00a0\u00bbbottom-to-top\u00a0\u00bb el_class=\u00a0\u00bbcontainer col-centered\u00a0\u00bb][vc_column][vc_column_text el_class=\u00a0\u00bbtitulo-18&Prime;]<\/p>\n<h2 class=\"title left\">Politique de confidentialit\u00e9<\/h2>\n<p>[\/vc_column_text][vc_column_text el_class=\u00a0\u00bbdescription\u00a0\u00bb]<strong>1. Identification du responsable du traitement<\/strong><\/p>\n<p>Les donn\u00e9es fournies par l&rsquo;utilisateur seront trait\u00e9es par APLICACIONES TECNOL\u00d3GICAS, S.A. dont le si\u00e8ge social est situ\u00e9 en Espagne, \u00e0 Paterna, Valence (46980) Calle Nicol\u00e1s Cop\u00e9rnico, 4 et num\u00e9ro de TVA intracommunautaire ES A-46309688 (ci-apr\u00e8s le \u00ab\u00a0Responsable\u00a0\u00bb), aux fins indiqu\u00e9es au point suivant.<\/p>\n<p>Vous pouvez contacter la personne responsable \u00e0 l&rsquo;adresse \u00e9lectronique <a href=\"mailto:lopd@at3w.com\" target=\"_blank\" rel=\"noopener noreferrer\">lopd@at3w.com<\/a> ou, si vous pr\u00e9f\u00e9rez, au num\u00e9ro de t\u00e9l\u00e9phone +34 96 131 82 50.<\/p>\n<p><strong>2. Finalit\u00e9s des traitements des donn\u00e9es<\/strong><\/p>\n<p>Nous vous pr\u00e9sentons ci-dessous les informations relatives aux finalit\u00e9s du traitement effectu\u00e9 par le responsable sur la page web <a href=\"https:\/\/at3w.com\/fr\/\">www.at3w.com<\/a>, sans pr\u00e9judice de la pr\u00e9sentation des informations correspondantes avant la collecte des donn\u00e9es par le biais du ou des formulaires correspondants :<\/p>\n<p>1. G\u00e9rer la participation de l&rsquo;int\u00e9ress\u00e9 dans les processus de s\u00e9lection du responsable pour lequel son profil pourrait \u00eatre retenu.<\/p>\n<p>1.1. P\u00e9riode de conservation : deux (2) ans<\/p>\n<p>1.2. Base juridique : Consentement de l&rsquo;int\u00e9ress\u00e9(e).<\/p>\n<p>2. R\u00e9pondre aux questions que l&rsquo;int\u00e9ress\u00e9(e) adresse au responsable.<\/p>\n<p>2.1 P\u00e9riode de conservation : Les donn\u00e9es seront conserv\u00e9es jusqu&rsquo;\u00e0 ce que la question soulev\u00e9e par l&rsquo;int\u00e9ress\u00e9(e) soit r\u00e9solue.<\/p>\n<p>2.2 Base juridique : Consentement de la personne concern\u00e9e.<\/p>\n<p>3. G\u00e9rer l&rsquo;inscription de l&rsquo;int\u00e9ress\u00e9(e) \u00e0 notre bulletin d&rsquo;information et \u00e0 d&rsquo;autres informations commerciales.<\/p>\n<p>3.1 P\u00e9riode de conservation : Les donn\u00e9es personnelles fournies seront conserv\u00e9es, tant que l&rsquo;int\u00e9ress\u00e9(e) ne demande pas leur suppression.<\/p>\n<p>3.2 Base juridique : Consentement de l&rsquo;int\u00e9ress\u00e9(e).<\/p>\n<p>4. G\u00e9rer la participation de l&rsquo;int\u00e9ress\u00e9(e) aux cours de formation propos\u00e9s par le Responsable.<\/p>\n<p>Nous vous informons que vous pouvez retirer le consentement donn\u00e9 \u00e0 tout moment, sans affecter la l\u00e9galit\u00e9 du traitement effectu\u00e9 pr\u00e9c\u00e9demment par le Responsable.<\/p>\n<p><strong>3. Obligation de fournir les donn\u00e9es<\/strong><\/p>\n<p>Il sera n\u00e9cessaire que l&rsquo;int\u00e9ress\u00e9(e) fournisse toutes les informations marqu\u00e9es comme obligatoires sur les formulaires de collecte de donn\u00e9es susmentionn\u00e9s afin que nous puissions traiter la demande de l&rsquo;int\u00e9ress\u00e9(e) dans chaque cas.<\/p>\n<p><strong>4. Destinataires de vos donn\u00e9es<\/strong><\/p>\n<p>Le Responsable \u00e9tablit des contrats avec des tiers charg\u00e9s du traitement afin de fournir leurs services. En particulier, le responsable du traitement a conclu des accords avec les prestataires de services suivants :<\/p>\n<ul>\n<li>Aidimme, Institut technologique m\u00e9canique m\u00e9tallurgique du meuble, du bois, de l&#8217;emballage et similaire. C\/ Benjamin Franklin 13, 46980 Paterna Valencia Espagne, en tant que fournisseur de courrier \u00e9lectronique.<\/li>\n<li>Aidimme, Institut technologique m\u00e9canique m\u00e9tallurgique du meuble, du bois, de l&#8217;emballage et similaire. C\/ Benjamin Franklin 13, 46980 Paterna Valencia, Espagne, en tant que fournisseur d&rsquo;h\u00e9bergement web.<\/li>\n<\/ul>\n<p>\u00c0 l&rsquo;exception des entit\u00e9s mentionn\u00e9es, vos donn\u00e9es ne seront pas transmises \u00e0 d&rsquo;autres tiers. Si, pour une raison quelconque, il est n\u00e9cessaire de communiquer ces donn\u00e9es \u00e0 des tiers, vous en serez inform\u00e9(e) \u00e0 l&rsquo;avance et, le cas \u00e9ch\u00e9ant, votre consentement sera demand\u00e9 et les finalit\u00e9s de la communication et l&rsquo;identit\u00e9 du tiers auquel elle doit \u00eatre communiqu\u00e9e seront pr\u00e9cis\u00e9es.<\/p>\n<p>Tout cela, \u00e0 l&rsquo;exception des cas o\u00f9 une obligation l\u00e9gale oblige \u00e0 communiquer ces donn\u00e9es \u00e0 un tiers.<\/p>\n<p><strong>5. Droits<\/strong><\/p>\n<p>Les personnes qui nous fournissent leurs donn\u00e9es ont les droits suivants en ce qui concerne ces derni\u00e8res :<\/p>\n<ol>\n<li>Droit d&rsquo;acc\u00e8s<\/li>\n<li>Droit de rectification ou de suppression<\/li>\n<li>Droit \u00e0 la limitation du traitement<\/li>\n<li>Droit \u00e0 la portabilit\u00e9<\/li>\n<li>Droit d&rsquo;opposition<\/li>\n<li>Droit de r\u00e9voquer le consentement<\/li>\n<\/ol>\n<p>Si vous souhaitez obtenir plus d&rsquo;informations sur vos droits, nous vous sugg\u00e9rons de visiter le site web de l&rsquo;Agence espagnole de protection des donn\u00e9es.<\/p>\n<p>Vous pouvez exercer ces droits en envoyant un courriel \u00e0 <a href=\"mailto:lopd@at3w.com\" target=\"_blank\" rel=\"noopener noreferrer\">lopd@at3w.com<\/a>. En indiquant clairement quel droit vous souhaitez exercer et en fournissant une copie de votre document d&rsquo;identit\u00e9 pour prouver votre identit\u00e9. Vous pouvez \u00e9galement envoyer un courrier \u00e0 l&rsquo;adresse du responsable de la protection des donn\u00e9es figurant au point 1 de la pr\u00e9sente politique de confidentialit\u00e9.<\/p>\n<p>De plus, nous vous informons de la possibilit\u00e9 de d\u00e9poser une plainte aupr\u00e8s de l&rsquo;autorit\u00e9 de contr\u00f4le comp\u00e9tente, en l&rsquo;occurrence l&rsquo;Agence espagnole de protection des donn\u00e9es, notamment, au cas o\u00f9 vous n&rsquo;auriez pas obtenu satisfaction dans l&rsquo;exercice de vos droits. Vous pouvez contacter l&rsquo;Agence espagnole de protection des donn\u00e9es par t\u00e9l\u00e9phone au 901 100 099 et 912 663 517 ou en vous rendant \u00e0 son adresse C\/ Jorge Juan, 6. 28001 &#8211; Madrid Espagne<\/p>\n<p><strong>6. Source des donn\u00e9es<\/strong><\/p>\n<p>Toutes les donn\u00e9es collect\u00e9es proviennent de la personne concern\u00e9e.[\/vc_column_text][\/vc_column][\/vc_row]<\/p>\n","protected":false},"excerpt":{"rendered":"<p>[vc_row bg_type=\u00a0\u00bbimage\u00a0\u00bb parallax_style=\u00a0\u00bbvcpb-default\u00a0\u00bb bg_image_new=\u00a0\u00bbid^39705|url^https:\/\/at3w.com\/wp-content\/uploads\/fondo.jpg|caption^null|alt^null|title^fondo|description^null\u00a0\u00bb bg_override=\u00a0\u00bbex-full\u00a0\u00bb][vc_column][\/vc_column][\/vc_row][vc_row css_animation=\u00a0\u00bbbottom-to-top\u00a0\u00bb el_class=\u00a0\u00bbcontainer col-centered\u00a0\u00bb][vc_column][vc_column_text el_class=\u00a0\u00bbtitulo-18&Prime;]<\/p>\n<h2 class=\"title left\">Politique de confidentialit\u00e9<\/h2>\n<p>[\/vc_column_text][vc_column_text el_class=\u00a0\u00bbdescription\u00a0\u00bb]1. Identification du responsable du traitement<\/p>\n<p>Les donn\u00e9es fournies par l&rsquo;utilisateur seront trait\u00e9es par APLICACIONES TECNOL\u00d3GICAS, S.A. dont le si\u00e8ge social est situ\u00e9 en Espagne,<\/p>\n","protected":false},"author":2,"featured_media":39703,"parent":0,"menu_order":0,"comment_status":"closed","ping_status":"closed","template":"","meta":{"inline_featured_image":false,"footnotes":""},"class_list":["post-16832","page","type-page","status-publish","has-post-thumbnail","hentry"],"yoast_head":"<!-- This site is optimized with the Yoast SEO Premium plugin v27.0 (Yoast SEO v27.0) - https:\/\/yoast.com\/product\/yoast-seo-premium-wordpress\/ -->\n<title>Politique de confidentialit\u00e9 - Aplicaciones Tecnol\u00f3gicas<\/title>\n<meta name=\"description\" content=\"Politique de confidentialit\u00e9. Informations sur les finalit\u00e9s du traitement des donn\u00e9es effectu\u00e9 par la soci\u00e9t\u00e9 par le biais du site\" \/>\n<meta name=\"robots\" content=\"index, follow, max-snippet:-1, max-image-preview:large, max-video-preview:-1\" \/>\n<link rel=\"canonical\" href=\"https:\/\/at3w.com\/fr\/politique-de-confidentialite\/\" \/>\n<meta property=\"og:locale\" content=\"fr_FR\" \/>\n<meta property=\"og:type\" content=\"article\" \/>\n<meta property=\"og:title\" content=\"Politique de confidentialit\u00e9 - Aplicaciones Tecnol\u00f3gicas\" \/>\n<meta property=\"og:description\" content=\"Politique de confidentialit\u00e9. Informations sur les finalit\u00e9s du traitement des donn\u00e9es effectu\u00e9 par la soci\u00e9t\u00e9 par le biais du site\" \/>\n<meta property=\"og:url\" content=\"https:\/\/at3w.com\/fr\/politique-de-confidentialite\/\" \/>\n<meta property=\"og:site_name\" content=\"Aplicaciones Tecnol\u00f3gicas\" \/>\n<meta property=\"article:publisher\" content=\"https:\/\/www.facebook.com\/APLICACIONES.TECNOLOGICAS\/\" \/>\n<meta property=\"article:modified_time\" content=\"2023-04-24T09:15:25+00:00\" \/>\n<meta property=\"og:image\" content=\"https:\/\/at3w.com\/wp-content\/uploads\/fondo.jpg\" \/>\n\t<meta property=\"og:image:width\" content=\"1800\" \/>\n\t<meta property=\"og:image:height\" content=\"1013\" \/>\n\t<meta property=\"og:image:type\" content=\"image\/jpeg\" \/>\n<meta name=\"twitter:card\" content=\"summary_large_image\" \/>\n<meta name=\"twitter:label1\" content=\"Dur\u00e9e de lecture estim\u00e9e\" \/>\n\t<meta name=\"twitter:data1\" content=\"4 minutes\" \/>\n<script type=\"application\/ld+json\" class=\"yoast-schema-graph\">{\"@context\":\"https:\/\/schema.org\",\"@graph\":[{\"@type\":\"WebPage\",\"@id\":\"https:\/\/at3w.com\/fr\/politique-de-confidentialite\/\",\"url\":\"https:\/\/at3w.com\/fr\/politique-de-confidentialite\/\",\"name\":\"Politique de confidentialit\u00e9 - Aplicaciones Tecnol\u00f3gicas\",\"isPartOf\":{\"@id\":\"https:\/\/at3w.com\/fr\/#website\"},\"primaryImageOfPage\":{\"@id\":\"https:\/\/at3w.com\/fr\/politique-de-confidentialite\/#primaryimage\"},\"image\":{\"@id\":\"https:\/\/at3w.com\/fr\/politique-de-confidentialite\/#primaryimage\"},\"thumbnailUrl\":\"https:\/\/at3w.com\/wp-content\/uploads\/fondo.jpg\",\"datePublished\":\"2020-04-29T10:20:04+00:00\",\"dateModified\":\"2023-04-24T09:15:25+00:00\",\"description\":\"Politique de confidentialit\u00e9. Informations sur les finalit\u00e9s du traitement des donn\u00e9es effectu\u00e9 par la soci\u00e9t\u00e9 par le biais du site\",\"inLanguage\":\"fr-FR\",\"potentialAction\":[{\"@type\":\"ReadAction\",\"target\":[\"https:\/\/at3w.com\/fr\/politique-de-confidentialite\/\"]}]},{\"@type\":\"ImageObject\",\"inLanguage\":\"fr-FR\",\"@id\":\"https:\/\/at3w.com\/fr\/politique-de-confidentialite\/#primaryimage\",\"url\":\"https:\/\/at3w.com\/wp-content\/uploads\/fondo.jpg\",\"contentUrl\":\"https:\/\/at3w.com\/wp-content\/uploads\/fondo.jpg\",\"width\":1800,\"height\":1013,\"caption\":\"Pol\u00edtica de Privacidad, Privacy Policy, Politique de confidentialit\u00e9, Pol\u00edtica de privacidade\"},{\"@type\":\"WebSite\",\"@id\":\"https:\/\/at3w.com\/fr\/#website\",\"url\":\"https:\/\/at3w.com\/fr\/\",\"name\":\"Aplicaciones Tecnol\u00f3gicas\",\"description\":\"Smart Earthing Smart Lightning\",\"publisher\":{\"@id\":\"https:\/\/at3w.com\/fr\/#organization\"},\"potentialAction\":[{\"@type\":\"SearchAction\",\"target\":{\"@type\":\"EntryPoint\",\"urlTemplate\":\"https:\/\/at3w.com\/fr\/?s={search_term_string}\"},\"query-input\":{\"@type\":\"PropertyValueSpecification\",\"valueRequired\":true,\"valueName\":\"search_term_string\"}}],\"inLanguage\":\"fr-FR\"},{\"@type\":\"Organization\",\"@id\":\"https:\/\/at3w.com\/fr\/#organization\",\"name\":\"Aplicaciones Tecnol\u00f3gicas\",\"url\":\"https:\/\/at3w.com\/fr\/\",\"logo\":{\"@type\":\"ImageObject\",\"inLanguage\":\"fr-FR\",\"@id\":\"https:\/\/at3w.com\/fr\/#\/schema\/logo\/image\/\",\"url\":\"https:\/\/at3w.com\/wp-content\/uploads\/2019\/02\/LOGO-HOME-APLICACIONES-TECNOLOGICAS.svg\",\"contentUrl\":\"https:\/\/at3w.com\/wp-content\/uploads\/2019\/02\/LOGO-HOME-APLICACIONES-TECNOLOGICAS.svg\",\"width\":114,\"height\":104,\"caption\":\"Aplicaciones Tecnol\u00f3gicas\"},\"image\":{\"@id\":\"https:\/\/at3w.com\/fr\/#\/schema\/logo\/image\/\"},\"sameAs\":[\"https:\/\/www.facebook.com\/APLICACIONES.TECNOLOGICAS\/\",\"https:\/\/www.linkedin.com\/company\/aplicaciones-tecnologicas\/\"]}]}<\/script>\n<!-- \/ Yoast SEO Premium plugin. -->","yoast_head_json":{"title":"Politique de confidentialit\u00e9 - Aplicaciones Tecnol\u00f3gicas","description":"Politique de confidentialit\u00e9. Informations sur les finalit\u00e9s du traitement des donn\u00e9es effectu\u00e9 par la soci\u00e9t\u00e9 par le biais du site","robots":{"index":"index","follow":"follow","max-snippet":"max-snippet:-1","max-image-preview":"max-image-preview:large","max-video-preview":"max-video-preview:-1"},"canonical":"https:\/\/at3w.com\/fr\/politique-de-confidentialite\/","og_locale":"fr_FR","og_type":"article","og_title":"Politique de confidentialit\u00e9 - Aplicaciones Tecnol\u00f3gicas","og_description":"Politique de confidentialit\u00e9. Informations sur les finalit\u00e9s du traitement des donn\u00e9es effectu\u00e9 par la soci\u00e9t\u00e9 par le biais du site","og_url":"https:\/\/at3w.com\/fr\/politique-de-confidentialite\/","og_site_name":"Aplicaciones Tecnol\u00f3gicas","article_publisher":"https:\/\/www.facebook.com\/APLICACIONES.TECNOLOGICAS\/","article_modified_time":"2023-04-24T09:15:25+00:00","og_image":[{"width":1800,"height":1013,"url":"https:\/\/at3w.com\/wp-content\/uploads\/fondo.jpg","type":"image\/jpeg"}],"twitter_card":"summary_large_image","twitter_misc":{"Dur\u00e9e de lecture estim\u00e9e":"4 minutes"},"schema":{"@context":"https:\/\/schema.org","@graph":[{"@type":"WebPage","@id":"https:\/\/at3w.com\/fr\/politique-de-confidentialite\/","url":"https:\/\/at3w.com\/fr\/politique-de-confidentialite\/","name":"Politique de confidentialit\u00e9 - Aplicaciones Tecnol\u00f3gicas","isPartOf":{"@id":"https:\/\/at3w.com\/fr\/#website"},"primaryImageOfPage":{"@id":"https:\/\/at3w.com\/fr\/politique-de-confidentialite\/#primaryimage"},"image":{"@id":"https:\/\/at3w.com\/fr\/politique-de-confidentialite\/#primaryimage"},"thumbnailUrl":"https:\/\/at3w.com\/wp-content\/uploads\/fondo.jpg","datePublished":"2020-04-29T10:20:04+00:00","dateModified":"2023-04-24T09:15:25+00:00","description":"Politique de confidentialit\u00e9. Informations sur les finalit\u00e9s du traitement des donn\u00e9es effectu\u00e9 par la soci\u00e9t\u00e9 par le biais du site","inLanguage":"fr-FR","potentialAction":[{"@type":"ReadAction","target":["https:\/\/at3w.com\/fr\/politique-de-confidentialite\/"]}]},{"@type":"ImageObject","inLanguage":"fr-FR","@id":"https:\/\/at3w.com\/fr\/politique-de-confidentialite\/#primaryimage","url":"https:\/\/at3w.com\/wp-content\/uploads\/fondo.jpg","contentUrl":"https:\/\/at3w.com\/wp-content\/uploads\/fondo.jpg","width":1800,"height":1013,"caption":"Pol\u00edtica de Privacidad, Privacy Policy, Politique de confidentialit\u00e9, Pol\u00edtica de privacidade"},{"@type":"WebSite","@id":"https:\/\/at3w.com\/fr\/#website","url":"https:\/\/at3w.com\/fr\/","name":"Aplicaciones Tecnol\u00f3gicas","description":"Smart Earthing Smart Lightning","publisher":{"@id":"https:\/\/at3w.com\/fr\/#organization"},"potentialAction":[{"@type":"SearchAction","target":{"@type":"EntryPoint","urlTemplate":"https:\/\/at3w.com\/fr\/?s={search_term_string}"},"query-input":{"@type":"PropertyValueSpecification","valueRequired":true,"valueName":"search_term_string"}}],"inLanguage":"fr-FR"},{"@type":"Organization","@id":"https:\/\/at3w.com\/fr\/#organization","name":"Aplicaciones Tecnol\u00f3gicas","url":"https:\/\/at3w.com\/fr\/","logo":{"@type":"ImageObject","inLanguage":"fr-FR","@id":"https:\/\/at3w.com\/fr\/#\/schema\/logo\/image\/","url":"https:\/\/at3w.com\/wp-content\/uploads\/2019\/02\/LOGO-HOME-APLICACIONES-TECNOLOGICAS.svg","contentUrl":"https:\/\/at3w.com\/wp-content\/uploads\/2019\/02\/LOGO-HOME-APLICACIONES-TECNOLOGICAS.svg","width":114,"height":104,"caption":"Aplicaciones Tecnol\u00f3gicas"},"image":{"@id":"https:\/\/at3w.com\/fr\/#\/schema\/logo\/image\/"},"sameAs":["https:\/\/www.facebook.com\/APLICACIONES.TECNOLOGICAS\/","https:\/\/www.linkedin.com\/company\/aplicaciones-tecnologicas\/"]}]}},"_links":{"self":[{"href":"https:\/\/at3w.com\/fr\/wp-json\/wp\/v2\/pages\/16832","targetHints":{"allow":["GET"]}}],"collection":[{"href":"https:\/\/at3w.com\/fr\/wp-json\/wp\/v2\/pages"}],"about":[{"href":"https:\/\/at3w.com\/fr\/wp-json\/wp\/v2\/types\/page"}],"author":[{"embeddable":true,"href":"https:\/\/at3w.com\/fr\/wp-json\/wp\/v2\/users\/2"}],"replies":[{"embeddable":true,"href":"https:\/\/at3w.com\/fr\/wp-json\/wp\/v2\/comments?post=16832"}],"version-history":[{"count":2,"href":"https:\/\/at3w.com\/fr\/wp-json\/wp\/v2\/pages\/16832\/revisions"}],"predecessor-version":[{"id":58418,"href":"https:\/\/at3w.com\/fr\/wp-json\/wp\/v2\/pages\/16832\/revisions\/58418"}],"wp:featuredmedia":[{"embeddable":true,"href":"https:\/\/at3w.com\/fr\/wp-json\/wp\/v2\/media\/39703"}],"wp:attachment":[{"href":"https:\/\/at3w.com\/fr\/wp-json\/wp\/v2\/media?parent=16832"}],"curies":[{"name":"wp","href":"https:\/\/api.w.org\/{rel}","templated":true}]}}