{"id":51609,"date":"2022-11-03T17:52:23","date_gmt":"2022-11-03T15:52:23","guid":{"rendered":"https:\/\/at3w.com\/?page_id=51609"},"modified":"2025-11-20T12:41:28","modified_gmt":"2025-11-20T11:41:28","slug":"installation-revision-et-maintenance","status":"publish","type":"page","link":"https:\/\/at3w.com\/fr\/smart-lightning\/installation-revision-et-maintenance\/","title":{"rendered":"Installation, r\u00e9vision et maintenance"},"content":{"rendered":"<p>[vc_row bg_type=\u00a0\u00bbvideo\u00a0\u00bb video_url=\u00a0\u00bb\/wp-content\/uploads\/header-instalacion-revision-V5.mp4&Prime; video_opts=\u00a0\u00bbloop,muted\u00a0\u00bb video_poster=\u00a0\u00bbid^56547|url^https:\/\/at3w.com\/wp-content\/uploads\/BACKGROUND-INSTALACION.jpg|caption^null|alt^null|title^BACKGROUND-INSTALACIO\u0301N|description^null\u00a0\u00bb bg_override=\u00a0\u00bbfull\u00a0\u00bb enable_overlay=\u00a0\u00bbenable_overlay_value\u00a0\u00bb overlay_color=\u00a0\u00bbrgba(36,52,105,0.5)\u00a0\u00bb seperator_enable=\u00a0\u00bbseperator_enable_value\u00a0\u00bb seperator_type=\u00a0\u00bbtilt_left_seperator\u00a0\u00bb seperator_position=\u00a0\u00bbbottom_seperator\u00a0\u00bb seperator_svg_height=\u00a0\u00bb120&Prime;][vc_column][vc_row_inner][vc_column_inner width=\u00a0\u00bb1\/2&Prime;]<div class=\"ult-spacer spacer-69d789e7dde9e\" data-id=\"69d789e7dde9e\" data-height=\"500\" data-height-mobile=\"300\" data-height-tab=\"\" data-height-tab-portrait=\"\" data-height-mobile-landscape=\"\" style=\"clear:both;display:block;\"><\/div>[\/vc_column_inner][vc_column_inner width=\u00a0\u00bb1\/2&Prime;][\/vc_column_inner][\/vc_row_inner][\/vc_column][\/vc_row][vc_row css_animation=\u00a0\u00bbbottom-to-top\u00a0\u00bb][vc_column css=\u00a0\u00bb.vc_custom_1651490962346{margin-top: 0px !important;padding-top: 0px !important;}\u00a0\u00bb][vc_raw_html css=\u00a0\u00bb.vc_custom_1651490943856{margin-top: 0px !important;margin-bottom: 0px !important;padding-top: 0px !important;padding-bottom: 0px !important;}\u00a0\u00bb]JTVCZmxleHlfYnJlYWRjcnVtYiU1RA==[\/vc_raw_html][\/vc_column][\/vc_row][vc_row css_animation=\u00a0\u00bbbottom-to-top\u00a0\u00bb][vc_column width=\u00a0\u00bb1\/4&Prime;][\/vc_column][vc_column width=\u00a0\u00bb1\/2&Prime;]<div class=\"ult-spacer spacer-69d789e7ddef7\" data-id=\"69d789e7ddef7\" data-height=\"20\" data-height-mobile=\"20\" data-height-tab=\"20\" data-height-tab-portrait=\"\" data-height-mobile-landscape=\"\" style=\"clear:both;display:block;\"><\/div><div id=\"ultimate-heading-299969d789e7ddf7c\" class=\"uvc-heading ult-adjust-bottom-margin ultimate-heading-299969d789e7ddf7c uvc-1160 \" data-hspacer=\"line_only\"  data-halign=\"center\" style=\"text-align:center\"><div class=\"uvc-main-heading ult-responsive\"  data-ultimate-target='.uvc-heading.ultimate-heading-299969d789e7ddf7c h2'  data-responsive-json-new='{\"font-size\":\"desktop:46px;\",\"line-height\":\"desktop:50px;\"}' ><h2 style=\"font-family:&#039;Montserrat&#039;;font-weight:600;color:#243469;\">Installation, r\u00e9vision et maintenance<\/h2><\/div><div class=\"uvc-heading-spacer line_only\" style=\"margin-top:1em;margin-bottom:1.3em;height:4px;\"><span class=\"uvc-headings-line\" style=\"border-style:solid;border-bottom-width:4px;border-color:#f7a800;width:60px;\"><\/span><\/div><\/div><div class=\"ult-spacer spacer-69d789e7ddfee\" data-id=\"69d789e7ddfee\" data-height=\"60\" data-height-mobile=\"60\" data-height-tab=\"60\" data-height-tab-portrait=\"\" data-height-mobile-landscape=\"\" style=\"clear:both;display:block;\"><\/div>[\/vc_column][vc_column width=\u00a0\u00bb1\/4&Prime;][\/vc_column][\/vc_row][vc_row css_animation=\u00a0\u00bbbottom-to-top\u00a0\u00bb][vc_column][vc_row_inner gap=\u00a0\u00bb35&Prime;][vc_column_inner width=\u00a0\u00bb1\/2&Prime;]<div class=\"ult-content-box-container \" >\t\t<div class=\"ult-content-box\" style=\"box-shadow: px px px px none;min-height:120px;-webkit-transition: all 700ms ease;-moz-transition: all 700ms ease;-ms-transition: all 700ms ease;-o-transition: all 700ms ease;transition: all 700ms ease;\"  data-hover_box_shadow=\"none\"    ><div id=\"ultimate-heading-624269d789e7de0ff\" class=\"uvc-heading ult-adjust-bottom-margin ultimate-heading-624269d789e7de0ff uvc-2695 \" data-hspacer=\"line_only\"  data-halign=\"left\" style=\"text-align:left\"><div class=\"uvc-main-heading ult-responsive\"  data-ultimate-target='.uvc-heading.ultimate-heading-624269d789e7de0ff h2'  data-responsive-json-new='{\"font-size\":\"desktop:30px;\",\"line-height\":\"desktop:32px;\"}' ><h2 style=\"font-family:&#039;Montserrat&#039;;font-weight:600;color:#243469;margin-bottom:0.3em;\">Installation<\/h2><\/div><div class=\"uvc-heading-spacer line_only\" style=\"topheight:4px;\"><span class=\"uvc-headings-line\" style=\"border-style:solid;border-bottom-width:4px;border-color:#f7a800;width:60px;\"><\/span><\/div><div class=\"uvc-sub-heading ult-responsive\"  data-ultimate-target='.uvc-heading.ultimate-heading-624269d789e7de0ff .uvc-sub-heading '  data-responsive-json-new='{\"font-size\":\"desktop:16px;\",\"line-height\":\"desktop:24px;\"}'  style=\"font-family:&#039;Roboto&#039;;font-weight:300;margin-top:1em;\"><\/p>\n<p style=\"text-align: justify;\">Conseil et coordination d\u2019\u00e9quipes d\u2019installateurs et de sp\u00e9cialistes des travaux verticaux en Espagne et, par l\u2019interm\u00e9diaire de nos distributeurs, dans le reste du monde.<\/p>\n<p><\/div><\/div>\t\t<\/div><\/div><div class=\"ult-content-box-container \" >\t\t<div class=\"ult-content-box\" style=\"box-shadow: px px px px none;min-height:300px;-webkit-transition: all 700ms ease;-moz-transition: all 700ms ease;-ms-transition: all 700ms ease;-o-transition: all 700ms ease;transition: all 700ms ease;\"  data-hover_box_shadow=\"none\"    ><div class=\"ult-new-ib ult-ib-effect-style15  ult-ib-resp ult-ib2-min-height \" data-min-width=\"768\" data-max-width=\"900\" style=\"background:#243469; opacity:0; \" data-opacity=\"0.5\" data-hover-opacity=\"0.05\"  data-min-height=\"400\" ><img decoding=\"async\" class=\"ult-new-ib-img\" style=\"opacity:0.5;\" alt=\"null\" src=\"https:\/\/at3w.com\/wp-content\/uploads\/revision-instalacion-pararrayos-aplicaciones-tecnologicas-e1666006197984.jpg\"  data-min-height=\"400\"   \/><div id=\"interactive-banner-wrap-5691\" class=\"ult-new-ib-desc\" style=\"\"><h2 class=\"ult-new-ib-title ult-responsive\"  data-ultimate-target='#interactive-banner-wrap-5691 .ult-new-ib-title'  data-responsive-json-new='{\"font-size\":\"desktop:16px;\",\"line-height\":\"\"}'  style=\"font-family:&#039;Rajdhani&#039;;font-weight:700;color:#ffffff;\">EN SAVOIR PLUS<\/h2><div class=\"ult-new-ib-content ult-responsive\"  data-ultimate-target='#interactive-banner-wrap-5691 .ult-new-ib-content'  data-responsive-json-new='{\"font-size\":\"desktop:16px;\",\"line-height\":\"desktop:22px;\"}'  style=\"font-family:&#039;Roboto&#039;;font-weight:normal;color:#f7a800;\"><p>Pour plus d'informations sur l'installation de syst\u00e8mes de protection contre la foudre<\/p><\/div><\/div><a class=\"ult-new-ib-link\" href=\"\/fr\/ou-sommes-nous-contact\/#contact\" title=\"Contactar para instalaci\u00f3n de SPCR\"  ><\/a><\/div>\t\t<\/div><\/div>[\/vc_column_inner][vc_column_inner width=\u00a0\u00bb1\/2&Prime;]<div class=\"ult-content-box-container \" >\t\t<div class=\"ult-content-box\" style=\"box-shadow: px px px px none;min-height:120px;-webkit-transition: all 700ms ease;-moz-transition: all 700ms ease;-ms-transition: all 700ms ease;-o-transition: all 700ms ease;transition: all 700ms ease;\"  data-hover_box_shadow=\"none\"    ><div id=\"ultimate-heading-278269d789e7de6e5\" class=\"uvc-heading ult-adjust-bottom-margin ultimate-heading-278269d789e7de6e5 uvc-1906 \" data-hspacer=\"line_only\"  data-halign=\"left\" style=\"text-align:left\"><div class=\"uvc-main-heading ult-responsive\"  data-ultimate-target='.uvc-heading.ultimate-heading-278269d789e7de6e5 h2'  data-responsive-json-new='{\"font-size\":\"desktop:30px;\",\"line-height\":\"desktop:32px;\"}' ><h2 style=\"font-family:&#039;Montserrat&#039;;font-weight:600;color:#243469;margin-bottom:0.3em;\">R\u00e9vision et maintenance<\/h2><\/div><div class=\"uvc-heading-spacer line_only\" style=\"topheight:4px;\"><span class=\"uvc-headings-line\" style=\"border-style:solid;border-bottom-width:4px;border-color:#f7a800;width:60px;\"><\/span><\/div><div class=\"uvc-sub-heading ult-responsive\"  data-ultimate-target='.uvc-heading.ultimate-heading-278269d789e7de6e5 .uvc-sub-heading '  data-responsive-json-new='{\"font-size\":\"desktop:16px;\",\"line-height\":\"desktop:24px;\"}'  style=\"font-family:&#039;Roboto&#039;;font-weight:300;margin-top:1em;\"><\/p>\n<p style=\"text-align: justify;\">Nous effectuons des inspections r\u00e9glementaires p\u00e9riodiques des installations de protection contre la foudre conform\u00e9ment \u00e0 la norme <a href=\"https:\/\/at3w.com\/fr\/blog\/nouvelles-editions-des-principales-normes-de-protection-contre-la-foudre-par-paratonnerres-a-dispositif-damorcage\/\" target=\"_blank\" rel=\"noopener\">NF C17-102\/UNE 21186<\/a> pour en v\u00e9rifier l\u2019ad\u00e9quation et la maintenance.<\/p>\n<p><\/div><\/div>\t\t<\/div><\/div><div class=\"ult-content-box-container \" >\t\t<div class=\"ult-content-box\" style=\"box-shadow: px px px px none;min-height:300px;-webkit-transition: all 700ms ease;-moz-transition: all 700ms ease;-ms-transition: all 700ms ease;-o-transition: all 700ms ease;transition: all 700ms ease;\"  data-hover_box_shadow=\"none\"    ><div class=\"ult-new-ib ult-ib-effect-style15  ult-ib-resp ult-ib2-min-height \" data-min-width=\"768\" data-max-width=\"900\" style=\"background:#243469; opacity:0; \" data-opacity=\"0.5\" data-hover-opacity=\"0.05\"  data-min-height=\"400\" ><img decoding=\"async\" class=\"ult-new-ib-img\" style=\"opacity:0.5;\" alt=\"null\" src=\"https:\/\/at3w.com\/wp-content\/uploads\/2020\/06\/instalacion_revision_mantenimiento2.jpg\"  data-min-height=\"400\"   \/><div id=\"interactive-banner-wrap-5617\" class=\"ult-new-ib-desc\" style=\"\"><h2 class=\"ult-new-ib-title ult-responsive\"  data-ultimate-target='#interactive-banner-wrap-5617 .ult-new-ib-title'  data-responsive-json-new='{\"font-size\":\"desktop:16px;\",\"line-height\":\"\"}'  style=\"font-family:&#039;Rajdhani&#039;;font-weight:700;color:#ffffff;\">EN SAVOIR PLUS<\/h2><div class=\"ult-new-ib-content ult-responsive\"  data-ultimate-target='#interactive-banner-wrap-5617 .ult-new-ib-content'  data-responsive-json-new='{\"font-size\":\"desktop:16px;\",\"line-height\":\"desktop:22px;\"}'  style=\"font-family:&#039;Roboto&#039;;font-weight:normal;color:#f7a800;\"><p>Pour en savoir plus sur les r\u00e9visions et la maintenance des installations de syst\u00e8mes de protection contre la foudre<\/p><\/div><\/div><a class=\"ult-new-ib-link\" href=\"\/fr\/ou-sommes-nous-contact\/#contact\" title=\"Contactar para mantenimiento y revisi\u00f3n de una instalaci\u00f3n de SPCR\"  ><\/a><\/div>\t\t<\/div><\/div>[\/vc_column_inner][\/vc_row_inner][\/vc_column][\/vc_row][vc_row bg_type=\u00a0\u00bbbg_color\u00a0\u00bb bg_override=\u00a0\u00bbfull\u00a0\u00bb bg_color_value=\u00a0\u00bb#182c63&Prime; css=\u00a0\u00bb.vc_custom_1763638712604{padding-top: 20px !important;padding-bottom: 20px !important;}\u00a0\u00bb][vc_column][vc_row_inner][vc_column_inner width=\u00a0\u00bb2\/3&Prime;]<div id=\"ultimate-heading-512569d789e7deb3f\" class=\"uvc-heading ult-adjust-bottom-margin ultimate-heading-512569d789e7deb3f uvc-835 txt-l-c\" data-hspacer=\"no_spacer\"  data-halign=\"left\" style=\"text-align:left\"><div class=\"uvc-heading-spacer no_spacer\" style=\"top\"><\/div><div class=\"uvc-main-heading ult-responsive\"  data-ultimate-target='.uvc-heading.ultimate-heading-512569d789e7deb3f h2'  data-responsive-json-new='{\"font-size\":\"desktop:35px;\",\"line-height\":\"desktop:45px;\"}' ><h2 style=\"font-family:&#039;Montserrat&#039;;font-weight:600;color:#ffffff;\">Pour plus d'informations, veuillez nous indiquer vos coordonn\u00e9es<\/h2><\/div><\/div><div class=\"ult-spacer spacer-69d789e7debbf\" data-id=\"69d789e7debbf\" data-height=\"\" data-height-mobile=\"32\" data-height-tab=\"\" data-height-tab-portrait=\"\" data-height-mobile-landscape=\"32\" style=\"clear:both;display:block;\"><\/div>[\/vc_column_inner][vc_column_inner width=\u00a0\u00bb1\/3&Prime;]<div class=\" ubtn-ctn-center \"><a class=\"ubtn-link ult-adjust-bottom-margin ubtn-center ubtn-custom \" href=\"\/fr\/ou-sommes-nous-contact\/#contact\" ><button type=\"button\" id=\"ubtn-1861\"  class=\"ubtn ult-adjust-bottom-margin ult-responsive ubtn-custom ubtn-no-hover-bg  ulta-push  ubtn-center   tooltip-69d789e7dec3a\"  data-hover=\"\" data-border-color=\"#f7a800\" data-bg=\"\" data-hover-bg=\"#2f3e66\" data-border-hover=\"\" data-shadow-hover=\"\" data-shadow-click=\"none\" data-shadow=\"\" data-shd-shadow=\"\"  data-ultimate-target='#ubtn-1861'  data-responsive-json-new='{\"font-size\":\"desktop:22px;\",\"line-height\":\"\"}'  style=\"font-family:&#039;Montserrat&#039;;font-weight:700;width:300px;min-height:50px;padding:25px 25px;border-radius:px;border-width:2px;border-color:#f7a800;border-style:solid;color: #ffffff;\"><span class=\"ubtn-hover\" style=\"background-color:#2f3e66\"><\/span><span class=\"ubtn-data ubtn-text \" >CONTACTEZ-NOUS<\/span><\/button><\/a><\/div>[\/vc_column_inner][\/vc_row_inner]<div class=\"ult-spacer spacer-69d789e7decf5\" data-id=\"69d789e7decf5\" data-height=\"16\" data-height-mobile=\"16\" data-height-tab=\"16\" data-height-tab-portrait=\"\" data-height-mobile-landscape=\"\" style=\"clear:both;display:block;\"><\/div>[\/vc_column][\/vc_row]<\/p>\n","protected":false},"excerpt":{"rendered":"<p>[vc_row bg_type=\u00a0\u00bbvideo\u00a0\u00bb video_url=\u00a0\u00bb\/wp-content\/uploads\/header-instalacion-revision-V5.mp4&Prime; video_opts=\u00a0\u00bbloop,muted\u00a0\u00bb video_poster=\u00a0\u00bbid^56547|url^https:\/\/at3w.com\/wp-content\/uploads\/BACKGROUND-INSTALACION.jpg|caption^null|alt^null|title^BACKGROUND-INSTALACIO\u0301N|description^null\u00a0\u00bb bg_override=\u00a0\u00bbfull\u00a0\u00bb enable_overlay=\u00a0\u00bbenable_overlay_value\u00a0\u00bb overlay_color=\u00a0\u00bbrgba(36,52,105,0.5)\u00a0\u00bb seperator_enable=\u00a0\u00bbseperator_enable_value\u00a0\u00bb seperator_type=\u00a0\u00bbtilt_left_seperator\u00a0\u00bb seperator_position=\u00a0\u00bbbottom_seperator\u00a0\u00bb seperator_svg_height=\u00a0\u00bb120&Prime;][vc_column][vc_row_inner][vc_column_inner width=\u00a0\u00bb1\/2&Prime;][\/vc_column_inner][vc_column_inner width=\u00a0\u00bb1\/2&Prime;][\/vc_column_inner][\/vc_row_inner][\/vc_column][\/vc_row][vc_row css_animation=\u00a0\u00bbbottom-to-top\u00a0\u00bb][vc_column css=\u00a0\u00bb.vc_custom_1651490962346{margin-top: 0px !important;padding-top: 0px !important;}\u00a0\u00bb][vc_raw_html css=\u00a0\u00bb.vc_custom_1651490943856{margin-top: 0px !important;margin-bottom: 0px !important;padding-top: 0px !important;padding-bottom: 0px !important;}\u00a0\u00bb]JTVCZmxleHlfYnJlYWRjcnVtYiU1RA==[\/vc_raw_html][\/vc_column][\/vc_row][vc_row css_animation=\u00a0\u00bbbottom-to-top\u00a0\u00bb][vc_column width=\u00a0\u00bb1\/4&Prime;][\/vc_column][vc_column width=\u00a0\u00bb1\/2&Prime;][\/vc_column][vc_column width=\u00a0\u00bb1\/4&Prime;][\/vc_column][\/vc_row][vc_row css_animation=\u00a0\u00bbbottom-to-top\u00a0\u00bb][vc_column][vc_row_inner gap=\u00a0\u00bb35&Prime;][vc_column_inner width=\u00a0\u00bb1\/2&Prime;][\/vc_column_inner][vc_column_inner width=\u00a0\u00bb1\/2&Prime;][\/vc_column_inner][\/vc_row_inner][\/vc_column][\/vc_row][vc_row bg_type=\u00a0\u00bbbg_color\u00a0\u00bb bg_override=\u00a0\u00bbfull\u00a0\u00bb bg_color_value=\u00a0\u00bb#182c63&Prime;<\/p>\n","protected":false},"author":10,"featured_media":57388,"parent":62842,"menu_order":0,"comment_status":"closed","ping_status":"closed","template":"","meta":{"inline_featured_image":false,"footnotes":""},"class_list":["post-51609","page","type-page","status-publish","has-post-thumbnail","hentry"],"yoast_head":"<!-- This site is optimized with the Yoast SEO Premium plugin v27.0 (Yoast SEO v27.0) - https:\/\/yoast.com\/product\/yoast-seo-premium-wordpress\/ -->\n<title>Installation et maintenance - Aplicaciones Tecnol\u00f3gicas<\/title>\n<meta name=\"description\" content=\"Service complet de conseils techniques pour l&#039;installation, la r\u00e9vision et la maintenance des syst\u00e8mes de protection contre la foudre.\" \/>\n<meta name=\"robots\" content=\"index, follow, max-snippet:-1, max-image-preview:large, max-video-preview:-1\" \/>\n<link rel=\"canonical\" href=\"https:\/\/at3w.com\/fr\/smart-lightning\/installation-revision-et-maintenance\/\" \/>\n<meta property=\"og:locale\" content=\"fr_FR\" \/>\n<meta property=\"og:type\" content=\"article\" \/>\n<meta property=\"og:title\" content=\"Installation et maintenance - Aplicaciones Tecnol\u00f3gicas\" \/>\n<meta property=\"og:description\" content=\"Service complet de conseils techniques pour l&#039;installation, la r\u00e9vision et la maintenance des syst\u00e8mes de protection contre la foudre.\" \/>\n<meta property=\"og:url\" content=\"https:\/\/at3w.com\/fr\/smart-lightning\/installation-revision-et-maintenance\/\" \/>\n<meta property=\"og:site_name\" content=\"Aplicaciones Tecnol\u00f3gicas\" \/>\n<meta property=\"article:publisher\" content=\"https:\/\/www.facebook.com\/APLICACIONES.TECNOLOGICAS\/\" \/>\n<meta property=\"article:modified_time\" content=\"2025-11-20T11:41:28+00:00\" \/>\n<meta property=\"og:image\" content=\"https:\/\/at3w.com\/wp-content\/uploads\/IMG-destacada-INSTALACION-REVISION.jpg\" \/>\n\t<meta property=\"og:image:width\" content=\"1900\" \/>\n\t<meta property=\"og:image:height\" content=\"500\" \/>\n\t<meta property=\"og:image:type\" content=\"image\/jpeg\" \/>\n<meta name=\"twitter:card\" content=\"summary_large_image\" \/>\n<meta name=\"twitter:label1\" content=\"Dur\u00e9e de lecture estim\u00e9e\" \/>\n\t<meta name=\"twitter:data1\" content=\"2 minutes\" \/>\n<script type=\"application\/ld+json\" class=\"yoast-schema-graph\">{\"@context\":\"https:\/\/schema.org\",\"@graph\":[{\"@type\":\"WebPage\",\"@id\":\"https:\/\/at3w.com\/fr\/smart-lightning\/installation-revision-et-maintenance\/\",\"url\":\"https:\/\/at3w.com\/fr\/smart-lightning\/installation-revision-et-maintenance\/\",\"name\":\"Installation et maintenance - Aplicaciones Tecnol\u00f3gicas\",\"isPartOf\":{\"@id\":\"https:\/\/at3w.com\/fr\/#website\"},\"primaryImageOfPage\":{\"@id\":\"https:\/\/at3w.com\/fr\/smart-lightning\/installation-revision-et-maintenance\/#primaryimage\"},\"image\":{\"@id\":\"https:\/\/at3w.com\/fr\/smart-lightning\/installation-revision-et-maintenance\/#primaryimage\"},\"thumbnailUrl\":\"https:\/\/at3w.com\/wp-content\/uploads\/IMG-destacada-INSTALACION-REVISION.jpg\",\"datePublished\":\"2022-11-03T15:52:23+00:00\",\"dateModified\":\"2025-11-20T11:41:28+00:00\",\"description\":\"Service complet de conseils techniques pour l'installation, la r\u00e9vision et la maintenance des syst\u00e8mes de protection contre la foudre.\",\"breadcrumb\":{\"@id\":\"https:\/\/at3w.com\/fr\/smart-lightning\/installation-revision-et-maintenance\/#breadcrumb\"},\"inLanguage\":\"fr-FR\",\"potentialAction\":[{\"@type\":\"ReadAction\",\"target\":[\"https:\/\/at3w.com\/fr\/smart-lightning\/installation-revision-et-maintenance\/\"]}]},{\"@type\":\"ImageObject\",\"inLanguage\":\"fr-FR\",\"@id\":\"https:\/\/at3w.com\/fr\/smart-lightning\/installation-revision-et-maintenance\/#primaryimage\",\"url\":\"https:\/\/at3w.com\/wp-content\/uploads\/IMG-destacada-INSTALACION-REVISION.jpg\",\"contentUrl\":\"https:\/\/at3w.com\/wp-content\/uploads\/IMG-destacada-INSTALACION-REVISION.jpg\",\"width\":1900,\"height\":500,\"caption\":\"Instalaci\u00f3n y mantenimiento, Installation and maintenance, Installation et maintenance, Instala\u00e7\u00e3o e manuten\u00e7\u00e3o\"},{\"@type\":\"BreadcrumbList\",\"@id\":\"https:\/\/at3w.com\/fr\/smart-lightning\/installation-revision-et-maintenance\/#breadcrumb\",\"itemListElement\":[{\"@type\":\"ListItem\",\"position\":1,\"name\":\"Smart Lightning\",\"item\":\"https:\/\/at3w.com\/fr\/smart-lightning\/\"},{\"@type\":\"ListItem\",\"position\":2,\"name\":\"Installation, r\u00e9vision et maintenance\"}]},{\"@type\":\"WebSite\",\"@id\":\"https:\/\/at3w.com\/fr\/#website\",\"url\":\"https:\/\/at3w.com\/fr\/\",\"name\":\"Aplicaciones Tecnol\u00f3gicas\",\"description\":\"Smart Earthing Smart Lightning\",\"publisher\":{\"@id\":\"https:\/\/at3w.com\/fr\/#organization\"},\"potentialAction\":[{\"@type\":\"SearchAction\",\"target\":{\"@type\":\"EntryPoint\",\"urlTemplate\":\"https:\/\/at3w.com\/fr\/?s={search_term_string}\"},\"query-input\":{\"@type\":\"PropertyValueSpecification\",\"valueRequired\":true,\"valueName\":\"search_term_string\"}}],\"inLanguage\":\"fr-FR\"},{\"@type\":\"Organization\",\"@id\":\"https:\/\/at3w.com\/fr\/#organization\",\"name\":\"Aplicaciones Tecnol\u00f3gicas\",\"url\":\"https:\/\/at3w.com\/fr\/\",\"logo\":{\"@type\":\"ImageObject\",\"inLanguage\":\"fr-FR\",\"@id\":\"https:\/\/at3w.com\/fr\/#\/schema\/logo\/image\/\",\"url\":\"https:\/\/at3w.com\/wp-content\/uploads\/2019\/02\/LOGO-HOME-APLICACIONES-TECNOLOGICAS.svg\",\"contentUrl\":\"https:\/\/at3w.com\/wp-content\/uploads\/2019\/02\/LOGO-HOME-APLICACIONES-TECNOLOGICAS.svg\",\"width\":114,\"height\":104,\"caption\":\"Aplicaciones Tecnol\u00f3gicas\"},\"image\":{\"@id\":\"https:\/\/at3w.com\/fr\/#\/schema\/logo\/image\/\"},\"sameAs\":[\"https:\/\/www.facebook.com\/APLICACIONES.TECNOLOGICAS\/\",\"https:\/\/www.linkedin.com\/company\/aplicaciones-tecnologicas\/\"]}]}<\/script>\n<!-- \/ Yoast SEO Premium plugin. -->","yoast_head_json":{"title":"Installation et maintenance - Aplicaciones Tecnol\u00f3gicas","description":"Service complet de conseils techniques pour l'installation, la r\u00e9vision et la maintenance des syst\u00e8mes de protection contre la foudre.","robots":{"index":"index","follow":"follow","max-snippet":"max-snippet:-1","max-image-preview":"max-image-preview:large","max-video-preview":"max-video-preview:-1"},"canonical":"https:\/\/at3w.com\/fr\/smart-lightning\/installation-revision-et-maintenance\/","og_locale":"fr_FR","og_type":"article","og_title":"Installation et maintenance - Aplicaciones Tecnol\u00f3gicas","og_description":"Service complet de conseils techniques pour l'installation, la r\u00e9vision et la maintenance des syst\u00e8mes de protection contre la foudre.","og_url":"https:\/\/at3w.com\/fr\/smart-lightning\/installation-revision-et-maintenance\/","og_site_name":"Aplicaciones Tecnol\u00f3gicas","article_publisher":"https:\/\/www.facebook.com\/APLICACIONES.TECNOLOGICAS\/","article_modified_time":"2025-11-20T11:41:28+00:00","og_image":[{"width":1900,"height":500,"url":"https:\/\/at3w.com\/wp-content\/uploads\/IMG-destacada-INSTALACION-REVISION.jpg","type":"image\/jpeg"}],"twitter_card":"summary_large_image","twitter_misc":{"Dur\u00e9e de lecture estim\u00e9e":"2 minutes"},"schema":{"@context":"https:\/\/schema.org","@graph":[{"@type":"WebPage","@id":"https:\/\/at3w.com\/fr\/smart-lightning\/installation-revision-et-maintenance\/","url":"https:\/\/at3w.com\/fr\/smart-lightning\/installation-revision-et-maintenance\/","name":"Installation et maintenance - Aplicaciones Tecnol\u00f3gicas","isPartOf":{"@id":"https:\/\/at3w.com\/fr\/#website"},"primaryImageOfPage":{"@id":"https:\/\/at3w.com\/fr\/smart-lightning\/installation-revision-et-maintenance\/#primaryimage"},"image":{"@id":"https:\/\/at3w.com\/fr\/smart-lightning\/installation-revision-et-maintenance\/#primaryimage"},"thumbnailUrl":"https:\/\/at3w.com\/wp-content\/uploads\/IMG-destacada-INSTALACION-REVISION.jpg","datePublished":"2022-11-03T15:52:23+00:00","dateModified":"2025-11-20T11:41:28+00:00","description":"Service complet de conseils techniques pour l'installation, la r\u00e9vision et la maintenance des syst\u00e8mes de protection contre la foudre.","breadcrumb":{"@id":"https:\/\/at3w.com\/fr\/smart-lightning\/installation-revision-et-maintenance\/#breadcrumb"},"inLanguage":"fr-FR","potentialAction":[{"@type":"ReadAction","target":["https:\/\/at3w.com\/fr\/smart-lightning\/installation-revision-et-maintenance\/"]}]},{"@type":"ImageObject","inLanguage":"fr-FR","@id":"https:\/\/at3w.com\/fr\/smart-lightning\/installation-revision-et-maintenance\/#primaryimage","url":"https:\/\/at3w.com\/wp-content\/uploads\/IMG-destacada-INSTALACION-REVISION.jpg","contentUrl":"https:\/\/at3w.com\/wp-content\/uploads\/IMG-destacada-INSTALACION-REVISION.jpg","width":1900,"height":500,"caption":"Instalaci\u00f3n y mantenimiento, Installation and maintenance, Installation et maintenance, Instala\u00e7\u00e3o e manuten\u00e7\u00e3o"},{"@type":"BreadcrumbList","@id":"https:\/\/at3w.com\/fr\/smart-lightning\/installation-revision-et-maintenance\/#breadcrumb","itemListElement":[{"@type":"ListItem","position":1,"name":"Smart Lightning","item":"https:\/\/at3w.com\/fr\/smart-lightning\/"},{"@type":"ListItem","position":2,"name":"Installation, r\u00e9vision et maintenance"}]},{"@type":"WebSite","@id":"https:\/\/at3w.com\/fr\/#website","url":"https:\/\/at3w.com\/fr\/","name":"Aplicaciones Tecnol\u00f3gicas","description":"Smart Earthing Smart Lightning","publisher":{"@id":"https:\/\/at3w.com\/fr\/#organization"},"potentialAction":[{"@type":"SearchAction","target":{"@type":"EntryPoint","urlTemplate":"https:\/\/at3w.com\/fr\/?s={search_term_string}"},"query-input":{"@type":"PropertyValueSpecification","valueRequired":true,"valueName":"search_term_string"}}],"inLanguage":"fr-FR"},{"@type":"Organization","@id":"https:\/\/at3w.com\/fr\/#organization","name":"Aplicaciones Tecnol\u00f3gicas","url":"https:\/\/at3w.com\/fr\/","logo":{"@type":"ImageObject","inLanguage":"fr-FR","@id":"https:\/\/at3w.com\/fr\/#\/schema\/logo\/image\/","url":"https:\/\/at3w.com\/wp-content\/uploads\/2019\/02\/LOGO-HOME-APLICACIONES-TECNOLOGICAS.svg","contentUrl":"https:\/\/at3w.com\/wp-content\/uploads\/2019\/02\/LOGO-HOME-APLICACIONES-TECNOLOGICAS.svg","width":114,"height":104,"caption":"Aplicaciones Tecnol\u00f3gicas"},"image":{"@id":"https:\/\/at3w.com\/fr\/#\/schema\/logo\/image\/"},"sameAs":["https:\/\/www.facebook.com\/APLICACIONES.TECNOLOGICAS\/","https:\/\/www.linkedin.com\/company\/aplicaciones-tecnologicas\/"]}]}},"_links":{"self":[{"href":"https:\/\/at3w.com\/fr\/wp-json\/wp\/v2\/pages\/51609","targetHints":{"allow":["GET"]}}],"collection":[{"href":"https:\/\/at3w.com\/fr\/wp-json\/wp\/v2\/pages"}],"about":[{"href":"https:\/\/at3w.com\/fr\/wp-json\/wp\/v2\/types\/page"}],"author":[{"embeddable":true,"href":"https:\/\/at3w.com\/fr\/wp-json\/wp\/v2\/users\/10"}],"replies":[{"embeddable":true,"href":"https:\/\/at3w.com\/fr\/wp-json\/wp\/v2\/comments?post=51609"}],"version-history":[{"count":9,"href":"https:\/\/at3w.com\/fr\/wp-json\/wp\/v2\/pages\/51609\/revisions"}],"predecessor-version":[{"id":64801,"href":"https:\/\/at3w.com\/fr\/wp-json\/wp\/v2\/pages\/51609\/revisions\/64801"}],"up":[{"embeddable":true,"href":"https:\/\/at3w.com\/fr\/wp-json\/wp\/v2\/pages\/62842"}],"wp:featuredmedia":[{"embeddable":true,"href":"https:\/\/at3w.com\/fr\/wp-json\/wp\/v2\/media\/57388"}],"wp:attachment":[{"href":"https:\/\/at3w.com\/fr\/wp-json\/wp\/v2\/media?parent=51609"}],"curies":[{"name":"wp","href":"https:\/\/api.w.org\/{rel}","templated":true}]}}