{"id":52823,"date":"2022-10-27T17:15:45","date_gmt":"2022-10-27T15:15:45","guid":{"rendered":"https:\/\/at3w.com\/politica-de-cookies\/"},"modified":"2023-05-15T13:56:09","modified_gmt":"2023-05-15T11:56:09","slug":"politique-sur-les-cookies","status":"publish","type":"page","link":"https:\/\/at3w.com\/fr\/politique-sur-les-cookies\/","title":{"rendered":"Politique sur les cookies"},"content":{"rendered":"<p>[vc_row bg_type=\u00a0\u00bbimage\u00a0\u00bb parallax_style=\u00a0\u00bbvcpb-default\u00a0\u00bb bg_image_new=\u00a0\u00bbid^39705|url^https:\/\/at3w.com\/wp-content\/uploads\/fondo.jpg|caption^null|alt^null|title^fondo|description^null\u00a0\u00bb bg_image_repeat=\u00a0\u00bbno-repeat\u00a0\u00bb bg_override=\u00a0\u00bbex-full\u00a0\u00bb enable_overlay=\u00a0\u00bbenable_overlay_value\u00a0\u00bb overlay_color=\u00a0\u00bbrgba(36,52,105,0.5)\u00a0\u00bb][vc_column]<div class=\"ult-spacer spacer-69e8eec7bd862\" data-id=\"69e8eec7bd862\" data-height=\"400\" data-height-mobile=\"400\" data-height-tab=\"400\" data-height-tab-portrait=\"\" data-height-mobile-landscape=\"\" style=\"clear:both;display:block;\"><\/div>[\/vc_column][\/vc_row][vc_row css_animation=\u00a0\u00bbbottom-to-top\u00a0\u00bb el_class=\u00a0\u00bbcontainer col-centered\u00a0\u00bb][vc_column][vc_column_text el_class=\u00a0\u00bbtitulo-24&Prime; el_id=\u00a0\u00bbestudios\u00a0\u00bb]<\/p>\n<h2 class=\"title left\">Politique sur les cookies<\/h2>\n<p>[\/vc_column_text][vc_column_text el_class=\u00a0\u00bbdescription\u00a0\u00bb]<strong>I. D\u00e9finition et fonction des cookies<\/strong><\/p>\n<p>Que sont les cookies ? Un cookie est un fichier qui est t\u00e9l\u00e9charg\u00e9 sur votre ordinateur lorsque vous acc\u00e9dez \u00e0 certains sites web. Les cookies permettent \u00e0 une page web, entre autres choses, de stocker et d\u2019extraire des informations sur les habitudes de navigation d\u2019un utilisateur ou de son ordinateur et, en fonction des informations qu\u2019ils contiennent et de la fa\u00e7on dont il utilise son ordinateur, ils peuvent \u00eatre utilis\u00e9s pour reconna\u00eetre l\u2019utilisateur<\/p>\n<p><strong>II. Types de cookies<\/strong><\/p>\n<ol>\n<li>En fonction du propri\u00e9taire du cookie :<br \/>\n1. Cookies propres : ils sont envoy\u00e9s \u00e0 l\u2019\u00e9quipement terminal de l\u2019utilisateur depuis un ordinateur ou un domaine g\u00e9r\u00e9 par l\u2019\u00e9diteur lui-m\u00eame et \u00e0 partir duquel le service demand\u00e9 par l\u2019utilisateur est fourni.<br \/>\n2. Cookies tiers : il s\u2019agit de cookies qui sont envoy\u00e9s \u00e0 l\u2019\u00e9quipement terminal de l\u2019utilisateur \u00e0 partir d\u2019un ordinateur ou d\u2019un domaine qui n\u2019est pas g\u00e9r\u00e9 par l\u2019\u00e9diteur, mais par une autre entit\u00e9 qui traite les donn\u00e9es obtenues par le biais des cookies.<\/li>\n<li>En fonction de la dur\u00e9e du cookie :<br \/>\n1. Cookies de session : il s\u2019agit d\u2019un type de cookies con\u00e7us pour collecter et stocker des donn\u00e9es lorsque l\u2019utilisateur acc\u00e8de \u00e0 une page web.<br \/>\n2. Cookies permanents : Il s\u2019agit d\u2019un type de cookie dans lequel les donn\u00e9es sont toujours stock\u00e9es dans le terminal et peuvent \u00eatre consult\u00e9es et trait\u00e9es pendant une p\u00e9riode d\u00e9finie par la personne responsable du cookie, qui peut aller de quelques minutes \u00e0 plusieurs ann\u00e9es.<\/li>\n<li>En fonction de la finalit\u00e9 du cookie :<br \/>\n1. Cookies d\u2019analyse : Ce sont ceux qui, trait\u00e9s par nous ou par des tiers, nous permettent de quantifier le nombre d\u2019utilisateurs et donc d\u2019effectuer la mesure et l\u2019analyse statistique de l\u2019utilisation faite par les utilisateurs du service offert. \u00c0 cette fin, votre navigation sur notre site web est analys\u00e9e afin d\u2019am\u00e9liorer les produits ou services que nous vous proposons.<br \/>\n2. Cookies publicitaires : ce sont ceux qui permettent la gestion, de la mani\u00e8re la plus efficace possible, des espaces publicitaires que, le cas \u00e9ch\u00e9ant, l\u2019\u00e9diteur a inclus dans une page web, une application ou une plateforme \u00e0 partir de laquelle il fournit le service demand\u00e9, en fonction de crit\u00e8res tels que le contenu \u00e9dit\u00e9 ou la fr\u00e9quence de diffusion des annonces.<br \/>\n3. Cookies publicitaires comportementaux : Ce sont ceux qui permettent de g\u00e9rer, de la mani\u00e8re la plus efficace possible, les espaces publicitaires que, dans leur cas, l\u2019\u00e9diteur a inclus dans une page web, une application ou une plateforme \u00e0 partir de laquelle il fournit le service demand\u00e9. Ces cookies stockent des informations sur le comportement des utilisateurs obtenues par l\u2019observation continue de leurs habitudes de navigation, ce qui permet de d\u00e9velopper un profil sp\u00e9cifique pour afficher la publicit\u00e9 qui en d\u00e9coule. Il est \u00e9galement possible que lorsque vous visitez un site web ou ouvrez un message \u00e9lectronique dans lequel est publi\u00e9e une publicit\u00e9 ou une promotion de nos produits ou services, un cookie soit install\u00e9 dans votre navigateur. Ce cookie est utilis\u00e9 pour afficher des publicit\u00e9s li\u00e9es \u00e0 la recherche que vous avez effectu\u00e9e, pour d\u00e9velopper un contr\u00f4le de nos publicit\u00e9s en fonction, par exemple, du nombre de fois qu\u2019elles sont vues, de l\u2019endroit o\u00f9 elles apparaissent, de l\u2019heure \u00e0 laquelle elles sont vues, etc.<br \/>\n4. Cookies techniques : Ils permettent \u00e0 l\u2019utilisateur de naviguer sur une page web, une plate-forme ou une application et d\u2019utiliser les diff\u00e9rentes options ou services qui y sont propos\u00e9s, comme par exemple le contr\u00f4le du trafic et de la communication des donn\u00e9es, l\u2019identification de la session, l\u2019acc\u00e8s \u00e0 des parties d\u2019acc\u00e8s restreint, la m\u00e9morisation des \u00e9l\u00e9ments qui composent une commande, le processus d\u2019achat d\u2019une commande, la demande d\u2019inscription ou de participation \u00e0 un \u00e9v\u00e9nement, l\u2019utilisation d\u2019\u00e9l\u00e9ments de s\u00e9curit\u00e9 pendant la navigation, le stockage de contenus pour la diffusion de vid\u00e9os ou de sons ou le partage de contenus par le biais de r\u00e9seaux sociaux.<br \/>\n5. Cookies de personnalisation : Ce sont ceux qui permettent \u00e0 l\u2019utilisateur d\u2019acc\u00e9der au service avec certaines caract\u00e9ristiques g\u00e9n\u00e9rales pr\u00e9d\u00e9finies selon une s\u00e9rie de crit\u00e8res dans le terminal de l\u2019utilisateur, tels que la langue, le type de navigateur par lequel l\u2019utilisateur acc\u00e8de au service, la configuration r\u00e9gionale \u00e0 partir de laquelle l\u2019utilisateur acc\u00e8de au service, etc.<\/li>\n<\/ol>\n<p><strong>III. Cookies utilis\u00e9s sur\u00a0<\/strong><a href=\"https:\/\/at3w.com\/\" target=\"_blank\" rel=\"noopener noreferrer\"><strong>www.at3w.com<\/strong><\/a><\/p>\n<table border=\"1\" width=\"524\" cellspacing=\"1\" cellpadding=\"5\" align=\"center\">\n<colgroup>\n<col width=\"77\" \/>\n<col width=\"133\" \/>\n<col width=\"84\" \/>\n<col width=\"183\" \/><\/colgroup>\n<tbody>\n<tr>\n<td width=\"77\" height=\"37\"><strong>Nom du fournisseur<\/strong><\/td>\n<td valign=\"TOP\" width=\"133\"><strong>Nom des cookies<\/strong><\/td>\n<td width=\"84\"><strong>Dur\u00e9e de conservation<\/strong><\/td>\n<td width=\"183\"><strong>Description de l\u2019objectif du cookie<\/strong><\/td>\n<\/tr>\n<tr>\n<td width=\"77\" height=\"88\">Google Inc.<\/td>\n<td valign=\"TOP\" width=\"133\"><span lang=\"es-ES\">__utma<\/span><\/p>\n<p><span lang=\"es-ES\">__utmb<\/span><\/p>\n<p><span lang=\"es-ES\">__utmc<\/span><\/p>\n<p><span lang=\"es-ES\">__utmt_es<\/span><\/p>\n<p><span lang=\"es-ES\">__utmt<\/span><\/p>\n<p>__utmz<\/td>\n<td valign=\"TOP\" width=\"84\"><span lang=\"en-US\">2 ans<\/span><\/p>\n<p><span lang=\"en-US\">30 minutes<\/span><\/p>\n<p><span lang=\"en-US\">Session<\/span><\/p>\n<p><span lang=\"en-US\">10 minutes<\/span><\/p>\n<p><span lang=\"en-US\">10 minutes<\/span><\/p>\n<p><span lang=\"en-US\">6 mois<\/span><\/td>\n<td valign=\"TOP\" width=\"183\">Service Google Analytics. Obtenir des informations de la navigation, mesurer et analyser l\u2019audience<\/p>\n<p><a href=\"https:\/\/developers.google.com\/analytics\/devguides\/collection\/analyticsjs\/cookie-usage\" target=\"_blank\" rel=\"noopener noreferrer\"><u>Pour en savoir plus<\/u><\/a><\/td>\n<\/tr>\n<tr>\n<td width=\"77\" height=\"89\">DoubleClick<\/td>\n<td valign=\"TOP\" width=\"133\">Sans cookies, il s\u2019agit d\u2019un tracker<\/td>\n<td valign=\"TOP\" width=\"84\">\n<p lang=\"en-US\">\n<\/td>\n<td valign=\"TOP\" width=\"183\"><span lang=\"en-US\"><strong>Obtenir des informations sur la navigation, mesurer et analyser l\u2019audience.<\/strong>\u00a0<\/span><a href=\"https:\/\/policies.google.com\/technologies\/types\" target=\"_blank\" rel=\"noopener noreferrer\"><u>Pour en savoir plus<\/u><\/a><\/td>\n<\/tr>\n<tr>\n<td width=\"77\" height=\"76\">YouTube<\/td>\n<td valign=\"TOP\" width=\"133\"><span lang=\"en-US\">PREF<\/span><\/p>\n<p><span lang=\"en-US\">VISITOR_INFO1_LIVE<\/span><\/p>\n<p><span lang=\"en-US\">YSC<\/span><\/td>\n<td valign=\"TOP\" width=\"84\">8 mois<\/p>\n<p>8 mois<\/p>\n<p>Session<\/td>\n<td valign=\"TOP\" width=\"183\">Maintenir les pr\u00e9f\u00e9rences de session pour le visionnement des vid\u00e9os.<\/p>\n<p>\u00c9valuer la bande passante de l\u2019utilisateur.<\/p>\n<p><a href=\"https:\/\/policies.google.com\/technologies\/types\" target=\"_blank\" rel=\"noopener noreferrer\">Pour en savoir plusmation<\/a><\/td>\n<\/tr>\n<\/tbody>\n<\/table>\n<p>&nbsp;<\/p>\n<p><strong>Note :\u00a0<\/strong>Cette liste sera mise \u00e0 jour dans les meilleurs d\u00e9lais en fonction de l\u2019\u00e9volution des services offerts sur les sites web et des cookies utilis\u00e9s \u00e0 cet effet. Toutefois, il se peut que, lors de cette mise \u00e0 jour, la liste ne comprenne plus de cookies, bien qu\u2019elle fasse toujours r\u00e9f\u00e9rence \u00e0 des cookies aux m\u00eames fins que ceux enregistr\u00e9s sur cette liste<\/p>\n<p>Afin de r\u00e9aliser les statistiques d\u2019utilisation de ce site web, nous utilisons les cookies dans le but de conna\u00eetre le niveau de r\u00e9currence de nos visiteurs et les contenus les plus int\u00e9ressants. Nous pouvons ainsi concentrer nos efforts sur l\u2019am\u00e9lioration des zones les plus visit\u00e9es et permettre aux utilisateurs de trouver plus facilement ce qu\u2019ils recherchent. Sur ce site web, les informations relatives \u00e0 votre visite peuvent \u00eatre utilis\u00e9es pour effectuer des \u00e9valuations et des calculs statistiques sur des donn\u00e9es anonymes, ainsi que pour garantir la continuit\u00e9 du service ou pour apporter des am\u00e9liorations aux sites web. Pour plus de d\u00e9tails, veuillez consulter le lien suivant concernant la\u00a0<a href=\"https:\/\/policies.google.com\/privacy?hl=fr\" target=\"_blank\" rel=\"noopener noreferrer\">politique de confidentialit\u00e9<\/a><\/p>\n<p><strong>IV. Consentement \u00e9clair\u00e9<\/strong><\/p>\n<p>L\u2019utilisation de ce site web par vos soins implique que\u00a0<strong>vous donniez votre consentement explicite et sans \u00e9quivoque \u00e0 l\u2019utilisation de cookies, selon les termes et conditions pr\u00e9vus dans la pr\u00e9sente politique en mati\u00e8re de cookies<\/strong>, sans pr\u00e9judice des mesures de d\u00e9sactivation et d\u2019\u00e9limination des cookies que vous pouvez adopter, et qui sont mentionn\u00e9es dans la section suivante.<\/p>\n<p><strong>V. R\u00e9vocation et suppression des cookies<\/strong><\/p>\n<p>Vous pouvez autoriser, bloquer ou supprimer les cookies install\u00e9s sur votre ordinateur en param\u00e9trant les options du navigateur install\u00e9 sur votre ordinateur. Si vous n\u2019autorisez pas l\u2019installation de cookies sur votre navigateur, vous risquez de ne pas pouvoir acc\u00e9der \u00e0 certaines sections de nos sites web.<\/p>\n<p>Pour plus d\u2019informations sur la mani\u00e8re de bloquer l\u2019utilisation des cookies, vous pouvez consulter les liens suivants :<\/p>\n<p><strong>V. R\u00e9vocation et suppression des cookies<\/strong><\/p>\n<ul>\n<li><a href=\"https:\/\/support.google.com\/chrome\/answer\/95647?hl=fr\" target=\"_blank\" rel=\"noopener noreferrer\"><u>Configuration des cookies pour Google Chrome<\/u><\/a><\/li>\n<li><a href=\"https:\/\/support.mozilla.org\/es\/kb\/cookies-informacion-que-los-sitios-web-guardan-en-?redirectlocale=en-US&amp;redirectslug=Cookies#firefox:win10:fx82\" target=\"_blank\" rel=\"noopener noreferrer\"><u>Configuration des cookies pour Mozilla Firefox<\/u><\/a><\/li>\n<li><a href=\"https:\/\/support.microsoft.com\/es-es\/help\/196955\" target=\"_blank\" rel=\"noopener noreferrer\"><u>Configuration des cookies pour Internet Explorer<\/u><\/a><\/li>\n<li><a href=\"https:\/\/support.apple.com\/fr-fr\/HT201265\" target=\"_blank\" rel=\"noopener noreferrer\"><u>Configuration des cookies pour Safari<\/u><\/a><\/li>\n<\/ul>\n<p>Si vous avez des questions sur la mani\u00e8re dont nous utilisons les cookies, et que la pr\u00e9sente politique en mati\u00e8re de cookies n\u2019y r\u00e9pond pas, veuillez nous envoyer vos commentaires \u00e0 l\u2019adresse \u00e9lectronique suivante :\u00a0<a href=\"mailto:atsa@at3w.com\" target=\"_blank\" rel=\"noopener noreferrer\"><u>atsa@at3w.com<\/u><\/a>.<\/p>\n<p>Si vous souhaitez obtenir plus d\u2019informations sur l\u2019utilisation des cookies par les sites web, vous pouvez consulter la\u00a0<u><a href=\"https:\/\/www.boe.es\/buscar\/act.php?id=BOE-A-2002-13758\" target=\"_blank\" rel=\"noopener noreferrer\">loi 34\/2002, du 11 juillet, sur les services de la soci\u00e9t\u00e9 de l\u2019information et le commerce \u00e9lectronique<\/a><\/u>\u00a0et le\u00a0<u><a href=\"https:\/\/www.aepd.es\/es\" target=\"_blank\" rel=\"noopener noreferrer\">guide sur l\u2019utilisation des cookies publi\u00e9 par l\u2019Agence de protection des donn\u00e9es<\/a>.<\/u>[\/vc_column_text][\/vc_column][\/vc_row]<\/p>\n","protected":false},"excerpt":{"rendered":"<p>[vc_row bg_type=\u00a0\u00bbimage\u00a0\u00bb parallax_style=\u00a0\u00bbvcpb-default\u00a0\u00bb bg_image_new=\u00a0\u00bbid^39705|url^https:\/\/at3w.com\/wp-content\/uploads\/fondo.jpg|caption^null|alt^null|title^fondo|description^null\u00a0\u00bb bg_image_repeat=\u00a0\u00bbno-repeat\u00a0\u00bb bg_override=\u00a0\u00bbex-full\u00a0\u00bb enable_overlay=\u00a0\u00bbenable_overlay_value\u00a0\u00bb overlay_color=\u00a0\u00bbrgba(36,52,105,0.5)\u00a0\u00bb][vc_column][\/vc_column][\/vc_row][vc_row css_animation=\u00a0\u00bbbottom-to-top\u00a0\u00bb el_class=\u00a0\u00bbcontainer col-centered\u00a0\u00bb][vc_column][vc_column_text el_class=\u00a0\u00bbtitulo-24&Prime; el_id=\u00a0\u00bbestudios\u00a0\u00bb]<\/p>\n<h2 class=\"title left\">Politique sur les cookies<\/h2>\n<p>[\/vc_column_text][vc_column_text el_class=\u00a0\u00bbdescription\u00a0\u00bb]I. D\u00e9finition et fonction des cookies<\/p>\n<p>Que sont les cookies ?<\/p>\n","protected":false},"author":2,"featured_media":39706,"parent":0,"menu_order":0,"comment_status":"closed","ping_status":"closed","template":"","meta":{"inline_featured_image":false,"footnotes":""},"class_list":["post-52823","page","type-page","status-publish","has-post-thumbnail","hentry"],"yoast_head":"<!-- This site is optimized with the Yoast SEO Premium plugin v27.0 (Yoast SEO v27.0) - https:\/\/yoast.com\/product\/yoast-seo-premium-wordpress\/ -->\n<title>Politique sur les cookies - Aplicaciones Tecnol\u00f3gicas<\/title>\n<meta name=\"description\" content=\"Informations sur notre politique sur les cookies pour les utilisateurs du site web de Aplicaciones Tecnol\u00f3gicas.\" \/>\n<meta name=\"robots\" content=\"index, follow, max-snippet:-1, max-image-preview:large, max-video-preview:-1\" \/>\n<link rel=\"canonical\" href=\"https:\/\/at3w.com\/fr\/politique-sur-les-cookies\/\" \/>\n<meta property=\"og:locale\" content=\"fr_FR\" \/>\n<meta property=\"og:type\" content=\"article\" \/>\n<meta property=\"og:title\" content=\"Politique sur les cookies - Aplicaciones Tecnol\u00f3gicas\" \/>\n<meta property=\"og:description\" content=\"Informations sur notre politique sur les cookies pour les utilisateurs du site web de Aplicaciones Tecnol\u00f3gicas.\" \/>\n<meta property=\"og:url\" content=\"https:\/\/at3w.com\/fr\/politique-sur-les-cookies\/\" \/>\n<meta property=\"og:site_name\" content=\"Aplicaciones Tecnol\u00f3gicas\" \/>\n<meta property=\"article:publisher\" content=\"https:\/\/www.facebook.com\/APLICACIONES.TECNOLOGICAS\/\" \/>\n<meta property=\"article:modified_time\" content=\"2023-05-15T11:56:09+00:00\" \/>\n<meta property=\"og:image\" content=\"https:\/\/at3w.com\/wp-content\/uploads\/fondo.jpg\" \/>\n\t<meta property=\"og:image:width\" content=\"1800\" \/>\n\t<meta property=\"og:image:height\" content=\"1013\" \/>\n\t<meta property=\"og:image:type\" content=\"image\/jpeg\" \/>\n<meta name=\"twitter:card\" content=\"summary_large_image\" \/>\n<meta name=\"twitter:label1\" content=\"Dur\u00e9e de lecture estim\u00e9e\" \/>\n\t<meta name=\"twitter:data1\" content=\"6 minutes\" \/>\n<script type=\"application\/ld+json\" class=\"yoast-schema-graph\">{\"@context\":\"https:\/\/schema.org\",\"@graph\":[{\"@type\":\"WebPage\",\"@id\":\"https:\/\/at3w.com\/fr\/politique-sur-les-cookies\/\",\"url\":\"https:\/\/at3w.com\/fr\/politique-sur-les-cookies\/\",\"name\":\"Politique sur les cookies - Aplicaciones Tecnol\u00f3gicas\",\"isPartOf\":{\"@id\":\"https:\/\/at3w.com\/fr\/#website\"},\"primaryImageOfPage\":{\"@id\":\"https:\/\/at3w.com\/fr\/politique-sur-les-cookies\/#primaryimage\"},\"image\":{\"@id\":\"https:\/\/at3w.com\/fr\/politique-sur-les-cookies\/#primaryimage\"},\"thumbnailUrl\":\"https:\/\/at3w.com\/wp-content\/uploads\/fondo.jpg\",\"datePublished\":\"2022-10-27T15:15:45+00:00\",\"dateModified\":\"2023-05-15T11:56:09+00:00\",\"description\":\"Informations sur notre politique sur les cookies pour les utilisateurs du site web de Aplicaciones Tecnol\u00f3gicas.\",\"inLanguage\":\"fr-FR\",\"potentialAction\":[{\"@type\":\"ReadAction\",\"target\":[\"https:\/\/at3w.com\/fr\/politique-sur-les-cookies\/\"]}]},{\"@type\":\"ImageObject\",\"inLanguage\":\"fr-FR\",\"@id\":\"https:\/\/at3w.com\/fr\/politique-sur-les-cookies\/#primaryimage\",\"url\":\"https:\/\/at3w.com\/wp-content\/uploads\/fondo.jpg\",\"contentUrl\":\"https:\/\/at3w.com\/wp-content\/uploads\/fondo.jpg\",\"width\":1800,\"height\":1013,\"caption\":\"Pol\u00edtica de Cookies, Cookies policy, Politique sur les cookies, Aviso Legal, Legal Warning, Mentions L\u00e9gales, Advert\u00eancia Legal\"},{\"@type\":\"WebSite\",\"@id\":\"https:\/\/at3w.com\/fr\/#website\",\"url\":\"https:\/\/at3w.com\/fr\/\",\"name\":\"Aplicaciones Tecnol\u00f3gicas\",\"description\":\"Smart Earthing Smart Lightning\",\"publisher\":{\"@id\":\"https:\/\/at3w.com\/fr\/#organization\"},\"potentialAction\":[{\"@type\":\"SearchAction\",\"target\":{\"@type\":\"EntryPoint\",\"urlTemplate\":\"https:\/\/at3w.com\/fr\/?s={search_term_string}\"},\"query-input\":{\"@type\":\"PropertyValueSpecification\",\"valueRequired\":true,\"valueName\":\"search_term_string\"}}],\"inLanguage\":\"fr-FR\"},{\"@type\":\"Organization\",\"@id\":\"https:\/\/at3w.com\/fr\/#organization\",\"name\":\"Aplicaciones Tecnol\u00f3gicas\",\"url\":\"https:\/\/at3w.com\/fr\/\",\"logo\":{\"@type\":\"ImageObject\",\"inLanguage\":\"fr-FR\",\"@id\":\"https:\/\/at3w.com\/fr\/#\/schema\/logo\/image\/\",\"url\":\"https:\/\/at3w.com\/wp-content\/uploads\/2019\/02\/LOGO-HOME-APLICACIONES-TECNOLOGICAS.svg\",\"contentUrl\":\"https:\/\/at3w.com\/wp-content\/uploads\/2019\/02\/LOGO-HOME-APLICACIONES-TECNOLOGICAS.svg\",\"width\":114,\"height\":104,\"caption\":\"Aplicaciones Tecnol\u00f3gicas\"},\"image\":{\"@id\":\"https:\/\/at3w.com\/fr\/#\/schema\/logo\/image\/\"},\"sameAs\":[\"https:\/\/www.facebook.com\/APLICACIONES.TECNOLOGICAS\/\",\"https:\/\/www.linkedin.com\/company\/aplicaciones-tecnologicas\/\"]}]}<\/script>\n<!-- \/ Yoast SEO Premium plugin. -->","yoast_head_json":{"title":"Politique sur les cookies - Aplicaciones Tecnol\u00f3gicas","description":"Informations sur notre politique sur les cookies pour les utilisateurs du site web de Aplicaciones Tecnol\u00f3gicas.","robots":{"index":"index","follow":"follow","max-snippet":"max-snippet:-1","max-image-preview":"max-image-preview:large","max-video-preview":"max-video-preview:-1"},"canonical":"https:\/\/at3w.com\/fr\/politique-sur-les-cookies\/","og_locale":"fr_FR","og_type":"article","og_title":"Politique sur les cookies - Aplicaciones Tecnol\u00f3gicas","og_description":"Informations sur notre politique sur les cookies pour les utilisateurs du site web de Aplicaciones Tecnol\u00f3gicas.","og_url":"https:\/\/at3w.com\/fr\/politique-sur-les-cookies\/","og_site_name":"Aplicaciones Tecnol\u00f3gicas","article_publisher":"https:\/\/www.facebook.com\/APLICACIONES.TECNOLOGICAS\/","article_modified_time":"2023-05-15T11:56:09+00:00","og_image":[{"width":1800,"height":1013,"url":"https:\/\/at3w.com\/wp-content\/uploads\/fondo.jpg","type":"image\/jpeg"}],"twitter_card":"summary_large_image","twitter_misc":{"Dur\u00e9e de lecture estim\u00e9e":"6 minutes"},"schema":{"@context":"https:\/\/schema.org","@graph":[{"@type":"WebPage","@id":"https:\/\/at3w.com\/fr\/politique-sur-les-cookies\/","url":"https:\/\/at3w.com\/fr\/politique-sur-les-cookies\/","name":"Politique sur les cookies - Aplicaciones Tecnol\u00f3gicas","isPartOf":{"@id":"https:\/\/at3w.com\/fr\/#website"},"primaryImageOfPage":{"@id":"https:\/\/at3w.com\/fr\/politique-sur-les-cookies\/#primaryimage"},"image":{"@id":"https:\/\/at3w.com\/fr\/politique-sur-les-cookies\/#primaryimage"},"thumbnailUrl":"https:\/\/at3w.com\/wp-content\/uploads\/fondo.jpg","datePublished":"2022-10-27T15:15:45+00:00","dateModified":"2023-05-15T11:56:09+00:00","description":"Informations sur notre politique sur les cookies pour les utilisateurs du site web de Aplicaciones Tecnol\u00f3gicas.","inLanguage":"fr-FR","potentialAction":[{"@type":"ReadAction","target":["https:\/\/at3w.com\/fr\/politique-sur-les-cookies\/"]}]},{"@type":"ImageObject","inLanguage":"fr-FR","@id":"https:\/\/at3w.com\/fr\/politique-sur-les-cookies\/#primaryimage","url":"https:\/\/at3w.com\/wp-content\/uploads\/fondo.jpg","contentUrl":"https:\/\/at3w.com\/wp-content\/uploads\/fondo.jpg","width":1800,"height":1013,"caption":"Pol\u00edtica de Cookies, Cookies policy, Politique sur les cookies, Aviso Legal, Legal Warning, Mentions L\u00e9gales, Advert\u00eancia Legal"},{"@type":"WebSite","@id":"https:\/\/at3w.com\/fr\/#website","url":"https:\/\/at3w.com\/fr\/","name":"Aplicaciones Tecnol\u00f3gicas","description":"Smart Earthing Smart Lightning","publisher":{"@id":"https:\/\/at3w.com\/fr\/#organization"},"potentialAction":[{"@type":"SearchAction","target":{"@type":"EntryPoint","urlTemplate":"https:\/\/at3w.com\/fr\/?s={search_term_string}"},"query-input":{"@type":"PropertyValueSpecification","valueRequired":true,"valueName":"search_term_string"}}],"inLanguage":"fr-FR"},{"@type":"Organization","@id":"https:\/\/at3w.com\/fr\/#organization","name":"Aplicaciones Tecnol\u00f3gicas","url":"https:\/\/at3w.com\/fr\/","logo":{"@type":"ImageObject","inLanguage":"fr-FR","@id":"https:\/\/at3w.com\/fr\/#\/schema\/logo\/image\/","url":"https:\/\/at3w.com\/wp-content\/uploads\/2019\/02\/LOGO-HOME-APLICACIONES-TECNOLOGICAS.svg","contentUrl":"https:\/\/at3w.com\/wp-content\/uploads\/2019\/02\/LOGO-HOME-APLICACIONES-TECNOLOGICAS.svg","width":114,"height":104,"caption":"Aplicaciones Tecnol\u00f3gicas"},"image":{"@id":"https:\/\/at3w.com\/fr\/#\/schema\/logo\/image\/"},"sameAs":["https:\/\/www.facebook.com\/APLICACIONES.TECNOLOGICAS\/","https:\/\/www.linkedin.com\/company\/aplicaciones-tecnologicas\/"]}]}},"_links":{"self":[{"href":"https:\/\/at3w.com\/fr\/wp-json\/wp\/v2\/pages\/52823","targetHints":{"allow":["GET"]}}],"collection":[{"href":"https:\/\/at3w.com\/fr\/wp-json\/wp\/v2\/pages"}],"about":[{"href":"https:\/\/at3w.com\/fr\/wp-json\/wp\/v2\/types\/page"}],"author":[{"embeddable":true,"href":"https:\/\/at3w.com\/fr\/wp-json\/wp\/v2\/users\/2"}],"replies":[{"embeddable":true,"href":"https:\/\/at3w.com\/fr\/wp-json\/wp\/v2\/comments?post=52823"}],"version-history":[{"count":2,"href":"https:\/\/at3w.com\/fr\/wp-json\/wp\/v2\/pages\/52823\/revisions"}],"predecessor-version":[{"id":58605,"href":"https:\/\/at3w.com\/fr\/wp-json\/wp\/v2\/pages\/52823\/revisions\/58605"}],"wp:featuredmedia":[{"embeddable":true,"href":"https:\/\/at3w.com\/fr\/wp-json\/wp\/v2\/media\/39706"}],"wp:attachment":[{"href":"https:\/\/at3w.com\/fr\/wp-json\/wp\/v2\/media?parent=52823"}],"curies":[{"name":"wp","href":"https:\/\/api.w.org\/{rel}","templated":true}]}}