{"id":53165,"date":"2018-10-11T13:12:03","date_gmt":"2018-10-11T13:12:03","guid":{"rendered":"https:\/\/at3w.com\/noticias\/"},"modified":"2024-10-08T12:34:00","modified_gmt":"2024-10-08T10:34:00","slug":"actualites","status":"publish","type":"page","link":"https:\/\/at3w.com\/fr\/actualites\/","title":{"rendered":"Actualit\u00e9s"},"content":{"rendered":"<p>[vc_row content_placement=\u00a0\u00bbmiddle\u00a0\u00bb bg_type=\u00a0\u00bbvideo\u00a0\u00bb video_url=\u00a0\u00bb\/wp-content\/uploads\/NEWS-APLICACIONES-TECNOLOGICAS-EARTHING-LIGHTNING_2.mp4&Prime; video_opts=\u00a0\u00bbloop,muted\u00a0\u00bb video_poster=\u00a0\u00bbid^37672|url^https:\/\/at3w.com\/wp-content\/uploads\/NEWS-APLICACIONES-TECNOLOGICAS-EARTHING-LIGHTNING.jpg|caption^null|alt^null|title^NEWS-APLICACIONES-TECNOLOGICAS-EARTHING-LIGHTNING|description^null\u00a0\u00bb bg_override=\u00a0\u00bbfull\u00a0\u00bb enable_overlay=\u00a0\u00bbenable_overlay_value\u00a0\u00bb overlay_color=\u00a0\u00bbrgba(36,52,105,0.63)\u00a0\u00bb css=\u00a0\u00bb.vc_custom_1665667057058{margin-top: 0px !important;padding-top: 0px !important;}\u00a0\u00bb][vc_column]<div class=\"ult-spacer spacer-69e54dd4ba38a\" data-id=\"69e54dd4ba38a\" data-height=\"450\" data-height-mobile=\"300\" data-height-tab=\"\" data-height-tab-portrait=\"\" data-height-mobile-landscape=\"\" style=\"clear:both;display:block;\"><\/div>[\/vc_column][\/vc_row][vc_row][vc_column][vc_raw_html]JTVCZmxleHlfYnJlYWRjcnVtYiU1RA==[\/vc_raw_html][\/vc_column][\/vc_row][vc_row gap=\u00a0\u00bb35&Prime;][vc_column width=\u00a0\u00bb9\/12&Prime;][vc_row_inner][vc_column_inner width=\u00a0\u00bb1\/2&Prime;]<div id=\"ultimate-heading-126969e54dd4ba432\" class=\"uvc-heading ult-adjust-bottom-margin ultimate-heading-126969e54dd4ba432 uvc-1308 \" data-hspacer=\"line_only\"  data-halign=\"left\" style=\"text-align:left\"><div class=\"uvc-sub-heading ult-responsive\"  data-ultimate-target='.uvc-heading.ultimate-heading-126969e54dd4ba432 .uvc-sub-heading '  data-responsive-json-new='{\"font-size\":\"desktop:36px;\",\"line-height\":\"desktop:40px;\"}'  style=\"font-family:&#039;Montserrat&#039;;font-weight:600;color:#243469;\"><span style=\"color: #626567; font-size: 20px; font-weight: 300;\">SMART EARTHING<\/span><br \/>\nDerni\u00e8res Actualit\u00e9s<\/div><div class=\"uvc-heading-spacer line_only\" style=\"margin-top:1em;height:4px;\"><span class=\"uvc-headings-line\" style=\"border-style:solid;border-bottom-width:4px;border-color:#f7a800;width:60px;\"><\/span><\/div><\/div><div class=\"ult-spacer spacer-69e54dd4ba4bb\" data-id=\"69e54dd4ba4bb\" data-height=\"30\" data-height-mobile=\"30\" data-height-tab=\"30\" data-height-tab-portrait=\"\" data-height-mobile-landscape=\"\" style=\"clear:both;display:block;\"><\/div>[vc_basic_grid post_type=\u00a0\u00bbpost\u00a0\u00bb max_items=\u00a0\u00bbilimitado\u00a0\u00bb style=\u00a0\u00bbload-more\u00a0\u00bb items_per_page=\u00a0\u00bb2&Prime; element_width=\u00a0\u00bb12&Prime; item=\u00a0\u00bb62289&Prime; initial_loading_animation=\u00a0\u00bbnone\u00a0\u00bb btn_title=\u00a0\u00bbLIRE LA SUITE\u00a0\u00bb btn_shape=\u00a0\u00bbsquare\u00a0\u00bb btn_color=\u00a0\u00bbdefault\u00a0\u00bb btn_size=\u00a0\u00bbsm\u00a0\u00bb btn_i_align=\u00a0\u00bbright\u00a0\u00bb btn_i_icon_fontawesome=\u00a0\u00bbfas fa-angle-double-right\u00a0\u00bb btn_add_icon=\u00a0\u00bbtrue\u00a0\u00bb grid_id=\u00a0\u00bbvc_gid:1724050639106-6ec0d701-525b-3&Prime; taxonomies=\u00a0\u00bb5544&Prime;][\/vc_column_inner][vc_column_inner width=\u00a0\u00bb1\/2&Prime;]<div id=\"ultimate-heading-877769e54dd4ba50c\" class=\"uvc-heading ult-adjust-bottom-margin ultimate-heading-877769e54dd4ba50c uvc-852 \" data-hspacer=\"line_only\"  data-halign=\"left\" style=\"text-align:left\"><div class=\"uvc-sub-heading ult-responsive\"  data-ultimate-target='.uvc-heading.ultimate-heading-877769e54dd4ba50c .uvc-sub-heading '  data-responsive-json-new='{\"font-size\":\"desktop:36px;\",\"line-height\":\"desktop:40px;\"}'  style=\"font-family:&#039;Montserrat&#039;;font-weight:600;color:#243469;\"><span style=\"color: #626567; font-size: 20px; font-weight: 300;\">SMART LIGHTNING<\/span><br \/>\nDerni\u00e8res Actualit\u00e9s<\/div><div class=\"uvc-heading-spacer line_only\" style=\"margin-top:1em;height:4px;\"><span class=\"uvc-headings-line\" style=\"border-style:solid;border-bottom-width:4px;border-color:#f7a800;width:60px;\"><\/span><\/div><\/div><div class=\"ult-spacer spacer-69e54dd4ba55c\" data-id=\"69e54dd4ba55c\" data-height=\"30\" data-height-mobile=\"30\" data-height-tab=\"30\" data-height-tab-portrait=\"\" data-height-mobile-landscape=\"\" style=\"clear:both;display:block;\"><\/div>[vc_basic_grid post_type=\u00a0\u00bbpost\u00a0\u00bb max_items=\u00a0\u00bbilimitado\u00a0\u00bb style=\u00a0\u00bbload-more\u00a0\u00bb items_per_page=\u00a0\u00bb2&Prime; element_width=\u00a0\u00bb12&Prime; item=\u00a0\u00bb62289&Prime; initial_loading_animation=\u00a0\u00bbnone\u00a0\u00bb btn_title=\u00a0\u00bbLIRE LA SUITE\u00a0\u00bb btn_shape=\u00a0\u00bbsquare\u00a0\u00bb btn_color=\u00a0\u00bbdefault\u00a0\u00bb btn_size=\u00a0\u00bbsm\u00a0\u00bb btn_i_align=\u00a0\u00bbright\u00a0\u00bb btn_i_icon_fontawesome=\u00a0\u00bbfas fa-angle-double-right\u00a0\u00bb btn_add_icon=\u00a0\u00bbtrue\u00a0\u00bb grid_id=\u00a0\u00bbvc_gid:1724050639107-d5e33552-dd6b-0&Prime; taxonomies=\u00a0\u00bb5548&Prime;][\/vc_column_inner][\/vc_row_inner][vc_row_inner][vc_column_inner]<div class=\"ult-spacer spacer-69e54dd4ba598\" data-id=\"69e54dd4ba598\" data-height=\"40\" data-height-mobile=\"40\" data-height-tab=\"40\" data-height-tab-portrait=\"\" data-height-mobile-landscape=\"\" style=\"clear:both;display:block;\"><\/div>[\/vc_column_inner][\/vc_row_inner][vc_row_inner][vc_column_inner css=\u00a0\u00bb.vc_custom_1722504882313{background-color: #f7f7f7 !important;border-radius: 5px !important;}\u00a0\u00bb]\n<div class=\"wpcf7 no-js\" id=\"wpcf7-f8269-o1\" lang=\"es-ES\" dir=\"ltr\" data-wpcf7-id=\"8269\">\n<div class=\"screen-reader-response\"><p role=\"status\" aria-live=\"polite\" aria-atomic=\"true\"><\/p> <ul><\/ul><\/div>\n<form action=\"\/fr\/wp-json\/wp\/v2\/pages\/53165#wpcf7-f8269-o1\" method=\"post\" class=\"wpcf7-form init\" aria-label=\"Formulario de contacto\" novalidate=\"novalidate\" data-status=\"init\">\n<fieldset class=\"hidden-fields-container\"><input type=\"hidden\" name=\"_wpcf7\" value=\"8269\" \/><input type=\"hidden\" name=\"_wpcf7_version\" value=\"6.1\" \/><input type=\"hidden\" name=\"_wpcf7_locale\" value=\"es_ES\" \/><input type=\"hidden\" name=\"_wpcf7_unit_tag\" value=\"wpcf7-f8269-o1\" \/><input type=\"hidden\" name=\"_wpcf7_container_post\" value=\"0\" \/><input type=\"hidden\" name=\"_wpcf7_posted_data_hash\" value=\"\" \/>\n<\/fieldset>\n<div style=\"display:flex; flex-direction: row; justify-content: center; padding:0 0 40px 0; margin: 0 0 15px 0;\">\n\t<h4 class=\"title center\" style=\"color:#243469;\">Abonnez-vous \u00e0 notre newsletter\n\t<\/h4>\n<\/div>\n<div style=\"display:flex; flex-direction: row; justify-content: center; align-content:center;\">\n\t<div style=\"margin:0 0 0-5px; padding:0 20px 0 0;\">\n\t\t<p><span class=\"wpcf7-form-control-wrap\" data-name=\"your-email\"><input size=\"40\" maxlength=\"400\" class=\"wpcf7-form-control wpcf7-email wpcf7-validates-as-required wpcf7-text wpcf7-validates-as-email\" aria-required=\"true\" aria-invalid=\"false\" placeholder=\"EMAIL\" value=\"\" type=\"email\" name=\"your-email\" \/><\/span>\n\t\t<\/p>\n\t\t<div>\n\t\t\t<p><span class=\"wpcf7-form-control-wrap\" data-name=\"acceptance-573\"><span class=\"wpcf7-form-control wpcf7-acceptance\"><span class=\"wpcf7-list-item\"><label><input type=\"checkbox\" name=\"acceptance-573\" value=\"1\" aria-invalid=\"false\" \/><span class=\"wpcf7-list-item-label\">J'accepte les termes et conditions<\/span><\/label><\/span><\/span><\/span><a href=\"\/fr\/politique-de-confidentialite\/\" target=\"_blank\"> &nbsp; Lire les termes et conditions<\/a>\n\t\t\t<\/p>\n\t\t<\/div>\n\t<\/div>\n\t<p><span id=\"wpcf7-69e54dd4c5ee2-wrapper\" class=\"wpcf7-form-control-wrap honeypot-499-wrap\" style=\"display:none !important; visibility:hidden !important;\"><label for=\"cv-15\" class=\"hp-message\">Por favor, deja este campo vac\u00edo.<\/label><input id=\"cv-15\"  class=\"wpcf7-form-control wpcf7-text\" type=\"text\" name=\"honeypot-499\" value=\"\" size=\"40\" tabindex=\"-1\" autocomplete=\"new-password\" \/><\/span>\n\t<\/p>\n\t<div style=\"margin:-6px 0 0 0;\">\n\t\t<p><input class=\"wpcf7-form-control wpcf7-submit has-spinner br-5\" type=\"submit\" value=\"S&#039;ABONNER\" \/>\n\t\t<\/p>\n\t<\/div>\n<\/div>\n\n<div class=\"wpcf7-response-output\" aria-hidden=\"true\"><\/div>\n<\/form>\n<\/div>\n[\/vc_column_inner][\/vc_row_inner][\/vc_column][vc_column width=\u00a0\u00bb3\/12&Prime;]<div class=\"ult-spacer spacer-69e54dd4cdbab\" data-id=\"69e54dd4cdbab\" data-height=\"70\" data-height-mobile=\"50\" data-height-tab=\"\" data-height-tab-portrait=\"\" data-height-mobile-landscape=\"\" style=\"clear:both;display:block;\"><\/div>[vc_wp_search el_id=\u00a0\u00bbsearch-2&Prime; el_class=\u00a0\u00bbprimary-sidebar widget-area\u00a0\u00bb]<div class=\"ult-spacer spacer-69e54dd4cdbe7\" data-id=\"69e54dd4cdbe7\" data-height=\"20\" data-height-mobile=\"20\" data-height-tab=\"20\" data-height-tab-portrait=\"\" data-height-mobile-landscape=\"\" style=\"clear:both;display:block;\"><\/div>[vc_wp_posts number=\u00a0\u00bb5&Prime; show_date=\u00a0\u00bb1&Prime; el_id=\u00a0\u00bbsecondary\u00a0\u00bb el_class=\u00a0\u00bbprimary-sidebar widget-area\u00a0\u00bb]<div class=\"ult-spacer spacer-69e54dd4cdc17\" data-id=\"69e54dd4cdc17\" data-height=\"20\" data-height-mobile=\"20\" data-height-tab=\"20\" data-height-tab-portrait=\"\" data-height-mobile-landscape=\"\" style=\"clear:both;display:block;\"><\/div>[vc_wp_categories title=\u00a0\u00bbCat\u00e9gories\u00a0\u00bb options=\u00a0\u00bbhierarchical\u00a0\u00bb el_id=\u00a0\u00bbsecondary\u00a0\u00bb el_class=\u00a0\u00bbprimary-sidebar widget-area\u00a0\u00bb][\/vc_column][\/vc_row][vc_row][vc_column]<div class=\"ult-spacer spacer-69e54dd4cdc42\" data-id=\"69e54dd4cdc42\" data-height=\"16\" data-height-mobile=\"16\" data-height-tab=\"16\" data-height-tab-portrait=\"\" data-height-mobile-landscape=\"\" style=\"clear:both;display:block;\"><\/div>[\/vc_column][\/vc_row]<\/p>\n","protected":false},"excerpt":{"rendered":"<p>[vc_row content_placement=\u00a0\u00bbmiddle\u00a0\u00bb bg_type=\u00a0\u00bbvideo\u00a0\u00bb video_url=\u00a0\u00bb\/wp-content\/uploads\/NEWS-APLICACIONES-TECNOLOGICAS-EARTHING-LIGHTNING_2.mp4&Prime; video_opts=\u00a0\u00bbloop,muted\u00a0\u00bb video_poster=\u00a0\u00bbid^37672|url^https:\/\/at3w.com\/wp-content\/uploads\/NEWS-APLICACIONES-TECNOLOGICAS-EARTHING-LIGHTNING.jpg|caption^null|alt^null|title^NEWS-APLICACIONES-TECNOLOGICAS-EARTHING-LIGHTNING|description^null\u00a0\u00bb bg_override=\u00a0\u00bbfull\u00a0\u00bb enable_overlay=\u00a0\u00bbenable_overlay_value\u00a0\u00bb overlay_color=\u00a0\u00bbrgba(36,52,105,0.63)\u00a0\u00bb css=\u00a0\u00bb.vc_custom_1665667057058{margin-top: 0px !important;padding-top: 0px !important;}\u00a0\u00bb][vc_column][\/vc_column][\/vc_row][vc_row][vc_column][vc_raw_html]JTVCZmxleHlfYnJlYWRjcnVtYiU1RA==[\/vc_raw_html][\/vc_column][\/vc_row][vc_row gap=\u00a0\u00bb35&Prime;][vc_column width=\u00a0\u00bb9\/12&Prime;][vc_row_inner][vc_column_inner width=\u00a0\u00bb1\/2&Prime;][vc_basic_grid post_type=\u00a0\u00bbpost\u00a0\u00bb max_items=\u00a0\u00bbilimitado\u00a0\u00bb style=\u00a0\u00bbload-more\u00a0\u00bb items_per_page=\u00a0\u00bb2&Prime; element_width=\u00a0\u00bb12&Prime; item=\u00a0\u00bb62289&Prime; initial_loading_animation=\u00a0\u00bbnone\u00a0\u00bb btn_title=\u00a0\u00bbLIRE LA SUITE\u00a0\u00bb btn_shape=\u00a0\u00bbsquare\u00a0\u00bb btn_color=\u00a0\u00bbdefault\u00a0\u00bb btn_size=\u00a0\u00bbsm\u00a0\u00bb btn_i_align=\u00a0\u00bbright\u00a0\u00bb btn_i_icon_fontawesome=\u00a0\u00bbfas fa-angle-double-right\u00a0\u00bb btn_add_icon=\u00a0\u00bbtrue\u00a0\u00bb grid_id=\u00a0\u00bbvc_gid:1724050639106-6ec0d701-525b-3&Prime;<\/p>\n","protected":false},"author":2,"featured_media":37675,"parent":0,"menu_order":0,"comment_status":"closed","ping_status":"closed","template":"","meta":{"inline_featured_image":false,"footnotes":""},"class_list":["post-53165","page","type-page","status-publish","has-post-thumbnail","hentry"],"yoast_head":"<!-- This site is optimized with the Yoast SEO Premium plugin v27.0 (Yoast SEO v27.0) - https:\/\/yoast.com\/product\/yoast-seo-premium-wordpress\/ -->\n<title>Actualit\u00e9s - Aplicaciones Tecnol\u00f3gicas<\/title>\n<meta name=\"description\" content=\"Actualit\u00e9s sur la protection contre la foudre, actualit\u00e9s sur les produits, r\u00e9glementations existantes, cours sp\u00e9cialis\u00e9s et s\u00e9minaires\" \/>\n<meta name=\"robots\" content=\"index, follow, max-snippet:-1, max-image-preview:large, max-video-preview:-1\" \/>\n<link rel=\"canonical\" href=\"https:\/\/at3w.com\/fr\/actualites\/\" \/>\n<meta property=\"og:locale\" content=\"fr_FR\" \/>\n<meta property=\"og:type\" content=\"article\" \/>\n<meta property=\"og:title\" content=\"Actualit\u00e9s - Aplicaciones Tecnol\u00f3gicas\" \/>\n<meta property=\"og:description\" content=\"Actualit\u00e9s sur la protection contre la foudre, actualit\u00e9s sur les produits, r\u00e9glementations existantes, cours sp\u00e9cialis\u00e9s et s\u00e9minaires\" \/>\n<meta property=\"og:url\" content=\"https:\/\/at3w.com\/fr\/actualites\/\" \/>\n<meta property=\"og:site_name\" content=\"Aplicaciones Tecnol\u00f3gicas\" \/>\n<meta property=\"article:publisher\" content=\"https:\/\/www.facebook.com\/APLICACIONES.TECNOLOGICAS\/\" \/>\n<meta property=\"article:modified_time\" content=\"2024-10-08T10:34:00+00:00\" \/>\n<meta property=\"og:image\" content=\"https:\/\/at3w.com\/wp-content\/uploads\/NEWS-APLICACIONES-TECNOLOGICAS-EARTHING-LIGHTNING.jpg\" \/>\n\t<meta property=\"og:image:width\" content=\"2000\" \/>\n\t<meta property=\"og:image:height\" content=\"707\" \/>\n\t<meta property=\"og:image:type\" content=\"image\/jpeg\" \/>\n<meta name=\"twitter:card\" content=\"summary_large_image\" \/>\n<meta name=\"twitter:label1\" content=\"Dur\u00e9e de lecture estim\u00e9e\" \/>\n\t<meta name=\"twitter:data1\" content=\"1 minute\" \/>\n<script type=\"application\/ld+json\" class=\"yoast-schema-graph\">{\"@context\":\"https:\/\/schema.org\",\"@graph\":[{\"@type\":\"WebPage\",\"@id\":\"https:\/\/at3w.com\/fr\/actualites\/\",\"url\":\"https:\/\/at3w.com\/fr\/actualites\/\",\"name\":\"Actualit\u00e9s - Aplicaciones Tecnol\u00f3gicas\",\"isPartOf\":{\"@id\":\"https:\/\/at3w.com\/fr\/#website\"},\"primaryImageOfPage\":{\"@id\":\"https:\/\/at3w.com\/fr\/actualites\/#primaryimage\"},\"image\":{\"@id\":\"https:\/\/at3w.com\/fr\/actualites\/#primaryimage\"},\"thumbnailUrl\":\"https:\/\/at3w.com\/wp-content\/uploads\/NEWS-APLICACIONES-TECNOLOGICAS-EARTHING-LIGHTNING.jpg\",\"datePublished\":\"2018-10-11T13:12:03+00:00\",\"dateModified\":\"2024-10-08T10:34:00+00:00\",\"description\":\"Actualit\u00e9s sur la protection contre la foudre, actualit\u00e9s sur les produits, r\u00e9glementations existantes, cours sp\u00e9cialis\u00e9s et s\u00e9minaires\",\"inLanguage\":\"fr-FR\",\"potentialAction\":[{\"@type\":\"ReadAction\",\"target\":[\"https:\/\/at3w.com\/fr\/actualites\/\"]}]},{\"@type\":\"ImageObject\",\"inLanguage\":\"fr-FR\",\"@id\":\"https:\/\/at3w.com\/fr\/actualites\/#primaryimage\",\"url\":\"https:\/\/at3w.com\/wp-content\/uploads\/NEWS-APLICACIONES-TECNOLOGICAS-EARTHING-LIGHTNING.jpg\",\"contentUrl\":\"https:\/\/at3w.com\/wp-content\/uploads\/NEWS-APLICACIONES-TECNOLOGICAS-EARTHING-LIGHTNING.jpg\",\"width\":2000,\"height\":707,\"caption\":\"Noticias, news, Actualit\u00e9s, Not\u00edcias\"},{\"@type\":\"WebSite\",\"@id\":\"https:\/\/at3w.com\/fr\/#website\",\"url\":\"https:\/\/at3w.com\/fr\/\",\"name\":\"Aplicaciones Tecnol\u00f3gicas\",\"description\":\"Smart Earthing Smart Lightning\",\"publisher\":{\"@id\":\"https:\/\/at3w.com\/fr\/#organization\"},\"potentialAction\":[{\"@type\":\"SearchAction\",\"target\":{\"@type\":\"EntryPoint\",\"urlTemplate\":\"https:\/\/at3w.com\/fr\/?s={search_term_string}\"},\"query-input\":{\"@type\":\"PropertyValueSpecification\",\"valueRequired\":true,\"valueName\":\"search_term_string\"}}],\"inLanguage\":\"fr-FR\"},{\"@type\":\"Organization\",\"@id\":\"https:\/\/at3w.com\/fr\/#organization\",\"name\":\"Aplicaciones Tecnol\u00f3gicas\",\"url\":\"https:\/\/at3w.com\/fr\/\",\"logo\":{\"@type\":\"ImageObject\",\"inLanguage\":\"fr-FR\",\"@id\":\"https:\/\/at3w.com\/fr\/#\/schema\/logo\/image\/\",\"url\":\"https:\/\/at3w.com\/wp-content\/uploads\/2019\/02\/LOGO-HOME-APLICACIONES-TECNOLOGICAS.svg\",\"contentUrl\":\"https:\/\/at3w.com\/wp-content\/uploads\/2019\/02\/LOGO-HOME-APLICACIONES-TECNOLOGICAS.svg\",\"width\":114,\"height\":104,\"caption\":\"Aplicaciones Tecnol\u00f3gicas\"},\"image\":{\"@id\":\"https:\/\/at3w.com\/fr\/#\/schema\/logo\/image\/\"},\"sameAs\":[\"https:\/\/www.facebook.com\/APLICACIONES.TECNOLOGICAS\/\",\"https:\/\/www.linkedin.com\/company\/aplicaciones-tecnologicas\/\"]}]}<\/script>\n<!-- \/ Yoast SEO Premium plugin. -->","yoast_head_json":{"title":"Actualit\u00e9s - Aplicaciones Tecnol\u00f3gicas","description":"Actualit\u00e9s sur la protection contre la foudre, actualit\u00e9s sur les produits, r\u00e9glementations existantes, cours sp\u00e9cialis\u00e9s et s\u00e9minaires","robots":{"index":"index","follow":"follow","max-snippet":"max-snippet:-1","max-image-preview":"max-image-preview:large","max-video-preview":"max-video-preview:-1"},"canonical":"https:\/\/at3w.com\/fr\/actualites\/","og_locale":"fr_FR","og_type":"article","og_title":"Actualit\u00e9s - Aplicaciones Tecnol\u00f3gicas","og_description":"Actualit\u00e9s sur la protection contre la foudre, actualit\u00e9s sur les produits, r\u00e9glementations existantes, cours sp\u00e9cialis\u00e9s et s\u00e9minaires","og_url":"https:\/\/at3w.com\/fr\/actualites\/","og_site_name":"Aplicaciones Tecnol\u00f3gicas","article_publisher":"https:\/\/www.facebook.com\/APLICACIONES.TECNOLOGICAS\/","article_modified_time":"2024-10-08T10:34:00+00:00","og_image":[{"width":2000,"height":707,"url":"https:\/\/at3w.com\/wp-content\/uploads\/NEWS-APLICACIONES-TECNOLOGICAS-EARTHING-LIGHTNING.jpg","type":"image\/jpeg"}],"twitter_card":"summary_large_image","twitter_misc":{"Dur\u00e9e de lecture estim\u00e9e":"1 minute"},"schema":{"@context":"https:\/\/schema.org","@graph":[{"@type":"WebPage","@id":"https:\/\/at3w.com\/fr\/actualites\/","url":"https:\/\/at3w.com\/fr\/actualites\/","name":"Actualit\u00e9s - Aplicaciones Tecnol\u00f3gicas","isPartOf":{"@id":"https:\/\/at3w.com\/fr\/#website"},"primaryImageOfPage":{"@id":"https:\/\/at3w.com\/fr\/actualites\/#primaryimage"},"image":{"@id":"https:\/\/at3w.com\/fr\/actualites\/#primaryimage"},"thumbnailUrl":"https:\/\/at3w.com\/wp-content\/uploads\/NEWS-APLICACIONES-TECNOLOGICAS-EARTHING-LIGHTNING.jpg","datePublished":"2018-10-11T13:12:03+00:00","dateModified":"2024-10-08T10:34:00+00:00","description":"Actualit\u00e9s sur la protection contre la foudre, actualit\u00e9s sur les produits, r\u00e9glementations existantes, cours sp\u00e9cialis\u00e9s et s\u00e9minaires","inLanguage":"fr-FR","potentialAction":[{"@type":"ReadAction","target":["https:\/\/at3w.com\/fr\/actualites\/"]}]},{"@type":"ImageObject","inLanguage":"fr-FR","@id":"https:\/\/at3w.com\/fr\/actualites\/#primaryimage","url":"https:\/\/at3w.com\/wp-content\/uploads\/NEWS-APLICACIONES-TECNOLOGICAS-EARTHING-LIGHTNING.jpg","contentUrl":"https:\/\/at3w.com\/wp-content\/uploads\/NEWS-APLICACIONES-TECNOLOGICAS-EARTHING-LIGHTNING.jpg","width":2000,"height":707,"caption":"Noticias, news, Actualit\u00e9s, Not\u00edcias"},{"@type":"WebSite","@id":"https:\/\/at3w.com\/fr\/#website","url":"https:\/\/at3w.com\/fr\/","name":"Aplicaciones Tecnol\u00f3gicas","description":"Smart Earthing Smart Lightning","publisher":{"@id":"https:\/\/at3w.com\/fr\/#organization"},"potentialAction":[{"@type":"SearchAction","target":{"@type":"EntryPoint","urlTemplate":"https:\/\/at3w.com\/fr\/?s={search_term_string}"},"query-input":{"@type":"PropertyValueSpecification","valueRequired":true,"valueName":"search_term_string"}}],"inLanguage":"fr-FR"},{"@type":"Organization","@id":"https:\/\/at3w.com\/fr\/#organization","name":"Aplicaciones Tecnol\u00f3gicas","url":"https:\/\/at3w.com\/fr\/","logo":{"@type":"ImageObject","inLanguage":"fr-FR","@id":"https:\/\/at3w.com\/fr\/#\/schema\/logo\/image\/","url":"https:\/\/at3w.com\/wp-content\/uploads\/2019\/02\/LOGO-HOME-APLICACIONES-TECNOLOGICAS.svg","contentUrl":"https:\/\/at3w.com\/wp-content\/uploads\/2019\/02\/LOGO-HOME-APLICACIONES-TECNOLOGICAS.svg","width":114,"height":104,"caption":"Aplicaciones Tecnol\u00f3gicas"},"image":{"@id":"https:\/\/at3w.com\/fr\/#\/schema\/logo\/image\/"},"sameAs":["https:\/\/www.facebook.com\/APLICACIONES.TECNOLOGICAS\/","https:\/\/www.linkedin.com\/company\/aplicaciones-tecnologicas\/"]}]}},"_links":{"self":[{"href":"https:\/\/at3w.com\/fr\/wp-json\/wp\/v2\/pages\/53165","targetHints":{"allow":["GET"]}}],"collection":[{"href":"https:\/\/at3w.com\/fr\/wp-json\/wp\/v2\/pages"}],"about":[{"href":"https:\/\/at3w.com\/fr\/wp-json\/wp\/v2\/types\/page"}],"author":[{"embeddable":true,"href":"https:\/\/at3w.com\/fr\/wp-json\/wp\/v2\/users\/2"}],"replies":[{"embeddable":true,"href":"https:\/\/at3w.com\/fr\/wp-json\/wp\/v2\/comments?post=53165"}],"version-history":[{"count":5,"href":"https:\/\/at3w.com\/fr\/wp-json\/wp\/v2\/pages\/53165\/revisions"}],"predecessor-version":[{"id":62293,"href":"https:\/\/at3w.com\/fr\/wp-json\/wp\/v2\/pages\/53165\/revisions\/62293"}],"wp:featuredmedia":[{"embeddable":true,"href":"https:\/\/at3w.com\/fr\/wp-json\/wp\/v2\/media\/37675"}],"wp:attachment":[{"href":"https:\/\/at3w.com\/fr\/wp-json\/wp\/v2\/media?parent=53165"}],"curies":[{"name":"wp","href":"https:\/\/api.w.org\/{rel}","templated":true}]}}