{"id":58099,"date":"2020-11-05T14:41:31","date_gmt":"2020-11-05T12:41:31","guid":{"rendered":"https:\/\/at3w.com\/cuestionario\/"},"modified":"2023-03-14T18:34:37","modified_gmt":"2023-03-14T17:34:37","slug":"cuestionario","status":"publish","type":"page","link":"https:\/\/at3w.com\/fr\/cuestionario\/","title":{"rendered":"cuestionario"},"content":{"rendered":"<p>[vc_row el_class=\u00a0\u00bbcontainer col-centered\u00a0\u00bb][vc_column]\n<div class=\"wpcf7 no-js\" id=\"wpcf7-f22423-o1\" lang=\"en-US\" dir=\"ltr\" data-wpcf7-id=\"22423\">\n<div class=\"screen-reader-response\"><p role=\"status\" aria-live=\"polite\" aria-atomic=\"true\"><\/p> <ul><\/ul><\/div>\n<form action=\"\/fr\/wp-json\/wp\/v2\/pages\/58099#wpcf7-f22423-o1\" method=\"post\" class=\"wpcf7-form init\" aria-label=\"Contact form\" novalidate=\"novalidate\" data-status=\"init\">\n<fieldset class=\"hidden-fields-container\"><input type=\"hidden\" name=\"_wpcf7\" value=\"22423\" \/><input type=\"hidden\" name=\"_wpcf7_version\" value=\"6.1\" \/><input type=\"hidden\" name=\"_wpcf7_locale\" value=\"en_US\" \/><input type=\"hidden\" name=\"_wpcf7_unit_tag\" value=\"wpcf7-f22423-o1\" \/><input type=\"hidden\" name=\"_wpcf7_container_post\" value=\"0\" \/><input type=\"hidden\" name=\"_wpcf7_posted_data_hash\" value=\"\" \/>\n<\/fieldset>\n<div id=\"cuestionario\">\n\t<div id=\"cuestionario_contenedor\">\n\t\t<div id=\"cuestionarioTitulo\">\n\t\t\t<H4> <strong>Questionnarie de satisfaction de nos clients<\/strong>\n\t\t\t<\/h4>\n\t\t\t<div id=\"separacion\">\n\t\t\t<\/div>\n\t\t<\/div>\n\t\t<div id=\"cuestionarioEncabezado\">\n\t\t\t<p><span>Veuillez noter sur une \u00e9chelle allant de 1 \u00e0 5 (le chiffre 5 correspondant \u00e0 << tr\u00e8s satisfait >> et 1 correspondant \u00e0 << tr\u00e8s insatisfait >>)<\/span>\n\t\t\t<\/p>\n\t\t<\/div>\n\t\t<div id=\"preguntas_contenedor\">\n\t\t\t<div id=\"PreguntasSuministro\">\n\t\t\t\t<div id=\"ps_tit_p1\">\n\t\t\t\t\t<p><span class=\"numeracion\">1.-<\/span><span> Le <strong>devis<\/strong> a r\u00e9pondu \u00e0 vos attentes et besoins.<\/span><br \/>\n<span class=\"wpcf7-form-control-wrap\" data-name=\"radio_ps_p1\"><span class=\"wpcf7-form-control wpcf7-radio\" id=\"ps_p1\"><span class=\"wpcf7-list-item first\"><input type=\"radio\" name=\"radio_ps_p1\" value=\"1\" \/><span class=\"wpcf7-list-item-label\">1<\/span><\/span><span class=\"wpcf7-list-item\"><input type=\"radio\" name=\"radio_ps_p1\" value=\"2\" \/><span class=\"wpcf7-list-item-label\">2<\/span><\/span><span class=\"wpcf7-list-item\"><input type=\"radio\" name=\"radio_ps_p1\" value=\"3\" \/><span class=\"wpcf7-list-item-label\">3<\/span><\/span><span class=\"wpcf7-list-item\"><input type=\"radio\" name=\"radio_ps_p1\" value=\"4\" \/><span class=\"wpcf7-list-item-label\">4<\/span><\/span><span class=\"wpcf7-list-item last\"><input type=\"radio\" name=\"radio_ps_p1\" value=\"5\" \/><span class=\"wpcf7-list-item-label\">5<\/span><\/span><\/span><\/span>\n\t\t\t\t\t<\/p>\n\t\t\t\t<\/div>\n\t\t\t\t<div id=\"ps_tit_p2\">\n\t\t\t\t\t<p><span class=\"numeracion\">2.-<\/span><span> Le <strong>produit fourni<\/strong> vous convient et son emballage est adapt\u00e9.<\/span><br \/>\n<span class=\"wpcf7-form-control-wrap\" data-name=\"radio_ps_p2\"><span class=\"wpcf7-form-control wpcf7-radio\" id=\"ps_p2\"><span class=\"wpcf7-list-item first\"><input type=\"radio\" name=\"radio_ps_p2\" value=\"1\" \/><span class=\"wpcf7-list-item-label\">1<\/span><\/span><span class=\"wpcf7-list-item\"><input type=\"radio\" name=\"radio_ps_p2\" value=\"2\" \/><span class=\"wpcf7-list-item-label\">2<\/span><\/span><span class=\"wpcf7-list-item\"><input type=\"radio\" name=\"radio_ps_p2\" value=\"3\" \/><span class=\"wpcf7-list-item-label\">3<\/span><\/span><span class=\"wpcf7-list-item\"><input type=\"radio\" name=\"radio_ps_p2\" value=\"4\" \/><span class=\"wpcf7-list-item-label\">4<\/span><\/span><span class=\"wpcf7-list-item last\"><input type=\"radio\" name=\"radio_ps_p2\" value=\"5\" \/><span class=\"wpcf7-list-item-label\">5<\/span><\/span><\/span><\/span>\n\t\t\t\t\t<\/p>\n\t\t\t\t<\/div>\n\t\t\t\t<div id=\"ps_tit_p3\">\n\t\t\t\t\t<p><span class=\"numeracion\">3.-<\/span><span> Le <strong>d\u00e9lai de livraison<\/strong> s'adapte \u00e0 vos besoins.<\/span><br \/>\n<span class=\"wpcf7-form-control-wrap\" data-name=\"radio_ps_p3\"><span class=\"wpcf7-form-control wpcf7-radio\" id=\"ps_p3\"><span class=\"wpcf7-list-item first\"><input type=\"radio\" name=\"radio_ps_p3\" value=\"1\" \/><span class=\"wpcf7-list-item-label\">1<\/span><\/span><span class=\"wpcf7-list-item\"><input type=\"radio\" name=\"radio_ps_p3\" value=\"2\" \/><span class=\"wpcf7-list-item-label\">2<\/span><\/span><span class=\"wpcf7-list-item\"><input type=\"radio\" name=\"radio_ps_p3\" value=\"3\" \/><span class=\"wpcf7-list-item-label\">3<\/span><\/span><span class=\"wpcf7-list-item\"><input type=\"radio\" name=\"radio_ps_p3\" value=\"4\" \/><span class=\"wpcf7-list-item-label\">4<\/span><\/span><span class=\"wpcf7-list-item last\"><input type=\"radio\" name=\"radio_ps_p3\" value=\"5\" \/><span class=\"wpcf7-list-item-label\">5<\/span><\/span><\/span><\/span>\n\t\t\t\t\t<\/p>\n\t\t\t\t<\/div>\n\t\t\t\t<div id=\"ps_tit_p4\">\n\t\t\t\t\t<p><span class=\"numeracion\">4.-<\/span><span> Notre <strong>service client\u00e8<\/strong> le vous a fourni des informations claires et ad\u00e9quates.<\/span><br \/>\n<span class=\"wpcf7-form-control-wrap\" data-name=\"radio_ps_p4\"><span class=\"wpcf7-form-control wpcf7-radio\" id=\"ps_p4\"><span class=\"wpcf7-list-item first\"><input type=\"radio\" name=\"radio_ps_p4\" value=\"1\" \/><span class=\"wpcf7-list-item-label\">1<\/span><\/span><span class=\"wpcf7-list-item\"><input type=\"radio\" name=\"radio_ps_p4\" value=\"2\" \/><span class=\"wpcf7-list-item-label\">2<\/span><\/span><span class=\"wpcf7-list-item\"><input type=\"radio\" name=\"radio_ps_p4\" value=\"3\" \/><span class=\"wpcf7-list-item-label\">3<\/span><\/span><span class=\"wpcf7-list-item\"><input type=\"radio\" name=\"radio_ps_p4\" value=\"4\" \/><span class=\"wpcf7-list-item-label\">4<\/span><\/span><span class=\"wpcf7-list-item last\"><input type=\"radio\" name=\"radio_ps_p4\" value=\"5\" \/><span class=\"wpcf7-list-item-label\">5<\/span><\/span><\/span><\/span>\n\t\t\t\t\t<\/p>\n\t\t\t\t<\/div>\n\t\t\t\t<div id=\"ps_tit_p5\">\n\t\t\t\t\t<p><span class=\"wpcf7-form-control-wrap\" data-name=\"textarea-ps\"><textarea cols=\"40\" rows=\"3\" maxlength=\"2000\" class=\"wpcf7-form-control wpcf7-textarea\" id=\"ps_com\" aria-invalid=\"false\" placeholder=\"Commentaires\" name=\"textarea-ps\"><\/textarea><\/span>\n\t\t\t\t\t<\/p>\n\t\t\t\t<\/div>\n\t\t\t<\/div>\n\t\t\t<div id=\"PreguntasInsRev\">\n\t\t\t\t<div id=\"pir_tit_p1\">\n\t\t\t\t\t<p><span class=\"numeracion\">1.-<\/span><span> Le <strong>devis<\/strong> a r\u00e9pondu \u00e0 vos attentes et besoins.<\/span><br \/>\n<span class=\"wpcf7-form-control-wrap\" data-name=\"radio_pir_p1\"><span class=\"wpcf7-form-control wpcf7-radio\" id=\"pir_p1\"><span class=\"wpcf7-list-item first\"><input type=\"radio\" name=\"radio_pir_p1\" value=\"1\" \/><span class=\"wpcf7-list-item-label\">1<\/span><\/span><span class=\"wpcf7-list-item\"><input type=\"radio\" name=\"radio_pir_p1\" value=\"2\" \/><span class=\"wpcf7-list-item-label\">2<\/span><\/span><span class=\"wpcf7-list-item\"><input type=\"radio\" name=\"radio_pir_p1\" value=\"3\" \/><span class=\"wpcf7-list-item-label\">3<\/span><\/span><span class=\"wpcf7-list-item\"><input type=\"radio\" name=\"radio_pir_p1\" value=\"4\" \/><span class=\"wpcf7-list-item-label\">4<\/span><\/span><span class=\"wpcf7-list-item last\"><input type=\"radio\" name=\"radio_pir_p1\" value=\"5\" \/><span class=\"wpcf7-list-item-label\">5<\/span><\/span><\/span><\/span>\n\t\t\t\t\t<\/p>\n\t\t\t\t<\/div>\n\t\t\t\t<div id=\"pir_tit_p2\">\n\t\t\t\t\t<p><span class=\"numeracion\">2.-<\/span><span> Le <strong>service d'installation \/ r\u00e9vision<\/strong> a \u00e9t\u00e9 effectu\u00e9 de mani\u00e8re efficace et correcte.<\/span><br \/>\n<span class=\"wpcf7-form-control-wrap\" data-name=\"radio_pir_p2\"><span class=\"wpcf7-form-control wpcf7-radio\" id=\"pir_p2\"><span class=\"wpcf7-list-item first\"><input type=\"radio\" name=\"radio_pir_p2\" value=\"1\" \/><span class=\"wpcf7-list-item-label\">1<\/span><\/span><span class=\"wpcf7-list-item\"><input type=\"radio\" name=\"radio_pir_p2\" value=\"2\" \/><span class=\"wpcf7-list-item-label\">2<\/span><\/span><span class=\"wpcf7-list-item\"><input type=\"radio\" name=\"radio_pir_p2\" value=\"3\" \/><span class=\"wpcf7-list-item-label\">3<\/span><\/span><span class=\"wpcf7-list-item\"><input type=\"radio\" name=\"radio_pir_p2\" value=\"4\" \/><span class=\"wpcf7-list-item-label\">4<\/span><\/span><span class=\"wpcf7-list-item last\"><input type=\"radio\" name=\"radio_pir_p2\" value=\"5\" \/><span class=\"wpcf7-list-item-label\">5<\/span><\/span><\/span><\/span>\n\t\t\t\t\t<\/p>\n\t\t\t\t<\/div>\n\t\t\t\t<div id=\"pir_tit_p3\">\n\t\t\t\t\t<p><span class=\"numeracion\">3.-<\/span><span> Le <strong>d\u00e9lai de livraison<\/strong> s'adapte \u00e0 vos besoins.<\/span><br \/>\n<span class=\"wpcf7-form-control-wrap\" data-name=\"radio_pir_p3\"><span class=\"wpcf7-form-control wpcf7-radio\" id=\"pir_p3\"><span class=\"wpcf7-list-item first\"><input type=\"radio\" name=\"radio_pir_p3\" value=\"1\" \/><span class=\"wpcf7-list-item-label\">1<\/span><\/span><span class=\"wpcf7-list-item\"><input type=\"radio\" name=\"radio_pir_p3\" value=\"2\" \/><span class=\"wpcf7-list-item-label\">2<\/span><\/span><span class=\"wpcf7-list-item\"><input type=\"radio\" name=\"radio_pir_p3\" value=\"3\" \/><span class=\"wpcf7-list-item-label\">3<\/span><\/span><span class=\"wpcf7-list-item\"><input type=\"radio\" name=\"radio_pir_p3\" value=\"4\" \/><span class=\"wpcf7-list-item-label\">4<\/span><\/span><span class=\"wpcf7-list-item last\"><input type=\"radio\" name=\"radio_pir_p3\" value=\"5\" \/><span class=\"wpcf7-list-item-label\">5<\/span><\/span><\/span><\/span>\n\t\t\t\t\t<\/p>\n\t\t\t\t<\/div>\n\t\t\t\t<div id=\"pir_tit_p4\">\n\t\t\t\t\t<p><span class=\"numeracion\">4.-<\/span><span> Notre <strong>service client\u00e8<\/strong> le vous a fourni des informations claires et ad\u00e9quates.<\/span><br \/>\n<span class=\"wpcf7-form-control-wrap\" data-name=\"radio_pir_p4\"><span class=\"wpcf7-form-control wpcf7-radio\" id=\"pir_p4\"><span class=\"wpcf7-list-item first\"><input type=\"radio\" name=\"radio_pir_p4\" value=\"1\" \/><span class=\"wpcf7-list-item-label\">1<\/span><\/span><span class=\"wpcf7-list-item\"><input type=\"radio\" name=\"radio_pir_p4\" value=\"2\" \/><span class=\"wpcf7-list-item-label\">2<\/span><\/span><span class=\"wpcf7-list-item\"><input type=\"radio\" name=\"radio_pir_p4\" value=\"3\" \/><span class=\"wpcf7-list-item-label\">3<\/span><\/span><span class=\"wpcf7-list-item\"><input type=\"radio\" name=\"radio_pir_p4\" value=\"4\" \/><span class=\"wpcf7-list-item-label\">4<\/span><\/span><span class=\"wpcf7-list-item last\"><input type=\"radio\" name=\"radio_pir_p4\" value=\"5\" \/><span class=\"wpcf7-list-item-label\">5<\/span><\/span><\/span><\/span>\n\t\t\t\t\t<\/p>\n\t\t\t\t<\/div>\n\t\t\t\t<div id=\"pir_tit_p5\">\n\t\t\t\t\t<p><span class=\"wpcf7-form-control-wrap\" data-name=\"textarea-pir\"><textarea cols=\"40\" rows=\"3\" maxlength=\"2000\" class=\"wpcf7-form-control wpcf7-textarea\" id=\"pir_com\" aria-invalid=\"false\" placeholder=\"Commentaires\" name=\"textarea-pir\"><\/textarea><\/span>\n\t\t\t\t\t<\/p>\n\t\t\t\t<\/div>\n\t\t\t<\/div>\n\t\t<input class=\"wpcf7-form-control wpcf7-hidden\" value=\"FR\" type=\"hidden\" name=\"yourlenguage\" \/>\n\t\t<input class=\"wpcf7-form-control wpcf7-hidden\" value=\"\" type=\"hidden\" name=\"Albaran\" \/>\n\t\t<input class=\"wpcf7-form-control wpcf7-hidden\" value=\"\" type=\"hidden\" name=\"Cliente\" \/>\n\t\t<input class=\"wpcf7-form-control wpcf7-hidden\" value=\"\" type=\"hidden\" name=\"Tipo\" \/>\n\t\t<input class=\"wpcf7-form-control wpcf7-hidden\" value=\"\" type=\"hidden\" name=\"Idioma\" \/>\n\t\t<input class=\"wpcf7-form-control wpcf7-hidden\" value=\"\" type=\"hidden\" name=\"Pais\" \/>\n\t\t\t<div id=\"btn_enviar_cuestionario\">\n\t\t\t\t<p><input class=\"wpcf7-form-control wpcf7-submit has-spinner btn-form\" type=\"submit\" value=\"Envoyer\" \/>\n\t\t\t\t<\/p>\n\t\t\t<\/div>\n\t\t<\/div>\n\t<\/div>\n<\/div><div class=\"wpcf7-response-output\" aria-hidden=\"true\"><\/div>\n<\/form>\n<\/div>\n[\/vc_column][\/vc_row]<\/p>\n","protected":false},"excerpt":{"rendered":"<p>[vc_row el_class=\u00a0\u00bbcontainer col-centered\u00a0\u00bb][vc_column][\/vc_column][\/vc_row]<\/p>\n","protected":false},"author":13,"featured_media":0,"parent":0,"menu_order":0,"comment_status":"closed","ping_status":"closed","template":"","meta":{"inline_featured_image":false,"footnotes":""},"class_list":["post-58099","page","type-page","status-publish","hentry"],"yoast_head":"<!-- This site is optimized with the Yoast SEO Premium plugin v27.0 (Yoast SEO v27.0) - https:\/\/yoast.com\/product\/yoast-seo-premium-wordpress\/ -->\n<title>cuestionario - Aplicaciones Tecnol\u00f3gicas<\/title>\n<meta name=\"robots\" content=\"index, follow, max-snippet:-1, max-image-preview:large, max-video-preview:-1\" \/>\n<link rel=\"canonical\" href=\"https:\/\/at3w.com\/fr\/cuestionario\/\" \/>\n<meta property=\"og:locale\" content=\"fr_FR\" \/>\n<meta property=\"og:type\" content=\"article\" \/>\n<meta property=\"og:title\" content=\"cuestionario - Aplicaciones Tecnol\u00f3gicas\" \/>\n<meta property=\"og:description\" content=\"[vc_row el_class=\u00a0\u00bbcontainer col-centered\u00a0\u00bb][vc_column][\/vc_column][\/vc_row]\" \/>\n<meta property=\"og:url\" content=\"https:\/\/at3w.com\/fr\/cuestionario\/\" \/>\n<meta property=\"og:site_name\" content=\"Aplicaciones Tecnol\u00f3gicas\" \/>\n<meta property=\"article:publisher\" content=\"https:\/\/www.facebook.com\/APLICACIONES.TECNOLOGICAS\/\" \/>\n<meta property=\"article:modified_time\" content=\"2023-03-14T17:34:37+00:00\" \/>\n<meta name=\"twitter:card\" content=\"summary_large_image\" \/>\n<meta name=\"twitter:label1\" content=\"Dur\u00e9e de lecture estim\u00e9e\" \/>\n\t<meta name=\"twitter:data1\" content=\"1 minute\" \/>\n<script type=\"application\/ld+json\" class=\"yoast-schema-graph\">{\"@context\":\"https:\/\/schema.org\",\"@graph\":[{\"@type\":\"WebPage\",\"@id\":\"https:\/\/at3w.com\/fr\/cuestionario\/\",\"url\":\"https:\/\/at3w.com\/fr\/cuestionario\/\",\"name\":\"cuestionario - Aplicaciones Tecnol\u00f3gicas\",\"isPartOf\":{\"@id\":\"https:\/\/at3w.com\/fr\/#website\"},\"datePublished\":\"2020-11-05T12:41:31+00:00\",\"dateModified\":\"2023-03-14T17:34:37+00:00\",\"inLanguage\":\"fr-FR\",\"potentialAction\":[{\"@type\":\"ReadAction\",\"target\":[\"https:\/\/at3w.com\/fr\/cuestionario\/\"]}]},{\"@type\":\"WebSite\",\"@id\":\"https:\/\/at3w.com\/fr\/#website\",\"url\":\"https:\/\/at3w.com\/fr\/\",\"name\":\"Aplicaciones Tecnol\u00f3gicas\",\"description\":\"Smart Earthing Smart Lightning\",\"publisher\":{\"@id\":\"https:\/\/at3w.com\/fr\/#organization\"},\"potentialAction\":[{\"@type\":\"SearchAction\",\"target\":{\"@type\":\"EntryPoint\",\"urlTemplate\":\"https:\/\/at3w.com\/fr\/?s={search_term_string}\"},\"query-input\":{\"@type\":\"PropertyValueSpecification\",\"valueRequired\":true,\"valueName\":\"search_term_string\"}}],\"inLanguage\":\"fr-FR\"},{\"@type\":\"Organization\",\"@id\":\"https:\/\/at3w.com\/fr\/#organization\",\"name\":\"Aplicaciones Tecnol\u00f3gicas\",\"url\":\"https:\/\/at3w.com\/fr\/\",\"logo\":{\"@type\":\"ImageObject\",\"inLanguage\":\"fr-FR\",\"@id\":\"https:\/\/at3w.com\/fr\/#\/schema\/logo\/image\/\",\"url\":\"https:\/\/at3w.com\/wp-content\/uploads\/2019\/02\/LOGO-HOME-APLICACIONES-TECNOLOGICAS.svg\",\"contentUrl\":\"https:\/\/at3w.com\/wp-content\/uploads\/2019\/02\/LOGO-HOME-APLICACIONES-TECNOLOGICAS.svg\",\"width\":114,\"height\":104,\"caption\":\"Aplicaciones Tecnol\u00f3gicas\"},\"image\":{\"@id\":\"https:\/\/at3w.com\/fr\/#\/schema\/logo\/image\/\"},\"sameAs\":[\"https:\/\/www.facebook.com\/APLICACIONES.TECNOLOGICAS\/\",\"https:\/\/www.linkedin.com\/company\/aplicaciones-tecnologicas\/\"]}]}<\/script>\n<!-- \/ Yoast SEO Premium plugin. -->","yoast_head_json":{"title":"cuestionario - Aplicaciones Tecnol\u00f3gicas","robots":{"index":"index","follow":"follow","max-snippet":"max-snippet:-1","max-image-preview":"max-image-preview:large","max-video-preview":"max-video-preview:-1"},"canonical":"https:\/\/at3w.com\/fr\/cuestionario\/","og_locale":"fr_FR","og_type":"article","og_title":"cuestionario - Aplicaciones Tecnol\u00f3gicas","og_description":"[vc_row el_class=\u00a0\u00bbcontainer col-centered\u00a0\u00bb][vc_column][\/vc_column][\/vc_row]","og_url":"https:\/\/at3w.com\/fr\/cuestionario\/","og_site_name":"Aplicaciones Tecnol\u00f3gicas","article_publisher":"https:\/\/www.facebook.com\/APLICACIONES.TECNOLOGICAS\/","article_modified_time":"2023-03-14T17:34:37+00:00","twitter_card":"summary_large_image","twitter_misc":{"Dur\u00e9e de lecture estim\u00e9e":"1 minute"},"schema":{"@context":"https:\/\/schema.org","@graph":[{"@type":"WebPage","@id":"https:\/\/at3w.com\/fr\/cuestionario\/","url":"https:\/\/at3w.com\/fr\/cuestionario\/","name":"cuestionario - Aplicaciones Tecnol\u00f3gicas","isPartOf":{"@id":"https:\/\/at3w.com\/fr\/#website"},"datePublished":"2020-11-05T12:41:31+00:00","dateModified":"2023-03-14T17:34:37+00:00","inLanguage":"fr-FR","potentialAction":[{"@type":"ReadAction","target":["https:\/\/at3w.com\/fr\/cuestionario\/"]}]},{"@type":"WebSite","@id":"https:\/\/at3w.com\/fr\/#website","url":"https:\/\/at3w.com\/fr\/","name":"Aplicaciones Tecnol\u00f3gicas","description":"Smart Earthing Smart Lightning","publisher":{"@id":"https:\/\/at3w.com\/fr\/#organization"},"potentialAction":[{"@type":"SearchAction","target":{"@type":"EntryPoint","urlTemplate":"https:\/\/at3w.com\/fr\/?s={search_term_string}"},"query-input":{"@type":"PropertyValueSpecification","valueRequired":true,"valueName":"search_term_string"}}],"inLanguage":"fr-FR"},{"@type":"Organization","@id":"https:\/\/at3w.com\/fr\/#organization","name":"Aplicaciones Tecnol\u00f3gicas","url":"https:\/\/at3w.com\/fr\/","logo":{"@type":"ImageObject","inLanguage":"fr-FR","@id":"https:\/\/at3w.com\/fr\/#\/schema\/logo\/image\/","url":"https:\/\/at3w.com\/wp-content\/uploads\/2019\/02\/LOGO-HOME-APLICACIONES-TECNOLOGICAS.svg","contentUrl":"https:\/\/at3w.com\/wp-content\/uploads\/2019\/02\/LOGO-HOME-APLICACIONES-TECNOLOGICAS.svg","width":114,"height":104,"caption":"Aplicaciones Tecnol\u00f3gicas"},"image":{"@id":"https:\/\/at3w.com\/fr\/#\/schema\/logo\/image\/"},"sameAs":["https:\/\/www.facebook.com\/APLICACIONES.TECNOLOGICAS\/","https:\/\/www.linkedin.com\/company\/aplicaciones-tecnologicas\/"]}]}},"_links":{"self":[{"href":"https:\/\/at3w.com\/fr\/wp-json\/wp\/v2\/pages\/58099","targetHints":{"allow":["GET"]}}],"collection":[{"href":"https:\/\/at3w.com\/fr\/wp-json\/wp\/v2\/pages"}],"about":[{"href":"https:\/\/at3w.com\/fr\/wp-json\/wp\/v2\/types\/page"}],"author":[{"embeddable":true,"href":"https:\/\/at3w.com\/fr\/wp-json\/wp\/v2\/users\/13"}],"replies":[{"embeddable":true,"href":"https:\/\/at3w.com\/fr\/wp-json\/wp\/v2\/comments?post=58099"}],"version-history":[{"count":2,"href":"https:\/\/at3w.com\/fr\/wp-json\/wp\/v2\/pages\/58099\/revisions"}],"predecessor-version":[{"id":58113,"href":"https:\/\/at3w.com\/fr\/wp-json\/wp\/v2\/pages\/58099\/revisions\/58113"}],"wp:attachment":[{"href":"https:\/\/at3w.com\/fr\/wp-json\/wp\/v2\/media?parent=58099"}],"curies":[{"name":"wp","href":"https:\/\/api.w.org\/{rel}","templated":true}]}}