{"id":53166,"date":"2018-10-11T13:12:03","date_gmt":"2018-10-11T13:12:03","guid":{"rendered":"https:\/\/at3w.com\/noticias\/"},"modified":"2024-10-08T12:35:30","modified_gmt":"2024-10-08T10:35:30","slug":"noticias","status":"publish","type":"page","link":"https:\/\/at3w.com\/pt-pt\/noticias\/","title":{"rendered":"Not\u00edcias"},"content":{"rendered":"<p>[vc_row content_placement=&#8221;middle&#8221; bg_type=&#8221;video&#8221; video_url=&#8221;\/wp-content\/uploads\/NEWS-APLICACIONES-TECNOLOGICAS-EARTHING-LIGHTNING_2.mp4&#8243; video_opts=&#8221;loop,muted&#8221; video_poster=&#8221;id^37672|url^https:\/\/at3w.com\/wp-content\/uploads\/NEWS-APLICACIONES-TECNOLOGICAS-EARTHING-LIGHTNING.jpg|caption^null|alt^null|title^NEWS-APLICACIONES-TECNOLOGICAS-EARTHING-LIGHTNING|description^null&#8221; bg_override=&#8221;full&#8221; enable_overlay=&#8221;enable_overlay_value&#8221; overlay_color=&#8221;rgba(36,52,105,0.63)&#8221; css=&#8221;.vc_custom_1665667057058{margin-top: 0px !important;padding-top: 0px !important;}&#8221;][vc_column]<div class=\"ult-spacer spacer-69d60c46463d5\" data-id=\"69d60c46463d5\" data-height=\"450\" data-height-mobile=\"300\" data-height-tab=\"\" data-height-tab-portrait=\"\" data-height-mobile-landscape=\"\" style=\"clear:both;display:block;\"><\/div>[\/vc_column][\/vc_row][vc_row][vc_column][vc_raw_html]JTVCZmxleHlfYnJlYWRjcnVtYiU1RA==[\/vc_raw_html][\/vc_column][\/vc_row][vc_row gap=&#8221;35&#8243;][vc_column width=&#8221;9\/12&#8243;][vc_row_inner][vc_column_inner width=&#8221;1\/2&#8243;]<div id=\"ultimate-heading-633169d60c4646495\" class=\"uvc-heading ult-adjust-bottom-margin ultimate-heading-633169d60c4646495 uvc-6453 \" data-hspacer=\"line_only\"  data-halign=\"left\" style=\"text-align:left\"><div class=\"uvc-sub-heading ult-responsive\"  data-ultimate-target='.uvc-heading.ultimate-heading-633169d60c4646495 .uvc-sub-heading '  data-responsive-json-new='{\"font-size\":\"desktop:36px;\",\"line-height\":\"desktop:40px;\"}'  style=\"font-family:&#039;Montserrat&#039;;font-weight:600;color:#243469;\"><span style=\"color: #626567; font-size: 20px; font-weight: 300;\">SMART EARTHING<\/span><br \/>\n\u00daltimas not\u00edcias<\/div><div class=\"uvc-heading-spacer line_only\" style=\"margin-top:1em;height:4px;\"><span class=\"uvc-headings-line\" style=\"border-style:solid;border-bottom-width:4px;border-color:#f7a800;width:60px;\"><\/span><\/div><\/div><div class=\"ult-spacer spacer-69d60c4646510\" data-id=\"69d60c4646510\" data-height=\"30\" data-height-mobile=\"30\" data-height-tab=\"30\" data-height-tab-portrait=\"\" data-height-mobile-landscape=\"\" style=\"clear:both;display:block;\"><\/div>[vc_basic_grid post_type=&#8221;post&#8221; max_items=&#8221;ilimitado&#8221; style=&#8221;load-more&#8221; items_per_page=&#8221;2&#8243; element_width=&#8221;12&#8243; item=&#8221;62290&#8243; initial_loading_animation=&#8221;none&#8221; btn_title=&#8221;CARREGAR MAIS&#8221; btn_shape=&#8221;square&#8221; btn_color=&#8221;default&#8221; btn_size=&#8221;sm&#8221; btn_i_align=&#8221;right&#8221; btn_i_icon_fontawesome=&#8221;fas fa-angle-double-right&#8221; btn_add_icon=&#8221;true&#8221; grid_id=&#8221;vc_gid:1724050717034-174611d0-1bce-9&#8243; taxonomies=&#8221;5544&#8243;][\/vc_column_inner][vc_column_inner width=&#8221;1\/2&#8243;]<div id=\"ultimate-heading-853869d60c4646567\" class=\"uvc-heading ult-adjust-bottom-margin ultimate-heading-853869d60c4646567 uvc-9966 \" data-hspacer=\"line_only\"  data-halign=\"left\" style=\"text-align:left\"><div class=\"uvc-sub-heading ult-responsive\"  data-ultimate-target='.uvc-heading.ultimate-heading-853869d60c4646567 .uvc-sub-heading '  data-responsive-json-new='{\"font-size\":\"desktop:36px;\",\"line-height\":\"desktop:40px;\"}'  style=\"font-family:&#039;Montserrat&#039;;font-weight:600;color:#243469;\"><span style=\"color: #626567; font-size: 20px; font-weight: 300;\">SMART LIGHTNING<\/span><br \/>\n\u00daltimas not\u00edcias<\/div><div class=\"uvc-heading-spacer line_only\" style=\"margin-top:1em;height:4px;\"><span class=\"uvc-headings-line\" style=\"border-style:solid;border-bottom-width:4px;border-color:#f7a800;width:60px;\"><\/span><\/div><\/div><div class=\"ult-spacer spacer-69d60c46465df\" data-id=\"69d60c46465df\" data-height=\"30\" data-height-mobile=\"30\" data-height-tab=\"30\" data-height-tab-portrait=\"\" data-height-mobile-landscape=\"\" style=\"clear:both;display:block;\"><\/div>[vc_basic_grid post_type=&#8221;post&#8221; max_items=&#8221;ilimitado&#8221; style=&#8221;load-more&#8221; items_per_page=&#8221;2&#8243; element_width=&#8221;12&#8243; item=&#8221;62290&#8243; initial_loading_animation=&#8221;none&#8221; btn_title=&#8221;CARREGAR MAIS&#8221; btn_shape=&#8221;square&#8221; btn_color=&#8221;default&#8221; btn_size=&#8221;sm&#8221; btn_i_align=&#8221;right&#8221; btn_i_icon_fontawesome=&#8221;fas fa-angle-double-right&#8221; btn_add_icon=&#8221;true&#8221; grid_id=&#8221;vc_gid:1724050717036-31855e74-890f-7&#8243; taxonomies=&#8221;5548&#8243;][\/vc_column_inner][\/vc_row_inner][vc_row_inner][vc_column_inner]<div class=\"ult-spacer spacer-69d60c4646614\" data-id=\"69d60c4646614\" data-height=\"40\" data-height-mobile=\"40\" data-height-tab=\"40\" data-height-tab-portrait=\"\" data-height-mobile-landscape=\"\" style=\"clear:both;display:block;\"><\/div>[\/vc_column_inner][\/vc_row_inner][vc_row_inner][vc_column_inner css=&#8221;.vc_custom_1722505083092{background-color: #f7f7f7 !important;border-radius: 5px !important;}&#8221;]\n<div class=\"wpcf7 no-js\" id=\"wpcf7-f4414-o1\" lang=\"es-ES\" dir=\"ltr\" data-wpcf7-id=\"4414\">\n<div class=\"screen-reader-response\"><p role=\"status\" aria-live=\"polite\" aria-atomic=\"true\"><\/p> <ul><\/ul><\/div>\n<form action=\"\/pt-pt\/wp-json\/wp\/v2\/pages\/53166#wpcf7-f4414-o1\" method=\"post\" class=\"wpcf7-form init\" aria-label=\"Formulario de contacto\" novalidate=\"novalidate\" data-status=\"init\">\n<fieldset class=\"hidden-fields-container\"><input type=\"hidden\" name=\"_wpcf7\" value=\"4414\" \/><input type=\"hidden\" name=\"_wpcf7_version\" value=\"6.1\" \/><input type=\"hidden\" name=\"_wpcf7_locale\" value=\"es_ES\" \/><input type=\"hidden\" name=\"_wpcf7_unit_tag\" value=\"wpcf7-f4414-o1\" \/><input type=\"hidden\" name=\"_wpcf7_container_post\" value=\"0\" \/><input type=\"hidden\" name=\"_wpcf7_posted_data_hash\" value=\"\" \/>\n<\/fieldset>\n<div style=\"display:flex; flex-direction: row; justify-content: center; padding:0 0 40px 0; margin: 0 0 15px 0;\">\n\t<h4 class=\"title center\" style=\"color:#243469; font-weight:600px;\">Subscreva a nossa newsletter\n\t<\/h4>\n<\/div>\n<div style=\"display:flex; flex-direction: row; justify-content: center; align-content:center;\">\n\t<div style=\"margin:0 0 0-5px; padding:0 20px 0 0;\">\n\t\t<p><span class=\"wpcf7-form-control-wrap\" data-name=\"your-email\"><input size=\"40\" maxlength=\"400\" class=\"wpcf7-form-control wpcf7-email wpcf7-validates-as-required wpcf7-text wpcf7-validates-as-email\" aria-required=\"true\" aria-invalid=\"false\" placeholder=\"EMAIL\" value=\"\" type=\"email\" name=\"your-email\" \/><\/span>\n\t\t<\/p>\n\t\t<div>\n\t\t\t<p><span class=\"wpcf7-form-control-wrap\" data-name=\"acceptance-573\"><span class=\"wpcf7-form-control wpcf7-acceptance\"><span class=\"wpcf7-list-item\"><label><input type=\"checkbox\" name=\"acceptance-573\" value=\"1\" aria-invalid=\"false\" \/><span class=\"wpcf7-list-item-label\">Aceito os termos e condi\u00e7\u00f5es<\/span><\/label><\/span><\/span><\/span><a href=\"\/pt-pt\/politica-de-privacidade\/\" target=\"_blank\"> &nbsp; Leia o acordo<\/a>\n\t\t\t<\/p>\n\t\t<\/div>\n\t<\/div>\n\t<p><span id=\"wpcf7-69d60c4651eee-wrapper\" class=\"wpcf7-form-control-wrap honeypot-499-wrap\" style=\"display:none !important; visibility:hidden !important;\"><label for=\"cv-15\" class=\"hp-message\">Por favor, deja este campo vac\u00edo.<\/label><input id=\"cv-15\"  class=\"wpcf7-form-control wpcf7-text\" type=\"text\" name=\"honeypot-499\" value=\"\" size=\"40\" tabindex=\"-1\" autocomplete=\"new-password\" \/><\/span>\n\t<\/p>\n\t<div style=\"margin:-6px 0 0 0;\">\n\t\t<p><input class=\"wpcf7-form-control wpcf7-submit has-spinner br-5\" type=\"submit\" value=\"SUBSCREVER\" \/>\n\t\t<\/p>\n\t<\/div>\n<\/div>\n\n<div class=\"wpcf7-response-output\" aria-hidden=\"true\"><\/div>\n<\/form>\n<\/div>\n[\/vc_column_inner][\/vc_row_inner][\/vc_column][vc_column width=&#8221;3\/12&#8243;]<div class=\"ult-spacer spacer-69d60c465971f\" data-id=\"69d60c465971f\" data-height=\"70\" data-height-mobile=\"50\" data-height-tab=\"\" data-height-tab-portrait=\"\" data-height-mobile-landscape=\"\" style=\"clear:both;display:block;\"><\/div>[vc_wp_search el_id=&#8221;search-2&#8243; el_class=&#8221;primary-sidebar widget-area&#8221;]<div class=\"ult-spacer spacer-69d60c4659760\" data-id=\"69d60c4659760\" data-height=\"20\" data-height-mobile=\"20\" data-height-tab=\"20\" data-height-tab-portrait=\"\" data-height-mobile-landscape=\"\" style=\"clear:both;display:block;\"><\/div>[vc_wp_posts number=&#8221;5&#8243; show_date=&#8221;1&#8243; el_id=&#8221;secondary&#8221; el_class=&#8221;primary-sidebar widget-area&#8221;]<div class=\"ult-spacer spacer-69d60c4659794\" data-id=\"69d60c4659794\" data-height=\"20\" data-height-mobile=\"20\" data-height-tab=\"20\" data-height-tab-portrait=\"\" data-height-mobile-landscape=\"\" style=\"clear:both;display:block;\"><\/div>[vc_wp_categories title=&#8221;Categorias&#8221; options=&#8221;hierarchical&#8221; el_id=&#8221;secondary&#8221; el_class=&#8221;primary-sidebar widget-area&#8221;][\/vc_column][\/vc_row][vc_row][vc_column]<div class=\"ult-spacer spacer-69d60c46597c4\" data-id=\"69d60c46597c4\" data-height=\"16\" data-height-mobile=\"16\" data-height-tab=\"16\" data-height-tab-portrait=\"\" data-height-mobile-landscape=\"\" style=\"clear:both;display:block;\"><\/div>[\/vc_column][\/vc_row]<\/p>\n","protected":false},"excerpt":{"rendered":"<p>[vc_row content_placement=&#8221;middle&#8221; bg_type=&#8221;video&#8221; video_url=&#8221;\/wp-content\/uploads\/NEWS-APLICACIONES-TECNOLOGICAS-EARTHING-LIGHTNING_2.mp4&#8243; video_opts=&#8221;loop,muted&#8221; video_poster=&#8221;id^37672|url^https:\/\/at3w.com\/wp-content\/uploads\/NEWS-APLICACIONES-TECNOLOGICAS-EARTHING-LIGHTNING.jpg|caption^null|alt^null|title^NEWS-APLICACIONES-TECNOLOGICAS-EARTHING-LIGHTNING|description^null&#8221; bg_override=&#8221;full&#8221; enable_overlay=&#8221;enable_overlay_value&#8221; overlay_color=&#8221;rgba(36,52,105,0.63)&#8221; css=&#8221;.vc_custom_1665667057058{margin-top: 0px !important;padding-top: 0px !important;}&#8221;][vc_column][\/vc_column][\/vc_row][vc_row][vc_column][vc_raw_html]JTVCZmxleHlfYnJlYWRjcnVtYiU1RA==[\/vc_raw_html][\/vc_column][\/vc_row][vc_row gap=&#8221;35&#8243;][vc_column width=&#8221;9\/12&#8243;][vc_row_inner][vc_column_inner width=&#8221;1\/2&#8243;][vc_basic_grid post_type=&#8221;post&#8221; max_items=&#8221;ilimitado&#8221; style=&#8221;load-more&#8221; items_per_page=&#8221;2&#8243; element_width=&#8221;12&#8243; item=&#8221;62290&#8243; initial_loading_animation=&#8221;none&#8221; btn_title=&#8221;CARREGAR MAIS&#8221; btn_shape=&#8221;square&#8221; btn_color=&#8221;default&#8221; btn_size=&#8221;sm&#8221; btn_i_align=&#8221;right&#8221; btn_i_icon_fontawesome=&#8221;fas fa-angle-double-right&#8221; btn_add_icon=&#8221;true&#8221; grid_id=&#8221;vc_gid:1724050717034-174611d0-1bce-9&#8243; taxonomies=&#8221;5544&#8243;][\/vc_column_inner][vc_column_inner width=&#8221;1\/2&#8243;][vc_basic_grid post_type=&#8221;post&#8221; max_items=&#8221;ilimitado&#8221; style=&#8221;load-more&#8221; items_per_page=&#8221;2&#8243; element_width=&#8221;12&#8243; item=&#8221;62290&#8243; initial_loading_animation=&#8221;none&#8221; btn_title=&#8221;CARREGAR MAIS&#8221; btn_shape=&#8221;square&#8221; btn_color=&#8221;default&#8221; btn_size=&#8221;sm&#8221; btn_i_align=&#8221;right&#8221; btn_i_icon_fontawesome=&#8221;fas fa-angle-double-right&#8221; btn_add_icon=&#8221;true&#8221; grid_id=&#8221;vc_gid:1724050717036-31855e74-890f-7&#8243; taxonomies=&#8221;5548&#8243;][\/vc_column_inner][\/vc_row_inner][vc_row_inner][vc_column_inner][\/vc_column_inner][\/vc_row_inner][vc_row_inner][vc_column_inner css=&#8221;.vc_custom_1722505083092{background-color: #f7f7f7 !important;border-radius: 5px !important;}&#8221;][\/vc_column_inner][\/vc_row_inner][\/vc_column][vc_column width=&#8221;3\/12&#8243;][vc_wp_search el_id=&#8221;search-2&#8243;<\/p>\n","protected":false},"author":2,"featured_media":37675,"parent":0,"menu_order":0,"comment_status":"closed","ping_status":"closed","template":"","meta":{"inline_featured_image":false,"footnotes":""},"class_list":["post-53166","page","type-page","status-publish","has-post-thumbnail","hentry"],"yoast_head":"<!-- This site is optimized with the Yoast SEO Premium plugin v27.0 (Yoast SEO v27.0) - https:\/\/yoast.com\/product\/yoast-seo-premium-wordpress\/ -->\n<title>Not\u00edcias - Aplicaciones Tecnol\u00f3gicas<\/title>\n<meta name=\"description\" content=\"Not\u00edcias sobre protec\u00e7\u00e3o contra raios, not\u00edcias sobre produtos, regulamentos existentes, cursos especializados e hist\u00f3rias de sucesso.\" \/>\n<meta name=\"robots\" content=\"index, follow, max-snippet:-1, max-image-preview:large, max-video-preview:-1\" \/>\n<link rel=\"canonical\" href=\"https:\/\/at3w.com\/pt-pt\/noticias\/\" \/>\n<meta property=\"og:locale\" content=\"pt_PT\" \/>\n<meta property=\"og:type\" content=\"article\" \/>\n<meta property=\"og:title\" content=\"Not\u00edcias - Aplicaciones Tecnol\u00f3gicas\" \/>\n<meta property=\"og:description\" content=\"Not\u00edcias sobre protec\u00e7\u00e3o contra raios, not\u00edcias sobre produtos, regulamentos existentes, cursos especializados e hist\u00f3rias de sucesso.\" \/>\n<meta property=\"og:url\" content=\"https:\/\/at3w.com\/pt-pt\/noticias\/\" \/>\n<meta property=\"og:site_name\" content=\"Aplicaciones Tecnol\u00f3gicas\" \/>\n<meta property=\"article:publisher\" content=\"https:\/\/www.facebook.com\/APLICACIONES.TECNOLOGICAS\/\" \/>\n<meta property=\"article:modified_time\" content=\"2024-10-08T10:35:30+00:00\" \/>\n<meta property=\"og:image\" content=\"https:\/\/at3w.com\/wp-content\/uploads\/NEWS-APLICACIONES-TECNOLOGICAS-EARTHING-LIGHTNING.jpg\" \/>\n\t<meta property=\"og:image:width\" content=\"2000\" \/>\n\t<meta property=\"og:image:height\" content=\"707\" \/>\n\t<meta property=\"og:image:type\" content=\"image\/jpeg\" \/>\n<meta name=\"twitter:card\" content=\"summary_large_image\" \/>\n<meta name=\"twitter:label1\" content=\"Tempo estimado de leitura\" \/>\n\t<meta name=\"twitter:data1\" content=\"1 minuto\" \/>\n<script type=\"application\/ld+json\" class=\"yoast-schema-graph\">{\"@context\":\"https:\/\/schema.org\",\"@graph\":[{\"@type\":\"WebPage\",\"@id\":\"https:\/\/at3w.com\/pt-pt\/noticias\/\",\"url\":\"https:\/\/at3w.com\/pt-pt\/noticias\/\",\"name\":\"Not\u00edcias - Aplicaciones Tecnol\u00f3gicas\",\"isPartOf\":{\"@id\":\"https:\/\/at3w.com\/pt-pt\/#website\"},\"primaryImageOfPage\":{\"@id\":\"https:\/\/at3w.com\/pt-pt\/noticias\/#primaryimage\"},\"image\":{\"@id\":\"https:\/\/at3w.com\/pt-pt\/noticias\/#primaryimage\"},\"thumbnailUrl\":\"https:\/\/at3w.com\/wp-content\/uploads\/NEWS-APLICACIONES-TECNOLOGICAS-EARTHING-LIGHTNING.jpg\",\"datePublished\":\"2018-10-11T13:12:03+00:00\",\"dateModified\":\"2024-10-08T10:35:30+00:00\",\"description\":\"Not\u00edcias sobre protec\u00e7\u00e3o contra raios, not\u00edcias sobre produtos, regulamentos existentes, cursos especializados e hist\u00f3rias de sucesso.\",\"inLanguage\":\"pt-PT\",\"potentialAction\":[{\"@type\":\"ReadAction\",\"target\":[\"https:\/\/at3w.com\/pt-pt\/noticias\/\"]}]},{\"@type\":\"ImageObject\",\"inLanguage\":\"pt-PT\",\"@id\":\"https:\/\/at3w.com\/pt-pt\/noticias\/#primaryimage\",\"url\":\"https:\/\/at3w.com\/wp-content\/uploads\/NEWS-APLICACIONES-TECNOLOGICAS-EARTHING-LIGHTNING.jpg\",\"contentUrl\":\"https:\/\/at3w.com\/wp-content\/uploads\/NEWS-APLICACIONES-TECNOLOGICAS-EARTHING-LIGHTNING.jpg\",\"width\":2000,\"height\":707,\"caption\":\"Noticias, news, Actualit\u00e9s, Not\u00edcias\"},{\"@type\":\"WebSite\",\"@id\":\"https:\/\/at3w.com\/pt-pt\/#website\",\"url\":\"https:\/\/at3w.com\/pt-pt\/\",\"name\":\"Aplicaciones Tecnol\u00f3gicas\",\"description\":\"Smart Earthing tomas de tierra o puesta a tierra, Smart Lightning protecci\u00f3n integral contra el rayo, pararrayos, radar de rayos o detecci\u00f3n de tormentas\",\"publisher\":{\"@id\":\"https:\/\/at3w.com\/pt-pt\/#organization\"},\"potentialAction\":[{\"@type\":\"SearchAction\",\"target\":{\"@type\":\"EntryPoint\",\"urlTemplate\":\"https:\/\/at3w.com\/pt-pt\/?s={search_term_string}\"},\"query-input\":{\"@type\":\"PropertyValueSpecification\",\"valueRequired\":true,\"valueName\":\"search_term_string\"}}],\"inLanguage\":\"pt-PT\"},{\"@type\":\"Organization\",\"@id\":\"https:\/\/at3w.com\/pt-pt\/#organization\",\"name\":\"Aplicaciones Tecnol\u00f3gicas\",\"url\":\"https:\/\/at3w.com\/pt-pt\/\",\"logo\":{\"@type\":\"ImageObject\",\"inLanguage\":\"pt-PT\",\"@id\":\"https:\/\/at3w.com\/pt-pt\/#\/schema\/logo\/image\/\",\"url\":\"https:\/\/at3w.com\/wp-content\/uploads\/2019\/02\/LOGO-HOME-APLICACIONES-TECNOLOGICAS.svg\",\"contentUrl\":\"https:\/\/at3w.com\/wp-content\/uploads\/2019\/02\/LOGO-HOME-APLICACIONES-TECNOLOGICAS.svg\",\"width\":114,\"height\":104,\"caption\":\"Aplicaciones Tecnol\u00f3gicas\"},\"image\":{\"@id\":\"https:\/\/at3w.com\/pt-pt\/#\/schema\/logo\/image\/\"},\"sameAs\":[\"https:\/\/www.facebook.com\/APLICACIONES.TECNOLOGICAS\/\",\"https:\/\/www.linkedin.com\/company\/aplicaciones-tecnologicas\/\"]}]}<\/script>\n<!-- \/ Yoast SEO Premium plugin. -->","yoast_head_json":{"title":"Not\u00edcias - Aplicaciones Tecnol\u00f3gicas","description":"Not\u00edcias sobre protec\u00e7\u00e3o contra raios, not\u00edcias sobre produtos, regulamentos existentes, cursos especializados e hist\u00f3rias de sucesso.","robots":{"index":"index","follow":"follow","max-snippet":"max-snippet:-1","max-image-preview":"max-image-preview:large","max-video-preview":"max-video-preview:-1"},"canonical":"https:\/\/at3w.com\/pt-pt\/noticias\/","og_locale":"pt_PT","og_type":"article","og_title":"Not\u00edcias - Aplicaciones Tecnol\u00f3gicas","og_description":"Not\u00edcias sobre protec\u00e7\u00e3o contra raios, not\u00edcias sobre produtos, regulamentos existentes, cursos especializados e hist\u00f3rias de sucesso.","og_url":"https:\/\/at3w.com\/pt-pt\/noticias\/","og_site_name":"Aplicaciones Tecnol\u00f3gicas","article_publisher":"https:\/\/www.facebook.com\/APLICACIONES.TECNOLOGICAS\/","article_modified_time":"2024-10-08T10:35:30+00:00","og_image":[{"width":2000,"height":707,"url":"https:\/\/at3w.com\/wp-content\/uploads\/NEWS-APLICACIONES-TECNOLOGICAS-EARTHING-LIGHTNING.jpg","type":"image\/jpeg"}],"twitter_card":"summary_large_image","twitter_misc":{"Tempo estimado de leitura":"1 minuto"},"schema":{"@context":"https:\/\/schema.org","@graph":[{"@type":"WebPage","@id":"https:\/\/at3w.com\/pt-pt\/noticias\/","url":"https:\/\/at3w.com\/pt-pt\/noticias\/","name":"Not\u00edcias - Aplicaciones Tecnol\u00f3gicas","isPartOf":{"@id":"https:\/\/at3w.com\/pt-pt\/#website"},"primaryImageOfPage":{"@id":"https:\/\/at3w.com\/pt-pt\/noticias\/#primaryimage"},"image":{"@id":"https:\/\/at3w.com\/pt-pt\/noticias\/#primaryimage"},"thumbnailUrl":"https:\/\/at3w.com\/wp-content\/uploads\/NEWS-APLICACIONES-TECNOLOGICAS-EARTHING-LIGHTNING.jpg","datePublished":"2018-10-11T13:12:03+00:00","dateModified":"2024-10-08T10:35:30+00:00","description":"Not\u00edcias sobre protec\u00e7\u00e3o contra raios, not\u00edcias sobre produtos, regulamentos existentes, cursos especializados e hist\u00f3rias de sucesso.","inLanguage":"pt-PT","potentialAction":[{"@type":"ReadAction","target":["https:\/\/at3w.com\/pt-pt\/noticias\/"]}]},{"@type":"ImageObject","inLanguage":"pt-PT","@id":"https:\/\/at3w.com\/pt-pt\/noticias\/#primaryimage","url":"https:\/\/at3w.com\/wp-content\/uploads\/NEWS-APLICACIONES-TECNOLOGICAS-EARTHING-LIGHTNING.jpg","contentUrl":"https:\/\/at3w.com\/wp-content\/uploads\/NEWS-APLICACIONES-TECNOLOGICAS-EARTHING-LIGHTNING.jpg","width":2000,"height":707,"caption":"Noticias, news, Actualit\u00e9s, Not\u00edcias"},{"@type":"WebSite","@id":"https:\/\/at3w.com\/pt-pt\/#website","url":"https:\/\/at3w.com\/pt-pt\/","name":"Aplicaciones Tecnol\u00f3gicas","description":"Smart Earthing tomas de tierra o puesta a tierra, Smart Lightning protecci\u00f3n integral contra el rayo, pararrayos, radar de rayos o detecci\u00f3n de tormentas","publisher":{"@id":"https:\/\/at3w.com\/pt-pt\/#organization"},"potentialAction":[{"@type":"SearchAction","target":{"@type":"EntryPoint","urlTemplate":"https:\/\/at3w.com\/pt-pt\/?s={search_term_string}"},"query-input":{"@type":"PropertyValueSpecification","valueRequired":true,"valueName":"search_term_string"}}],"inLanguage":"pt-PT"},{"@type":"Organization","@id":"https:\/\/at3w.com\/pt-pt\/#organization","name":"Aplicaciones Tecnol\u00f3gicas","url":"https:\/\/at3w.com\/pt-pt\/","logo":{"@type":"ImageObject","inLanguage":"pt-PT","@id":"https:\/\/at3w.com\/pt-pt\/#\/schema\/logo\/image\/","url":"https:\/\/at3w.com\/wp-content\/uploads\/2019\/02\/LOGO-HOME-APLICACIONES-TECNOLOGICAS.svg","contentUrl":"https:\/\/at3w.com\/wp-content\/uploads\/2019\/02\/LOGO-HOME-APLICACIONES-TECNOLOGICAS.svg","width":114,"height":104,"caption":"Aplicaciones Tecnol\u00f3gicas"},"image":{"@id":"https:\/\/at3w.com\/pt-pt\/#\/schema\/logo\/image\/"},"sameAs":["https:\/\/www.facebook.com\/APLICACIONES.TECNOLOGICAS\/","https:\/\/www.linkedin.com\/company\/aplicaciones-tecnologicas\/"]}]}},"_links":{"self":[{"href":"https:\/\/at3w.com\/pt-pt\/wp-json\/wp\/v2\/pages\/53166","targetHints":{"allow":["GET"]}}],"collection":[{"href":"https:\/\/at3w.com\/pt-pt\/wp-json\/wp\/v2\/pages"}],"about":[{"href":"https:\/\/at3w.com\/pt-pt\/wp-json\/wp\/v2\/types\/page"}],"author":[{"embeddable":true,"href":"https:\/\/at3w.com\/pt-pt\/wp-json\/wp\/v2\/users\/2"}],"replies":[{"embeddable":true,"href":"https:\/\/at3w.com\/pt-pt\/wp-json\/wp\/v2\/comments?post=53166"}],"version-history":[{"count":5,"href":"https:\/\/at3w.com\/pt-pt\/wp-json\/wp\/v2\/pages\/53166\/revisions"}],"predecessor-version":[{"id":62294,"href":"https:\/\/at3w.com\/pt-pt\/wp-json\/wp\/v2\/pages\/53166\/revisions\/62294"}],"wp:featuredmedia":[{"embeddable":true,"href":"https:\/\/at3w.com\/pt-pt\/wp-json\/wp\/v2\/media\/37675"}],"wp:attachment":[{"href":"https:\/\/at3w.com\/pt-pt\/wp-json\/wp\/v2\/media?parent=53166"}],"curies":[{"name":"wp","href":"https:\/\/api.w.org\/{rel}","templated":true}]}}